{"id":5008,"date":"2020-09-14T09:35:49","date_gmt":"2020-09-14T07:35:49","guid":{"rendered":"https:\/\/www.grafitgradev.se\/no\/?page_id=5008"},"modified":"2020-10-23T10:03:36","modified_gmt":"2020-10-23T08:03:36","slug":"om-oss","status":"publish","type":"page","link":"https:\/\/www.grafitgradev.se\/no\/om-oss\/","title":{"rendered":"Om oss"},"content":{"rendered":"<h2><strong>En opplevelse p\u00e5 inn- og utsiden<\/strong><\/h2>\n<p>Grafitgr\u00e5 er et opplevelsessted i Kaxholmen i Sverige. Vi har en innredningsbutikk, en kaf\u00e9 og en motebutikk i samme bygning. V\u00e5r visjon er \u00e5 v\u00e6re en opplevelse for b\u00e5de innsiden og utsiden. Vi vil formidle en ekte opplevelse som n\u00e5r ned i dypet av v\u00e5rt indre. \u00c5 skape det vakre som fanger b\u00e5de \u00f8yet og hjertet p\u00e5 innsiden og utsiden. Noe man kan v\u00e6re omgitt av i hjemmets b\u00e5de innside og utside. Vi tror p\u00e5 det personlige m\u00f8tet mellom mennesker og relasjonen med Gud. Vi vil m\u00f8te alle mennesker med kj\u00e6rlighet og omtanke og v\u00e6re vare p\u00e5 hverandres behov. Vi vil v\u00e6re ekte og ydmykt m\u00f8te hverandre med sannhet og respekt. Vi blir drevet fremover sammen som en enhet, og vil utvikles til v\u00e5rt fulle potensial samtidig som vi oppfordrer andre til det samme. Vi vil v\u00e6re positive og tro p\u00e5 at alt er mulig.<\/p>\n<p>Grafitgr\u00e5 \u00e5pnet d\u00f8rene i 2012 i den gamle smien. V\u00e5ren 2019 ble det store tilbygget, med orangeri, st\u00f8peri, kontor og lager, og i begynnelsen av 2020 vant vi J\u00f6nk\u00f6pings Stora Stadsbyggnadspris. De fleste av v\u00e5re produkter i innredningsbutikken er designet av v\u00e5r grunnlegger Elin Ginal og hennes venn Evelina Rudenstam.<\/p>\n<p>Med Grafitgr\u00e5 \u00f8nsker vi \u00e5 v\u00e6re med p\u00e5 \u00e5 gj\u00f8re verden til et bedre sted. Derfor st\u00f8tter vi ulike prosjekter som hjelper andre, f\u00f8rst og fremst kvinner i ulike aldre, i ulike deler av verden. V\u00e5r serie med ullprodukter er h\u00e5ndlaget av kvinner i Nepal \u2013 kvinner som ellers trolig hadde endt opp som prostituerte. N\u00e5r du kj\u00f8per disse produktene, er du med p\u00e5 \u00e5 gi rettferdige arbeidsforhold til akkurat disse kvinnene i Nepal. Samarbeidet startet i liten skala, men har vokst og blitt en stor del av Grafitgr\u00e5. Vi er s\u00e5 glade for at vi kan v\u00e6re med og gj\u00f8re en forskjell i menneskers liv. Vi st\u00f8tter ogs\u00e5 Erikshj\u00e4lpens arbeid i Karamoja for \u00e5 styrke jenters rettigheter til \u00e5 fullf\u00f8re utdanningen sin uten \u00e5 bli giftet bort.<\/p>\n<p>Vi tror ogs\u00e5 p\u00e5 \u00e5 arbeide lokalt, derfor st\u00f8per vi betongen til v\u00e5re m\u00f8bler selv, i v\u00e5rt helt eget st\u00f8peri. Understellene blir laget av en lokal smed, s\u00e5 vi kan stolt si at alle v\u00e5re m\u00f8bler er fullstendig laget i Sverige.<\/p>\n<p>[embedyt] https:\/\/www.youtube.com\/watch?v=6nytpvYhXrk[\/embedyt]<\/p>\n<h2><\/h2>\n<h2><strong>V\u00e5rt hjerteslag <\/strong><\/h2>\n<p>Grafitgr\u00e5 startet i det sm\u00e5. Alt startet med en inspirasjonsblogg i 2011. Skisseblokken hadde ligget i ro noen \u00e5r, men fikk mer og mer plass og pennen begynte \u00e5 gl\u00f8de mer enn f\u00f8r. Med dette ble de f\u00f8rste produktene f\u00f8dt, og dermed starten til varemerket. I 2012 \u00e5pnet vi en inspirasjonsbutikk i den gamle smien. Familien har vokst, akkurat som Grafitgr\u00e5. I takt med livet vil jeg skape en f\u00f8lelse rundt et varemerke som skal f\u00e5 leve lenge, med oss, gjennom alle livets dager. Med en tanke bak hvert produkt \u00f8nsker jeg \u00e5 formidle det lille ekstra, av ettertanke og oppmuntring. Med Grafitgr\u00e5 vil jeg ber\u00f8re dypt, s\u00e5 noe f\u00e5r begynne \u00e5 gro i deg.<\/p>\n<p>Naturen er rommet der jeg puster, henter meg inn igjen og ser fremover. Det blir det p\u00e5 et vis enklere \u00e5 se fremover, \u00e5 l\u00f8fte blikket over viddene, hver dag. Med Grafitgr\u00e5 vil jeg, med den f\u00f8lelsen i kroppen, skape detaljer som glimter til i hverdagen og som lar \u00f8ye nytes. Takk for at du vil v\u00e6re omgitt av v\u00e5re produkter!<\/p>\n<p>&#8211; Elin Ginal, grunnlegger av Grafitgr\u00e5<\/p>\n<p><img loading=\"lazy\" class=\"aligncenter wp-image-15019 size-full\" src=\"https:\/\/www.grafitgra.se\/wp-content\/uploads\/2020\/04\/IMG_6025-Redigera.jpg\" alt=\"\" width=\"2500\" height=\"880\" \/><\/p>\n<h2>Historien<\/h2>\n<div class=\"page\" title=\"Page 1\">\n<div class=\"section\">\n<div class=\"layoutArea\">\n<div class=\"column\">\n<p>Dr\u00f8mmen har bodd i meg i mange \u00e5r, \u00e5 skape en plass der mennesker kan komme for \u00e5 bli inspirert og bare v\u00e6re en stund. En plass som sprer en ro og gir en opplevelse som lever videre. En plass for m\u00f8ter med andre. Her ville jeg ogs\u00e5 gi plass til skapelsen, som er en del av meg. \u00c5 forme vakre ting, inspirert av den naturlige gr\u00e5skalaen. Vakre ting du og jeg er omgitt av i hverdagen, som f\u00e5r bety noe mer. Men jeg trodde ikke da at plassen til dette hadde eksistert rett framfor meg i s\u00e5 lang tid. S\u00e5 godt forberedt, p\u00e5 en m\u00e5te \u2026<\/p>\n<p>Jeg husker at det var en kveld p\u00e5 begynnelsen av h\u00f8sten. M\u00f8rket spredte seg over bygden og regnet sildret ned langs vindusrutene i huset v\u00e5rt. Vinden tok tak i tr\u00e6rne og b\u00f8lgene slo p\u00e5 sj\u00f8en, jeg kjente en lyst til \u00e5 begi meg ut. Barna hadde sovnet og jeg sa til mannen min at jeg skulle g\u00e5 en tur. Jeg tok p\u00e5 meg regnjakken og gikk ut. Som s\u00e5 mange ganger f\u00f8r, tok turen meg forbi den gamle, forlatte smien. Akkurat den kvelden var det som om noe tok tak i meg. Jeg stoppet opp. Regnet smatret p\u00e5 luen min og jeg kunne kjenne frysningen g\u00e5 gjennom kroppen min. Det var som om jeg s\u00e5 alt med nye \u00f8yne. Den gamle smien, som knapt var synlig der blant det h\u00f8ye gresset og sj\u00f8en rett ved siden av. Jeg kunne se for mitt indre hvordan mennesker fikk komme hit og oppleve noe. B\u00e6re med seg noe n\u00e5r de gikk derfra. Det var som om noen hvisket til meg, \u00abDet er her\u00bb. Den kvelden, i det \u00f8yeblikket, inns\u00e5 jeg at det var her dr\u00f8mmen min skulle f\u00e5 vokse seg levende og sann.<\/p>\n<p>En septemberkveld som denne, ett \u00e5r senere, ble alt virkelighet. Jeg \u00e5pner for f\u00f8rste gang d\u00f8ren til Grafitgr\u00e5 Industri. Ja, jeg kl\u00f8p meg i armen flere ganger den kvelden. Ber\u00f8rt av alle vennene og menneskene som hadde lett seg frem dit. I mer enn to timer stor jeg og sa, \u00abHei og hjertelig velkommen hit!\u00bb til alle som kom str\u00f8mmende over terskelen. Uvirkelig. Herlig. Fantastisk. Alt p\u00e5 \u00e9n gang. Midt i alt dette f\u00f8lte jeg stor takknemlighet, og den samme takknemligheten lever like sterkt i meg i dag, for at jeg f\u00e5r leve ut dr\u00f8mmen min. Tenk at dr\u00f8mmen min f\u00e5r inspirere andre til \u00e5 f\u00f8lge den dr\u00f8mmen som knaker inni dem. Mest takknemlig er jeg for den stemmen som s\u00e5 mange ganger har hvisket og oppmuntret meg til \u00e5 v\u00e5ge \u00e5 satse, til \u00e5 holde fast i dr\u00f8mmen. Stemmen inni meg, som jeg tror er Gud.<\/p>\n<p>Grafitgr\u00e5, en historie som ble skrevet lenge f\u00f8r jeg visste noe, en historie som har skrevet sitt f\u00f8rste kapittel. Tak for at du er en del av min dr\u00f8m, og for at du er med p\u00e5 \u00e5 gj\u00f8re den mulig!<\/p>\n<p>&#8211; Elin Ginal, grunnlegger av Grafitgr\u00e5<\/p>\n<p><img loading=\"lazy\" class=\"aligncenter wp-image-15016 size-full\" src=\"https:\/\/www.grafitgra.se\/wp-content\/uploads\/2020\/04\/Grafitgra_historia.jpg\" alt=\"\" width=\"1500\" height=\"353\" \/><\/p>\n<\/div>\n<\/div>\n<\/div>\n<\/div>\n","protected":false},"excerpt":{"rendered":"<p>En opplevelse p\u00e5 inn- og utsiden Grafitgr\u00e5 er et opplevelsessted i Kaxholmen i Sverige. Vi har en innredningsbutikk, en kaf\u00e9 og en motebutikk i samme bygning. V\u00e5r visjon er \u00e5 v\u00e6re en opplevelse for b\u00e5de innsiden og utsiden. Vi vil formidle en ekte opplevelse som n\u00e5r ned i dypet av v\u00e5rt indre. \u00c5 skape det [&hellip;]<\/p>\n","protected":false},"author":4,"featured_media":0,"parent":0,"menu_order":0,"comment_status":"closed","ping_status":"closed","template":"","meta":[],"yoast_head":"<!-- This site is optimized with the Yoast SEO plugin v15.2.1 - https:\/\/yoast.com\/wordpress\/plugins\/seo\/ -->\n<title>Om oss - Grafitgr\u00e5 - Norge<\/title>\n<meta name=\"robots\" content=\"index, follow, max-snippet:-1, max-image-preview:large, max-video-preview:-1\" \/>\n<link rel=\"canonical\" href=\"https:\/\/www.grafitgradev.se\/no\/om-oss\/\" \/>\n<meta property=\"og:locale\" content=\"nb_NO\" \/>\n<meta property=\"og:type\" content=\"article\" \/>\n<meta property=\"og:title\" content=\"Om oss - Grafitgr\u00e5 - Norge\" \/>\n<meta property=\"og:description\" content=\"En opplevelse p\u00e5 inn- og utsiden Grafitgr\u00e5 er et opplevelsessted i Kaxholmen i Sverige. Vi har en innredningsbutikk, en kaf\u00e9 og en motebutikk i samme bygning. V\u00e5r visjon er \u00e5 v\u00e6re en opplevelse for b\u00e5de innsiden og utsiden. Vi vil formidle en ekte opplevelse som n\u00e5r ned i dypet av v\u00e5rt indre. \u00c5 skape det [&hellip;]\" \/>\n<meta property=\"og:url\" content=\"https:\/\/www.grafitgradev.se\/no\/om-oss\/\" \/>\n<meta property=\"og:site_name\" content=\"Grafitgr\u00e5 - Norge\" \/>\n<meta property=\"article:modified_time\" content=\"2020-10-23T08:03:36+00:00\" \/>\n<meta property=\"og:image\" content=\"https:\/\/www.grafitgra.se\/wp-content\/uploads\/2020\/04\/IMG_6025-Redigera.jpg\" \/>\n<meta name=\"twitter:card\" content=\"summary_large_image\" \/>\n<meta name=\"twitter:label1\" content=\"Skrevet av\">\n\t<meta name=\"twitter:data1\" content=\"Trafikbyr\u00e5n\">\n\t<meta name=\"twitter:label2\" content=\"Ansl. lesetid\">\n\t<meta name=\"twitter:data2\" content=\"4 minutter\">\n<script type=\"application\/ld+json\" class=\"yoast-schema-graph\">{\"@context\":\"https:\/\/schema.org\",\"@graph\":[{\"@type\":\"WebSite\",\"@id\":\"https:\/\/www.grafitgradev.se\/no\/#website\",\"url\":\"https:\/\/www.grafitgradev.se\/no\/\",\"name\":\"Grafitgr\\u00e5 - Norge\",\"description\":\"Grafitgr\\u00e5 Norway\",\"potentialAction\":[{\"@type\":\"SearchAction\",\"target\":\"https:\/\/www.grafitgradev.se\/no\/?s={search_term_string}\",\"query-input\":\"required name=search_term_string\"}],\"inLanguage\":\"nb-NO\"},{\"@type\":\"ImageObject\",\"@id\":\"https:\/\/www.grafitgradev.se\/no\/om-oss\/#primaryimage\",\"inLanguage\":\"nb-NO\",\"url\":\"https:\/\/www.grafitgra.se\/wp-content\/uploads\/2020\/04\/IMG_6025-Redigera.jpg\"},{\"@type\":\"WebPage\",\"@id\":\"https:\/\/www.grafitgradev.se\/no\/om-oss\/#webpage\",\"url\":\"https:\/\/www.grafitgradev.se\/no\/om-oss\/\",\"name\":\"Om oss - Grafitgr\\u00e5 - Norge\",\"isPartOf\":{\"@id\":\"https:\/\/www.grafitgradev.se\/no\/#website\"},\"primaryImageOfPage\":{\"@id\":\"https:\/\/www.grafitgradev.se\/no\/om-oss\/#primaryimage\"},\"datePublished\":\"2020-09-14T07:35:49+00:00\",\"dateModified\":\"2020-10-23T08:03:36+00:00\",\"inLanguage\":\"nb-NO\",\"potentialAction\":[{\"@type\":\"ReadAction\",\"target\":[\"https:\/\/www.grafitgradev.se\/no\/om-oss\/\"]}]}]}<\/script>\n<!-- \/ Yoast SEO plugin. -->","_links":{"self":[{"href":"https:\/\/www.grafitgradev.se\/no\/wp-json\/wp\/v2\/pages\/5008"}],"collection":[{"href":"https:\/\/www.grafitgradev.se\/no\/wp-json\/wp\/v2\/pages"}],"about":[{"href":"https:\/\/www.grafitgradev.se\/no\/wp-json\/wp\/v2\/types\/page"}],"author":[{"embeddable":true,"href":"https:\/\/www.grafitgradev.se\/no\/wp-json\/wp\/v2\/users\/4"}],"replies":[{"embeddable":true,"href":"https:\/\/www.grafitgradev.se\/no\/wp-json\/wp\/v2\/comments?post=5008"}],"version-history":[{"count":7,"href":"https:\/\/www.grafitgradev.se\/no\/wp-json\/wp\/v2\/pages\/5008\/revisions"}],"predecessor-version":[{"id":5370,"href":"https:\/\/www.grafitgradev.se\/no\/wp-json\/wp\/v2\/pages\/5008\/revisions\/5370"}],"wp:attachment":[{"href":"https:\/\/www.grafitgradev.se\/no\/wp-json\/wp\/v2\/media?parent=5008"}],"curies":[{"name":"wp","href":"https:\/\/api.w.org\/{rel}","templated":true}]}}