{"id":5010,"date":"2020-09-14T09:36:00","date_gmt":"2020-09-14T07:36:00","guid":{"rendered":"https:\/\/www.grafitgradev.se\/no\/?page_id=5010"},"modified":"2020-10-13T09:35:48","modified_gmt":"2020-10-13T07:35:48","slug":"aterforsaljare","status":"publish","type":"page","link":"https:\/\/www.grafitgradev.se\/no\/aterforsaljare\/","title":{"rendered":"Forhandlere"},"content":{"rendered":"<h2>V\u00e5re forhandlere<\/h2>\n<p>Savner du din favorittbutikk p\u00e5 listen, eller har du selv en butikk og \u00f8nsker \u00e5 bli forhandler for oss? La oss h\u00f8re fra deg p\u00e5 <strong><a href=\"mailto:marknad@grafitgra.se\">marknad@grafitgra.se.<\/a><\/strong><\/p>\n<p><strong>Klikk her for \u00e5 se GRAFITGR\u00c5s forhandlere p\u00e5 et kart.<\/strong><\/p>\n<h4><strong>Norge<\/strong><\/h4>\n<p><strong>3piker<\/strong> &#8211; Stord<\/p>\n<h4><strong>Sverige<\/strong><\/h4>\n<p><strong>Bellas blommor <\/strong>&#8211; Sk\u00f6vde<strong><br \/>\n<\/strong><strong>Blackballoon <\/strong>&#8211; Dalar\u00f6<br \/>\n<strong>Blomstertr\u00e4dg\u00e5rden <\/strong>&#8211; Sexdrega<br \/>\n<strong>Bror Pherssons m\u00f6bler<\/strong> &#8211; V\u00e4xj\u00f6<br \/>\n<strong>Brique Design <\/strong>&#8211; Tollered<strong><br \/>\nCentralbageriet<\/strong>&#8211; Huskvarna<strong><br \/>\nDesign House Stockholm <\/strong>&#8211; J\u00f6nk\u00f6ping<br \/>\n<strong>Gardenstore<\/strong> &#8211; Gustavsberg<br \/>\n<strong>Green Flowers and pots <\/strong>&#8211;\u00a0Vara<br \/>\n<strong>HemX <\/strong>&#8211; Vetlanda<strong><br \/>\nHos Greta <\/strong>&#8211;\u00a0N\u00e4ssj\u00f6<br \/>\n<strong>Ik Form <\/strong>&#8211; V\u00e4rnamo<br \/>\n<strong>InredaK\u00f6ping <\/strong>&#8211; K\u00f6ping<br \/>\n<strong>Inred med W\u00e4rme<\/strong> &#8211; V\u00e4rnamo<strong><br \/>\nKila M\u00f6bler <\/strong>&#8211; \u00c5lberga<strong><br \/>\nLIVinSweden Design <\/strong>&#8211; H\u00f6gan\u00e4s<strong><br \/>\nMagasin 22<\/strong>&#8211;\u00a0S\u00e4vsj\u00f6<strong><br \/>\nMagasin L <\/strong>&#8211;\u00a0Habo<br \/>\n<strong>Mynta <\/strong>&#8211; Lidk\u00f6ping<br \/>\n<strong>PJ Inredning &amp; Design <\/strong>&#8211; Dyltabruk<strong><br \/>\nRoom99 <\/strong>&#8211;\u00a0Motala<br \/>\n<strong>Svetrend <\/strong>-Knivsta<br \/>\n<strong>S\u00f6dra Blomsterhandeln <\/strong>&#8211; Falk\u00f6ping<strong><br \/>\n<\/strong><strong>Trendsisters<\/strong> &#8211; Ljungskile<\/p>\n","protected":false},"excerpt":{"rendered":"<p>V\u00e5re forhandlere Savner du din favorittbutikk p\u00e5 listen, eller har du selv en butikk og \u00f8nsker \u00e5 bli forhandler for oss? La oss h\u00f8re fra deg p\u00e5 marknad@grafitgra.se. Klikk her for \u00e5 se GRAFITGR\u00c5s forhandlere p\u00e5 et kart. Norge 3piker &#8211; Stord Sverige Bellas blommor &#8211; Sk\u00f6vde Blackballoon &#8211; Dalar\u00f6 Blomstertr\u00e4dg\u00e5rden &#8211; Sexdrega Bror Pherssons [&hellip;]<\/p>\n","protected":false},"author":4,"featured_media":4208,"parent":0,"menu_order":0,"comment_status":"closed","ping_status":"closed","template":"","meta":[],"yoast_head":"<!-- This site is optimized with the Yoast SEO plugin v15.2.1 - https:\/\/yoast.com\/wordpress\/plugins\/seo\/ -->\n<title>Forhandlere - Grafitgr\u00e5 - Norge<\/title>\n<meta name=\"robots\" content=\"index, follow, max-snippet:-1, max-image-preview:large, max-video-preview:-1\" \/>\n<link rel=\"canonical\" href=\"https:\/\/www.grafitgradev.se\/no\/aterforsaljare\/\" \/>\n<meta property=\"og:locale\" content=\"nb_NO\" \/>\n<meta property=\"og:type\" content=\"article\" \/>\n<meta property=\"og:title\" content=\"Forhandlere - Grafitgr\u00e5 - Norge\" \/>\n<meta property=\"og:description\" content=\"V\u00e5re forhandlere Savner du din favorittbutikk p\u00e5 listen, eller har du selv en butikk og \u00f8nsker \u00e5 bli forhandler for oss? La oss h\u00f8re fra deg p\u00e5 marknad@grafitgra.se. Klikk her for \u00e5 se GRAFITGR\u00c5s forhandlere p\u00e5 et kart. Norge 3piker &#8211; Stord Sverige Bellas blommor &#8211; Sk\u00f6vde Blackballoon &#8211; Dalar\u00f6 Blomstertr\u00e4dg\u00e5rden &#8211; Sexdrega Bror Pherssons [&hellip;]\" \/>\n<meta property=\"og:url\" content=\"https:\/\/www.grafitgradev.se\/no\/aterforsaljare\/\" \/>\n<meta property=\"og:site_name\" content=\"Grafitgr\u00e5 - Norge\" \/>\n<meta property=\"article:modified_time\" content=\"2020-10-13T07:35:48+00:00\" \/>\n<meta property=\"og:image\" content=\"https:\/\/www.grafitgradev.se\/no\/wp-content\/uploads\/sites\/5\/2020\/06\/BD4A68812-1.jpg\" \/>\n\t<meta property=\"og:image:width\" content=\"1000\" \/>\n\t<meta property=\"og:image:height\" content=\"1500\" \/>\n<meta name=\"twitter:card\" content=\"summary_large_image\" \/>\n<meta name=\"twitter:label1\" content=\"Skrevet av\">\n\t<meta name=\"twitter:data1\" content=\"Trafikbyr\u00e5n\">\n\t<meta name=\"twitter:label2\" content=\"Ansl. lesetid\">\n\t<meta name=\"twitter:data2\" content=\"1 minutt\">\n<script type=\"application\/ld+json\" class=\"yoast-schema-graph\">{\"@context\":\"https:\/\/schema.org\",\"@graph\":[{\"@type\":\"WebSite\",\"@id\":\"https:\/\/www.grafitgradev.se\/no\/#website\",\"url\":\"https:\/\/www.grafitgradev.se\/no\/\",\"name\":\"Grafitgr\\u00e5 - Norge\",\"description\":\"Grafitgr\\u00e5 Norway\",\"potentialAction\":[{\"@type\":\"SearchAction\",\"target\":\"https:\/\/www.grafitgradev.se\/no\/?s={search_term_string}\",\"query-input\":\"required name=search_term_string\"}],\"inLanguage\":\"nb-NO\"},{\"@type\":\"ImageObject\",\"@id\":\"https:\/\/www.grafitgradev.se\/no\/aterforsaljare\/#primaryimage\",\"inLanguage\":\"nb-NO\",\"url\":\"https:\/\/www.grafitgradev.se\/no\/wp-content\/uploads\/sites\/5\/2020\/06\/BD4A68812-1.jpg\",\"width\":1000,\"height\":1500},{\"@type\":\"WebPage\",\"@id\":\"https:\/\/www.grafitgradev.se\/no\/aterforsaljare\/#webpage\",\"url\":\"https:\/\/www.grafitgradev.se\/no\/aterforsaljare\/\",\"name\":\"Forhandlere - Grafitgr\\u00e5 - Norge\",\"isPartOf\":{\"@id\":\"https:\/\/www.grafitgradev.se\/no\/#website\"},\"primaryImageOfPage\":{\"@id\":\"https:\/\/www.grafitgradev.se\/no\/aterforsaljare\/#primaryimage\"},\"datePublished\":\"2020-09-14T07:36:00+00:00\",\"dateModified\":\"2020-10-13T07:35:48+00:00\",\"inLanguage\":\"nb-NO\",\"potentialAction\":[{\"@type\":\"ReadAction\",\"target\":[\"https:\/\/www.grafitgradev.se\/no\/aterforsaljare\/\"]}]}]}<\/script>\n<!-- \/ Yoast SEO plugin. -->","_links":{"self":[{"href":"https:\/\/www.grafitgradev.se\/no\/wp-json\/wp\/v2\/pages\/5010"}],"collection":[{"href":"https:\/\/www.grafitgradev.se\/no\/wp-json\/wp\/v2\/pages"}],"about":[{"href":"https:\/\/www.grafitgradev.se\/no\/wp-json\/wp\/v2\/types\/page"}],"author":[{"embeddable":true,"href":"https:\/\/www.grafitgradev.se\/no\/wp-json\/wp\/v2\/users\/4"}],"replies":[{"embeddable":true,"href":"https:\/\/www.grafitgradev.se\/no\/wp-json\/wp\/v2\/comments?post=5010"}],"version-history":[{"count":7,"href":"https:\/\/www.grafitgradev.se\/no\/wp-json\/wp\/v2\/pages\/5010\/revisions"}],"predecessor-version":[{"id":5312,"href":"https:\/\/www.grafitgradev.se\/no\/wp-json\/wp\/v2\/pages\/5010\/revisions\/5312"}],"wp:featuredmedia":[{"embeddable":true,"href":"https:\/\/www.grafitgradev.se\/no\/wp-json\/wp\/v2\/media\/4208"}],"wp:attachment":[{"href":"https:\/\/www.grafitgradev.se\/no\/wp-json\/wp\/v2\/media?parent=5010"}],"curies":[{"name":"wp","href":"https:\/\/api.w.org\/{rel}","templated":true}]}}