{"id":5231,"date":"2020-09-30T11:44:10","date_gmt":"2020-09-30T09:44:10","guid":{"rendered":"https:\/\/www.grafitgradev.se\/no\/?page_id=5231"},"modified":"2020-09-30T11:50:21","modified_gmt":"2020-09-30T09:50:21","slug":"kontakt","status":"publish","type":"page","link":"https:\/\/www.grafitgradev.se\/no\/om-oss\/kontakt\/","title":{"rendered":"Kontakt"},"content":{"rendered":"<h2>Kontakta oss<\/h2>\n<h3>E-post<\/h3>\n<p>Bestillinger &amp; klage: order@grafitgra.se<br \/>\nMarkedsf\u00f8ring &amp; forhandler: marknad@grafitgra.se<br \/>\n\u00d8konomi: ekonomi@grafitgra.se<br \/>\nMote butikk: mode@grafitgra.se<br \/>\nAndre sp\u00f8rsm\u00e5l: info@grafitgra.se<\/p>\n<h3>Bes\u00f8ksadresse<\/h3>\n<p>Grafitgr\u00e5<br \/>\nVistakullev\u00e4gen 1<br \/>\n561 46 Huskvarna<br \/>\nSvenska<\/p>\n<h3>Butikkens \u00e5pningstider<\/h3>\n<p>Hverdager 10-18<br \/>\nL\u00f8rdager 10-16<\/p>\n","protected":false},"excerpt":{"rendered":"<p>Kontakta oss E-post Bestillinger &amp; klage: order@grafitgra.se Markedsf\u00f8ring &amp; forhandler: marknad@grafitgra.se \u00d8konomi: ekonomi@grafitgra.se Mote butikk: mode@grafitgra.se Andre sp\u00f8rsm\u00e5l: info@grafitgra.se Bes\u00f8ksadresse Grafitgr\u00e5 Vistakullev\u00e4gen 1 561 46 Huskvarna Svenska Butikkens \u00e5pningstider Hverdager 10-18 L\u00f8rdager 10-16<\/p>\n","protected":false},"author":2,"featured_media":5232,"parent":5008,"menu_order":0,"comment_status":"closed","ping_status":"closed","template":"","meta":[],"yoast_head":"<!-- This site is optimized with the Yoast SEO plugin v15.2.1 - https:\/\/yoast.com\/wordpress\/plugins\/seo\/ -->\n<title>Kontakt - Grafitgr\u00e5 - Norge<\/title>\n<meta name=\"robots\" content=\"index, follow, max-snippet:-1, max-image-preview:large, max-video-preview:-1\" \/>\n<link rel=\"canonical\" href=\"https:\/\/www.grafitgradev.se\/no\/om-oss\/kontakt\/\" \/>\n<meta property=\"og:locale\" content=\"nb_NO\" \/>\n<meta property=\"og:type\" content=\"article\" \/>\n<meta property=\"og:title\" content=\"Kontakt - Grafitgr\u00e5 - Norge\" \/>\n<meta property=\"og:description\" content=\"Kontakta oss E-post Bestillinger &amp; klage: order@grafitgra.se Markedsf\u00f8ring &amp; forhandler: marknad@grafitgra.se \u00d8konomi: ekonomi@grafitgra.se Mote butikk: mode@grafitgra.se Andre sp\u00f8rsm\u00e5l: info@grafitgra.se Bes\u00f8ksadresse Grafitgr\u00e5 Vistakullev\u00e4gen 1 561 46 Huskvarna Svenska Butikkens \u00e5pningstider Hverdager 10-18 L\u00f8rdager 10-16\" \/>\n<meta property=\"og:url\" content=\"https:\/\/www.grafitgradev.se\/no\/om-oss\/kontakt\/\" \/>\n<meta property=\"og:site_name\" content=\"Grafitgr\u00e5 - Norge\" \/>\n<meta property=\"article:modified_time\" content=\"2020-09-30T09:50:21+00:00\" \/>\n<meta property=\"og:image\" content=\"https:\/\/www.grafitgradev.se\/no\/wp-content\/uploads\/sites\/5\/2020\/09\/BD4A9673.jpg\" \/>\n\t<meta property=\"og:image:width\" content=\"1000\" \/>\n\t<meta property=\"og:image:height\" content=\"667\" \/>\n<meta name=\"twitter:card\" content=\"summary_large_image\" \/>\n<meta name=\"twitter:label1\" content=\"Skrevet av\">\n\t<meta name=\"twitter:data1\" content=\"grafitgra\">\n\t<meta name=\"twitter:label2\" content=\"Ansl. lesetid\">\n\t<meta name=\"twitter:data2\" content=\"0 minutter\">\n<script type=\"application\/ld+json\" class=\"yoast-schema-graph\">{\"@context\":\"https:\/\/schema.org\",\"@graph\":[{\"@type\":\"WebSite\",\"@id\":\"https:\/\/www.grafitgradev.se\/no\/#website\",\"url\":\"https:\/\/www.grafitgradev.se\/no\/\",\"name\":\"Grafitgr\\u00e5 - Norge\",\"description\":\"Grafitgr\\u00e5 Norway\",\"potentialAction\":[{\"@type\":\"SearchAction\",\"target\":\"https:\/\/www.grafitgradev.se\/no\/?s={search_term_string}\",\"query-input\":\"required name=search_term_string\"}],\"inLanguage\":\"nb-NO\"},{\"@type\":\"ImageObject\",\"@id\":\"https:\/\/www.grafitgradev.se\/no\/om-oss\/kontakt\/#primaryimage\",\"inLanguage\":\"nb-NO\",\"url\":\"https:\/\/www.grafitgradev.se\/no\/wp-content\/uploads\/sites\/5\/2020\/09\/BD4A9673.jpg\",\"width\":1000,\"height\":667},{\"@type\":\"WebPage\",\"@id\":\"https:\/\/www.grafitgradev.se\/no\/om-oss\/kontakt\/#webpage\",\"url\":\"https:\/\/www.grafitgradev.se\/no\/om-oss\/kontakt\/\",\"name\":\"Kontakt - Grafitgr\\u00e5 - Norge\",\"isPartOf\":{\"@id\":\"https:\/\/www.grafitgradev.se\/no\/#website\"},\"primaryImageOfPage\":{\"@id\":\"https:\/\/www.grafitgradev.se\/no\/om-oss\/kontakt\/#primaryimage\"},\"datePublished\":\"2020-09-30T09:44:10+00:00\",\"dateModified\":\"2020-09-30T09:50:21+00:00\",\"inLanguage\":\"nb-NO\",\"potentialAction\":[{\"@type\":\"ReadAction\",\"target\":[\"https:\/\/www.grafitgradev.se\/no\/om-oss\/kontakt\/\"]}]}]}<\/script>\n<!-- \/ Yoast SEO plugin. -->","_links":{"self":[{"href":"https:\/\/www.grafitgradev.se\/no\/wp-json\/wp\/v2\/pages\/5231"}],"collection":[{"href":"https:\/\/www.grafitgradev.se\/no\/wp-json\/wp\/v2\/pages"}],"about":[{"href":"https:\/\/www.grafitgradev.se\/no\/wp-json\/wp\/v2\/types\/page"}],"author":[{"embeddable":true,"href":"https:\/\/www.grafitgradev.se\/no\/wp-json\/wp\/v2\/users\/2"}],"replies":[{"embeddable":true,"href":"https:\/\/www.grafitgradev.se\/no\/wp-json\/wp\/v2\/comments?post=5231"}],"version-history":[{"count":4,"href":"https:\/\/www.grafitgradev.se\/no\/wp-json\/wp\/v2\/pages\/5231\/revisions"}],"predecessor-version":[{"id":5238,"href":"https:\/\/www.grafitgradev.se\/no\/wp-json\/wp\/v2\/pages\/5231\/revisions\/5238"}],"up":[{"embeddable":true,"href":"https:\/\/www.grafitgradev.se\/no\/wp-json\/wp\/v2\/pages\/5008"}],"wp:featuredmedia":[{"embeddable":true,"href":"https:\/\/www.grafitgradev.se\/no\/wp-json\/wp\/v2\/media\/5232"}],"wp:attachment":[{"href":"https:\/\/www.grafitgradev.se\/no\/wp-json\/wp\/v2\/media?parent=5231"}],"curies":[{"name":"wp","href":"https:\/\/api.w.org\/{rel}","templated":true}]}}