{"id":5327,"date":"2020-10-13T14:10:48","date_gmt":"2020-10-13T12:10:48","guid":{"rendered":"https:\/\/www.grafitgradev.se\/no\/?page_id=5327"},"modified":"2020-10-23T09:07:43","modified_gmt":"2020-10-23T07:07:43","slug":"kundeservice","status":"publish","type":"page","link":"https:\/\/www.grafitgradev.se\/no\/kundeservice\/","title":{"rendered":"Kundeservice"},"content":{"rendered":"<h2>Kundeservice<\/h2>\n<p>Vi vil at du som kunde alltid skal f\u00f8le deg forn\u00f8yd etter at du har handlet hos oss. Klikk deg videre til de ulike kategoriene for \u00e5 finne svar p\u00e5 de sp\u00f8rsm\u00e5lene du m\u00e5tte ha.<\/p>\n<div class=\"wrap main-content\">\n<div class=\"flex-row\">\n<div class=\"the-content\">\n<div class=\"inner\">\n<h4><a href=\"https:\/\/www.grafitgra.se\/kundservice\/mobelinformation\/\">M\u00d8BELINFORMASJON<\/a><\/h4>\n<h4><a href=\"https:\/\/www.grafitgra.se\/kundservice\/villkor\/\">BETALING<\/a><\/h4>\n<h4><a href=\"https:\/\/www.grafitgra.se\/kundservice\/leverans\/\">LEVERING<\/a><\/h4>\n<h4><a href=\"https:\/\/www.grafitgra.se\/kundservice\/personuppgiftspolicy\/\">PERSONOPPLYSNINGSPOLICY<\/a><\/h4>\n<h4><a href=\"https:\/\/www.grafitgra.se\/kundservice\/reklamation\/\">REKLAMASJON &amp; RETUR<\/a><\/h4>\n<h4><a href=\"https:\/\/www.grafitgra.se\/kundservice\/garantier\/\">GARANTI<\/a><\/h4>\n<h4><\/h4>\n<h4><\/h4>\n<h4><\/h4>\n<\/div>\n<\/div>\n<\/div>\n<\/div>\n","protected":false},"excerpt":{"rendered":"<p>Kundeservice Vi vil at du som kunde alltid skal f\u00f8le deg forn\u00f8yd etter at du har handlet hos oss. Klikk deg videre til de ulike kategoriene for \u00e5 finne svar p\u00e5 de sp\u00f8rsm\u00e5lene du m\u00e5tte ha. M\u00d8BELINFORMASJON BETALING LEVERING PERSONOPPLYSNINGSPOLICY REKLAMASJON &amp; RETUR GARANTI<\/p>\n","protected":false},"author":2,"featured_media":0,"parent":0,"menu_order":0,"comment_status":"closed","ping_status":"closed","template":"","meta":[],"yoast_head":"<!-- This site is optimized with the Yoast SEO plugin v15.2.1 - https:\/\/yoast.com\/wordpress\/plugins\/seo\/ -->\n<title>Kundeservice - Grafitgr\u00e5 - Norge<\/title>\n<meta name=\"robots\" content=\"index, follow, max-snippet:-1, max-image-preview:large, max-video-preview:-1\" \/>\n<link rel=\"canonical\" href=\"https:\/\/www.grafitgradev.se\/no\/kundeservice\/\" \/>\n<meta property=\"og:locale\" content=\"nb_NO\" \/>\n<meta property=\"og:type\" content=\"article\" \/>\n<meta property=\"og:title\" content=\"Kundeservice - Grafitgr\u00e5 - Norge\" \/>\n<meta property=\"og:description\" content=\"Kundeservice Vi vil at du som kunde alltid skal f\u00f8le deg forn\u00f8yd etter at du har handlet hos oss. Klikk deg videre til de ulike kategoriene for \u00e5 finne svar p\u00e5 de sp\u00f8rsm\u00e5lene du m\u00e5tte ha. M\u00d8BELINFORMASJON BETALING LEVERING PERSONOPPLYSNINGSPOLICY REKLAMASJON &amp; RETUR GARANTI\" \/>\n<meta property=\"og:url\" content=\"https:\/\/www.grafitgradev.se\/no\/kundeservice\/\" \/>\n<meta property=\"og:site_name\" content=\"Grafitgr\u00e5 - Norge\" \/>\n<meta property=\"article:modified_time\" content=\"2020-10-23T07:07:43+00:00\" \/>\n<meta name=\"twitter:card\" content=\"summary_large_image\" \/>\n<meta name=\"twitter:label1\" content=\"Skrevet av\">\n\t<meta name=\"twitter:data1\" content=\"grafitgra\">\n\t<meta name=\"twitter:label2\" content=\"Ansl. lesetid\">\n\t<meta name=\"twitter:data2\" content=\"0 minutter\">\n<script type=\"application\/ld+json\" class=\"yoast-schema-graph\">{\"@context\":\"https:\/\/schema.org\",\"@graph\":[{\"@type\":\"WebSite\",\"@id\":\"https:\/\/www.grafitgradev.se\/no\/#website\",\"url\":\"https:\/\/www.grafitgradev.se\/no\/\",\"name\":\"Grafitgr\\u00e5 - Norge\",\"description\":\"Grafitgr\\u00e5 Norway\",\"potentialAction\":[{\"@type\":\"SearchAction\",\"target\":\"https:\/\/www.grafitgradev.se\/no\/?s={search_term_string}\",\"query-input\":\"required name=search_term_string\"}],\"inLanguage\":\"nb-NO\"},{\"@type\":\"WebPage\",\"@id\":\"https:\/\/www.grafitgradev.se\/no\/kundeservice\/#webpage\",\"url\":\"https:\/\/www.grafitgradev.se\/no\/kundeservice\/\",\"name\":\"Kundeservice - Grafitgr\\u00e5 - Norge\",\"isPartOf\":{\"@id\":\"https:\/\/www.grafitgradev.se\/no\/#website\"},\"datePublished\":\"2020-10-13T12:10:48+00:00\",\"dateModified\":\"2020-10-23T07:07:43+00:00\",\"inLanguage\":\"nb-NO\",\"potentialAction\":[{\"@type\":\"ReadAction\",\"target\":[\"https:\/\/www.grafitgradev.se\/no\/kundeservice\/\"]}]}]}<\/script>\n<!-- \/ Yoast SEO plugin. -->","_links":{"self":[{"href":"https:\/\/www.grafitgradev.se\/no\/wp-json\/wp\/v2\/pages\/5327"}],"collection":[{"href":"https:\/\/www.grafitgradev.se\/no\/wp-json\/wp\/v2\/pages"}],"about":[{"href":"https:\/\/www.grafitgradev.se\/no\/wp-json\/wp\/v2\/types\/page"}],"author":[{"embeddable":true,"href":"https:\/\/www.grafitgradev.se\/no\/wp-json\/wp\/v2\/users\/2"}],"replies":[{"embeddable":true,"href":"https:\/\/www.grafitgradev.se\/no\/wp-json\/wp\/v2\/comments?post=5327"}],"version-history":[{"count":6,"href":"https:\/\/www.grafitgradev.se\/no\/wp-json\/wp\/v2\/pages\/5327\/revisions"}],"predecessor-version":[{"id":5362,"href":"https:\/\/www.grafitgradev.se\/no\/wp-json\/wp\/v2\/pages\/5327\/revisions\/5362"}],"wp:attachment":[{"href":"https:\/\/www.grafitgradev.se\/no\/wp-json\/wp\/v2\/media?parent=5327"}],"curies":[{"name":"wp","href":"https:\/\/api.w.org\/{rel}","templated":true}]}}