{"id":5329,"date":"2020-10-13T14:11:40","date_gmt":"2020-10-13T12:11:40","guid":{"rendered":"https:\/\/www.grafitgradev.se\/no\/?page_id=5329"},"modified":"2020-10-23T09:12:21","modified_gmt":"2020-10-23T07:12:21","slug":"betalning","status":"publish","type":"page","link":"https:\/\/www.grafitgradev.se\/no\/kundeservice\/betalning\/","title":{"rendered":"Betaling"},"content":{"rendered":"<h2>Betaling<\/h2>\n<p><strong>BETALINGSMETODER PRIVATPERSON<\/strong><\/p>\n<p>Betaling skjer via Klarna, direkte p\u00e5 betalingssiden. F\u00f8lgende alternativ tilbys som betalingsmetoder:<\/p>\n<p>&#8211; Klarna checkout<br \/>\n&#8211; Direktebetaling med nettbank: Handelsbanken, Nordea eller Swedbank<br \/>\n&#8211; Delbetaling via Klarna<br \/>\n&#8211; Faktura via Klarna med 14 dager betalingsfrist<br \/>\n&#8211; \u00a0Kortbetaling med VISA, MasterCard eller American Express<\/p>\n<p><strong>BETALINGSMETODER BEDRIFT<\/strong><\/p>\n<p>For tiden tilbyr vi ingen betalingsalternativer for bedrifter p\u00e5 v\u00e5r nettside. Send i stedet din ordre til oss p\u00e5 mail <a href=\"mailto:order@grafitgra.se\">order@grafitgra.se<\/a> for \u00e5 f\u00e5 faktura.<\/p>\n<h4>Grafitgr\u00e5 ab organisasjonsnummer<\/h4>\n<p>556927-7238<\/p>\n","protected":false},"excerpt":{"rendered":"<p>Betaling BETALINGSMETODER PRIVATPERSON Betaling skjer via Klarna, direkte p\u00e5 betalingssiden. F\u00f8lgende alternativ tilbys som betalingsmetoder: &#8211; Klarna checkout &#8211; Direktebetaling med nettbank: Handelsbanken, Nordea eller Swedbank &#8211; Delbetaling via Klarna &#8211; Faktura via Klarna med 14 dager betalingsfrist &#8211; \u00a0Kortbetaling med VISA, MasterCard eller American Express BETALINGSMETODER BEDRIFT For tiden tilbyr vi ingen betalingsalternativer for [&hellip;]<\/p>\n","protected":false},"author":2,"featured_media":0,"parent":5327,"menu_order":0,"comment_status":"closed","ping_status":"closed","template":"","meta":[],"yoast_head":"<!-- This site is optimized with the Yoast SEO plugin v15.2.1 - https:\/\/yoast.com\/wordpress\/plugins\/seo\/ -->\n<title>Betaling - Grafitgr\u00e5 - Norge<\/title>\n<meta name=\"robots\" content=\"index, follow, max-snippet:-1, max-image-preview:large, max-video-preview:-1\" \/>\n<link rel=\"canonical\" href=\"https:\/\/www.grafitgradev.se\/no\/kundeservice\/betalning\/\" \/>\n<meta property=\"og:locale\" content=\"nb_NO\" \/>\n<meta property=\"og:type\" content=\"article\" \/>\n<meta property=\"og:title\" content=\"Betaling - Grafitgr\u00e5 - Norge\" \/>\n<meta property=\"og:description\" content=\"Betaling BETALINGSMETODER PRIVATPERSON Betaling skjer via Klarna, direkte p\u00e5 betalingssiden. F\u00f8lgende alternativ tilbys som betalingsmetoder: &#8211; Klarna checkout &#8211; Direktebetaling med nettbank: Handelsbanken, Nordea eller Swedbank &#8211; Delbetaling via Klarna &#8211; Faktura via Klarna med 14 dager betalingsfrist &#8211; \u00a0Kortbetaling med VISA, MasterCard eller American Express BETALINGSMETODER BEDRIFT For tiden tilbyr vi ingen betalingsalternativer for [&hellip;]\" \/>\n<meta property=\"og:url\" content=\"https:\/\/www.grafitgradev.se\/no\/kundeservice\/betalning\/\" \/>\n<meta property=\"og:site_name\" content=\"Grafitgr\u00e5 - Norge\" \/>\n<meta property=\"article:modified_time\" content=\"2020-10-23T07:12:21+00:00\" \/>\n<meta name=\"twitter:card\" content=\"summary_large_image\" \/>\n<meta name=\"twitter:label1\" content=\"Skrevet av\">\n\t<meta name=\"twitter:data1\" content=\"grafitgra\">\n\t<meta name=\"twitter:label2\" content=\"Ansl. lesetid\">\n\t<meta name=\"twitter:data2\" content=\"0 minutter\">\n<script type=\"application\/ld+json\" class=\"yoast-schema-graph\">{\"@context\":\"https:\/\/schema.org\",\"@graph\":[{\"@type\":\"WebSite\",\"@id\":\"https:\/\/www.grafitgradev.se\/no\/#website\",\"url\":\"https:\/\/www.grafitgradev.se\/no\/\",\"name\":\"Grafitgr\\u00e5 - Norge\",\"description\":\"Grafitgr\\u00e5 Norway\",\"potentialAction\":[{\"@type\":\"SearchAction\",\"target\":\"https:\/\/www.grafitgradev.se\/no\/?s={search_term_string}\",\"query-input\":\"required name=search_term_string\"}],\"inLanguage\":\"nb-NO\"},{\"@type\":\"WebPage\",\"@id\":\"https:\/\/www.grafitgradev.se\/no\/kundeservice\/betalning\/#webpage\",\"url\":\"https:\/\/www.grafitgradev.se\/no\/kundeservice\/betalning\/\",\"name\":\"Betaling - Grafitgr\\u00e5 - Norge\",\"isPartOf\":{\"@id\":\"https:\/\/www.grafitgradev.se\/no\/#website\"},\"datePublished\":\"2020-10-13T12:11:40+00:00\",\"dateModified\":\"2020-10-23T07:12:21+00:00\",\"inLanguage\":\"nb-NO\",\"potentialAction\":[{\"@type\":\"ReadAction\",\"target\":[\"https:\/\/www.grafitgradev.se\/no\/kundeservice\/betalning\/\"]}]}]}<\/script>\n<!-- \/ Yoast SEO plugin. -->","_links":{"self":[{"href":"https:\/\/www.grafitgradev.se\/no\/wp-json\/wp\/v2\/pages\/5329"}],"collection":[{"href":"https:\/\/www.grafitgradev.se\/no\/wp-json\/wp\/v2\/pages"}],"about":[{"href":"https:\/\/www.grafitgradev.se\/no\/wp-json\/wp\/v2\/types\/page"}],"author":[{"embeddable":true,"href":"https:\/\/www.grafitgradev.se\/no\/wp-json\/wp\/v2\/users\/2"}],"replies":[{"embeddable":true,"href":"https:\/\/www.grafitgradev.se\/no\/wp-json\/wp\/v2\/comments?post=5329"}],"version-history":[{"count":3,"href":"https:\/\/www.grafitgradev.se\/no\/wp-json\/wp\/v2\/pages\/5329\/revisions"}],"predecessor-version":[{"id":5364,"href":"https:\/\/www.grafitgradev.se\/no\/wp-json\/wp\/v2\/pages\/5329\/revisions\/5364"}],"up":[{"embeddable":true,"href":"https:\/\/www.grafitgradev.se\/no\/wp-json\/wp\/v2\/pages\/5327"}],"wp:attachment":[{"href":"https:\/\/www.grafitgradev.se\/no\/wp-json\/wp\/v2\/media?parent=5329"}],"curies":[{"name":"wp","href":"https:\/\/api.w.org\/{rel}","templated":true}]}}