{"id":5331,"date":"2020-10-13T14:12:16","date_gmt":"2020-10-13T12:12:16","guid":{"rendered":"https:\/\/www.grafitgradev.se\/no\/?page_id=5331"},"modified":"2020-10-23T09:29:48","modified_gmt":"2020-10-23T07:29:48","slug":"levering","status":"publish","type":"page","link":"https:\/\/www.grafitgradev.se\/no\/kundeservice\/levering\/","title":{"rendered":"Levering"},"content":{"rendered":"<h2>Levering<\/h2>\n<p>Pakken blir sendt med DHL, direkte til n\u00e6rmeste postkontor. Du blir varslet p\u00e5 SMS, s\u00e5 v\u00e6r n\u00f8ye med \u00e5 angi riktig postnummer og mobilnummer n\u00e5r du bestiller.<br \/>\nLevering av m\u00f8bler skjer direkte til bostedet ditt. Varer blir l\u00f8ftet av transportmiddelet, og siden er det kundens ansvar \u00e5 flytte varen inn. Innb\u00e6ring av m\u00f8bler inng\u00e5r ikke i leveringen. Vi anbefaler 2-3 personer til \u00e5 l\u00f8fte tyngre m\u00f8bler. Du blir varslet f\u00f8r levering og du og DHL blir enige om dato og omtrentlig tidspunkt for levering.<\/p>\n<p>V\u00e6r n\u00f8ye med \u00e5 kontrollere varene, og sjekk at de er hele og feilfrie f\u00f8r du signere kvitteringen p\u00e5 at du har mottatt leveransen. Om det blir oppdaget en skade p\u00e5 varen, skal du melde om dette til DHL-sj\u00e5f\u00f8ren omg\u00e5ende. Om skade blir oppdaget senere, skal du melde ifra til Grafitgr\u00e5 om dette innen maks 5 dager etter mottatt leveranse. Angi da ditt sendingsnummer, samt kontaktinformasjon og bilder viser leveranseskaden. Send til info@grafitgr\u00e5.se<\/p>\n<p>For mer informasjon om levering av v\u00e5re betongm\u00f8bler, <a href=\"https:\/\/www.grafitgra.se\/mobelinformation\/\"><strong>klikk her.<\/strong><\/a><\/p>\n<h4><strong>LEVERINGSTID<\/strong><\/h4>\n<p>Varer som er p\u00e5 lager blir pakket innen fem dager fra mottatt ordre.<br \/>\nVarer som delvis best\u00e5r av betong har en leveringstid p\u00e5 3-5 uker avhengig av sesong.<\/p>\n<h4>FRAKT<\/h4>\n<p>Fraktkostnaden for ordrer med leveringsadresse i Sverige koster 49 kr om ikke annet oppgis. Gratis frakt over 500 kr. Denne fraktkostnadden gjelder uavhengig av postadresse.<\/p>\n","protected":false},"excerpt":{"rendered":"<p>Levering Pakken blir sendt med DHL, direkte til n\u00e6rmeste postkontor. Du blir varslet p\u00e5 SMS, s\u00e5 v\u00e6r n\u00f8ye med \u00e5 angi riktig postnummer og mobilnummer n\u00e5r du bestiller. Levering av m\u00f8bler skjer direkte til bostedet ditt. Varer blir l\u00f8ftet av transportmiddelet, og siden er det kundens ansvar \u00e5 flytte varen inn. Innb\u00e6ring av m\u00f8bler inng\u00e5r [&hellip;]<\/p>\n","protected":false},"author":2,"featured_media":0,"parent":5327,"menu_order":0,"comment_status":"closed","ping_status":"closed","template":"","meta":[],"yoast_head":"<!-- This site is optimized with the Yoast SEO plugin v15.2.1 - https:\/\/yoast.com\/wordpress\/plugins\/seo\/ -->\n<title>Levering - Grafitgr\u00e5 - Norge<\/title>\n<meta name=\"robots\" content=\"index, follow, max-snippet:-1, max-image-preview:large, max-video-preview:-1\" \/>\n<link rel=\"canonical\" href=\"https:\/\/www.grafitgradev.se\/no\/kundeservice\/levering\/\" \/>\n<meta property=\"og:locale\" content=\"nb_NO\" \/>\n<meta property=\"og:type\" content=\"article\" \/>\n<meta property=\"og:title\" content=\"Levering - Grafitgr\u00e5 - Norge\" \/>\n<meta property=\"og:description\" content=\"Levering Pakken blir sendt med DHL, direkte til n\u00e6rmeste postkontor. Du blir varslet p\u00e5 SMS, s\u00e5 v\u00e6r n\u00f8ye med \u00e5 angi riktig postnummer og mobilnummer n\u00e5r du bestiller. Levering av m\u00f8bler skjer direkte til bostedet ditt. Varer blir l\u00f8ftet av transportmiddelet, og siden er det kundens ansvar \u00e5 flytte varen inn. Innb\u00e6ring av m\u00f8bler inng\u00e5r [&hellip;]\" \/>\n<meta property=\"og:url\" content=\"https:\/\/www.grafitgradev.se\/no\/kundeservice\/levering\/\" \/>\n<meta property=\"og:site_name\" content=\"Grafitgr\u00e5 - Norge\" \/>\n<meta property=\"article:modified_time\" content=\"2020-10-23T07:29:48+00:00\" \/>\n<meta name=\"twitter:card\" content=\"summary_large_image\" \/>\n<meta name=\"twitter:label1\" content=\"Skrevet av\">\n\t<meta name=\"twitter:data1\" content=\"grafitgra\">\n\t<meta name=\"twitter:label2\" content=\"Ansl. lesetid\">\n\t<meta name=\"twitter:data2\" content=\"1 minutt\">\n<script type=\"application\/ld+json\" class=\"yoast-schema-graph\">{\"@context\":\"https:\/\/schema.org\",\"@graph\":[{\"@type\":\"WebSite\",\"@id\":\"https:\/\/www.grafitgradev.se\/no\/#website\",\"url\":\"https:\/\/www.grafitgradev.se\/no\/\",\"name\":\"Grafitgr\\u00e5 - Norge\",\"description\":\"Grafitgr\\u00e5 Norway\",\"potentialAction\":[{\"@type\":\"SearchAction\",\"target\":\"https:\/\/www.grafitgradev.se\/no\/?s={search_term_string}\",\"query-input\":\"required name=search_term_string\"}],\"inLanguage\":\"nb-NO\"},{\"@type\":\"WebPage\",\"@id\":\"https:\/\/www.grafitgradev.se\/no\/kundeservice\/levering\/#webpage\",\"url\":\"https:\/\/www.grafitgradev.se\/no\/kundeservice\/levering\/\",\"name\":\"Levering - Grafitgr\\u00e5 - Norge\",\"isPartOf\":{\"@id\":\"https:\/\/www.grafitgradev.se\/no\/#website\"},\"datePublished\":\"2020-10-13T12:12:16+00:00\",\"dateModified\":\"2020-10-23T07:29:48+00:00\",\"inLanguage\":\"nb-NO\",\"potentialAction\":[{\"@type\":\"ReadAction\",\"target\":[\"https:\/\/www.grafitgradev.se\/no\/kundeservice\/levering\/\"]}]}]}<\/script>\n<!-- \/ Yoast SEO plugin. -->","_links":{"self":[{"href":"https:\/\/www.grafitgradev.se\/no\/wp-json\/wp\/v2\/pages\/5331"}],"collection":[{"href":"https:\/\/www.grafitgradev.se\/no\/wp-json\/wp\/v2\/pages"}],"about":[{"href":"https:\/\/www.grafitgradev.se\/no\/wp-json\/wp\/v2\/types\/page"}],"author":[{"embeddable":true,"href":"https:\/\/www.grafitgradev.se\/no\/wp-json\/wp\/v2\/users\/2"}],"replies":[{"embeddable":true,"href":"https:\/\/www.grafitgradev.se\/no\/wp-json\/wp\/v2\/comments?post=5331"}],"version-history":[{"count":5,"href":"https:\/\/www.grafitgradev.se\/no\/wp-json\/wp\/v2\/pages\/5331\/revisions"}],"predecessor-version":[{"id":5413,"href":"https:\/\/www.grafitgradev.se\/no\/wp-json\/wp\/v2\/pages\/5331\/revisions\/5413"}],"up":[{"embeddable":true,"href":"https:\/\/www.grafitgradev.se\/no\/wp-json\/wp\/v2\/pages\/5327"}],"wp:attachment":[{"href":"https:\/\/www.grafitgradev.se\/no\/wp-json\/wp\/v2\/media?parent=5331"}],"curies":[{"name":"wp","href":"https:\/\/api.w.org\/{rel}","templated":true}]}}