{"id":5335,"date":"2020-10-13T14:13:11","date_gmt":"2020-10-13T12:13:11","guid":{"rendered":"https:\/\/www.grafitgradev.se\/no\/?page_id=5335"},"modified":"2020-10-23T09:57:46","modified_gmt":"2020-10-23T07:57:46","slug":"reklamation-retur","status":"publish","type":"page","link":"https:\/\/www.grafitgradev.se\/no\/kundeservice\/reklamation-retur\/","title":{"rendered":"Reklamasjon &amp; Retur"},"content":{"rendered":"<h2>Reklamasjon &amp; Retur<\/h2>\n<h4>Reklamasjon<\/h4>\n<p>Er det noe feil med varen din, eller savner du noe fra bestillingen? Da er du velkommen til \u00e5 ta kontakt med oss. Send en mail til <a href=\"mailto:order@grafitgra.se\">order@grafitgra.se<\/a> med ditt navn, mailadresse, telefonnummer, ordrenummer og beskriv ditt \u00e6rende, s\u00e5 svarer vi s\u00e5 raskt vi kan. Legg gjerne ved bilder av eventuelle skader. Gjelder reklamasjonen betongm\u00f8bler, ber vi deg ringe oss p\u00e5 +36 3300070 s\u00e5 fort du oppdager skaden.<\/p>\n<h4>Retur<\/h4>\n<p>Skulle du angre p\u00e5 kj\u00f8pet ditt, kan du sende varene dine tilbake innen 14 dager, med valgfri fraktmetode. Send da pakken i retur til adressen under. Du som kunde m\u00e5 selv dekke fraktkostnader p\u00e5 retur. Med leveringen skal du ha f\u00e5tt et returskjema som skal sendes med pakken tilbake. Om du av en eller annen grunn ikke har returskjemaet, skriv en lapp med navn, mailadresse, telefonnummer, ordrenummer og \u00e5rsak for returen. N\u00e5r vi mottar pakken, tilbakebetaler vi summen til kontoen din.<\/p>\n<h4>Returadresse<\/h4>\n<p>Grafitgr\u00e5 AB<br \/>\nVistakullev\u00e4gen 1<br \/>\n561 46 Huskvarna<br \/>\nSverige<\/p>\n<h4><a href=\"https:\/\/www.grafitgra.se\/om-oss-2\/hitta-hit\/\">Kontaktinformasjon<\/a><\/h4>\n","protected":false},"excerpt":{"rendered":"<p>Reklamasjon &amp; Retur Reklamasjon Er det noe feil med varen din, eller savner du noe fra bestillingen? Da er du velkommen til \u00e5 ta kontakt med oss. Send en mail til order@grafitgra.se med ditt navn, mailadresse, telefonnummer, ordrenummer og beskriv ditt \u00e6rende, s\u00e5 svarer vi s\u00e5 raskt vi kan. Legg gjerne ved bilder av eventuelle [&hellip;]<\/p>\n","protected":false},"author":2,"featured_media":0,"parent":5327,"menu_order":0,"comment_status":"closed","ping_status":"closed","template":"","meta":[],"yoast_head":"<!-- This site is optimized with the Yoast SEO plugin v15.2.1 - https:\/\/yoast.com\/wordpress\/plugins\/seo\/ -->\n<title>Reklamasjon &amp; Retur - Grafitgr\u00e5 - Norge<\/title>\n<meta name=\"robots\" content=\"index, follow, max-snippet:-1, max-image-preview:large, max-video-preview:-1\" \/>\n<link rel=\"canonical\" href=\"https:\/\/www.grafitgradev.se\/no\/kundeservice\/reklamation-retur\/\" \/>\n<meta property=\"og:locale\" content=\"nb_NO\" \/>\n<meta property=\"og:type\" content=\"article\" \/>\n<meta property=\"og:title\" content=\"Reklamasjon &amp; Retur - Grafitgr\u00e5 - Norge\" \/>\n<meta property=\"og:description\" content=\"Reklamasjon &amp; Retur Reklamasjon Er det noe feil med varen din, eller savner du noe fra bestillingen? Da er du velkommen til \u00e5 ta kontakt med oss. Send en mail til order@grafitgra.se med ditt navn, mailadresse, telefonnummer, ordrenummer og beskriv ditt \u00e6rende, s\u00e5 svarer vi s\u00e5 raskt vi kan. Legg gjerne ved bilder av eventuelle [&hellip;]\" \/>\n<meta property=\"og:url\" content=\"https:\/\/www.grafitgradev.se\/no\/kundeservice\/reklamation-retur\/\" \/>\n<meta property=\"og:site_name\" content=\"Grafitgr\u00e5 - Norge\" \/>\n<meta property=\"article:modified_time\" content=\"2020-10-23T07:57:46+00:00\" \/>\n<meta name=\"twitter:card\" content=\"summary_large_image\" \/>\n<meta name=\"twitter:label1\" content=\"Skrevet av\">\n\t<meta name=\"twitter:data1\" content=\"grafitgra\">\n\t<meta name=\"twitter:label2\" content=\"Ansl. lesetid\">\n\t<meta name=\"twitter:data2\" content=\"1 minutt\">\n<script type=\"application\/ld+json\" class=\"yoast-schema-graph\">{\"@context\":\"https:\/\/schema.org\",\"@graph\":[{\"@type\":\"WebSite\",\"@id\":\"https:\/\/www.grafitgradev.se\/no\/#website\",\"url\":\"https:\/\/www.grafitgradev.se\/no\/\",\"name\":\"Grafitgr\\u00e5 - Norge\",\"description\":\"Grafitgr\\u00e5 Norway\",\"potentialAction\":[{\"@type\":\"SearchAction\",\"target\":\"https:\/\/www.grafitgradev.se\/no\/?s={search_term_string}\",\"query-input\":\"required name=search_term_string\"}],\"inLanguage\":\"nb-NO\"},{\"@type\":\"WebPage\",\"@id\":\"https:\/\/www.grafitgradev.se\/no\/kundeservice\/reklamation-retur\/#webpage\",\"url\":\"https:\/\/www.grafitgradev.se\/no\/kundeservice\/reklamation-retur\/\",\"name\":\"Reklamasjon &amp; Retur - Grafitgr\\u00e5 - Norge\",\"isPartOf\":{\"@id\":\"https:\/\/www.grafitgradev.se\/no\/#website\"},\"datePublished\":\"2020-10-13T12:13:11+00:00\",\"dateModified\":\"2020-10-23T07:57:46+00:00\",\"inLanguage\":\"nb-NO\",\"potentialAction\":[{\"@type\":\"ReadAction\",\"target\":[\"https:\/\/www.grafitgradev.se\/no\/kundeservice\/reklamation-retur\/\"]}]}]}<\/script>\n<!-- \/ Yoast SEO plugin. -->","_links":{"self":[{"href":"https:\/\/www.grafitgradev.se\/no\/wp-json\/wp\/v2\/pages\/5335"}],"collection":[{"href":"https:\/\/www.grafitgradev.se\/no\/wp-json\/wp\/v2\/pages"}],"about":[{"href":"https:\/\/www.grafitgradev.se\/no\/wp-json\/wp\/v2\/types\/page"}],"author":[{"embeddable":true,"href":"https:\/\/www.grafitgradev.se\/no\/wp-json\/wp\/v2\/users\/2"}],"replies":[{"embeddable":true,"href":"https:\/\/www.grafitgradev.se\/no\/wp-json\/wp\/v2\/comments?post=5335"}],"version-history":[{"count":4,"href":"https:\/\/www.grafitgradev.se\/no\/wp-json\/wp\/v2\/pages\/5335\/revisions"}],"predecessor-version":[{"id":5414,"href":"https:\/\/www.grafitgradev.se\/no\/wp-json\/wp\/v2\/pages\/5335\/revisions\/5414"}],"up":[{"embeddable":true,"href":"https:\/\/www.grafitgradev.se\/no\/wp-json\/wp\/v2\/pages\/5327"}],"wp:attachment":[{"href":"https:\/\/www.grafitgradev.se\/no\/wp-json\/wp\/v2\/media?parent=5335"}],"curies":[{"name":"wp","href":"https:\/\/api.w.org\/{rel}","templated":true}]}}