{"id":4076,"date":"2020-06-29T16:03:22","date_gmt":"2020-06-29T14:03:22","guid":{"rendered":"https:\/\/www.grafitgradev.se\/no\/produkt\/import-placeholder-for-101\/"},"modified":"2020-10-21T15:51:15","modified_gmt":"2020-10-21T13:51:15","slug":"soffbord-120","status":"publish","type":"product","link":"https:\/\/www.grafitgradev.se\/no\/produkt\/soffbord-120\/","title":{"rendered":"Soffbord 120"},"content":{"rendered":"<p>Soffbord av tunna, enkla\u00a0linjer i grova material, skapar ett sp\u00e4nnande k\u00e4nsla. Betongskivan \u00e4r neds\u00e4nkt i st\u00e5lramen. Bordet blir en fin kombination till olika soffor. Tillh\u00f6rande b\u00e4nk kan placeras under bordet f\u00f6r att skapa olika niv\u00e5er eller f\u00f6r att f\u00f6rl\u00e4nga m\u00f6beln. Bordet rekommenderas f\u00f6r inomhusbruk d\u00e5 st\u00e5lunderredet endast \u00e4r klar-lackat. St\u00e5r det ute kan det rosta med tiden.<\/p>\n<p>&nbsp;<\/p>\n<p><a href=\"https:\/\/www.grafitgra.se\/mobelinformation\/\"><strong>Mer information om v\u00e5ra betongm\u00f6bler.<\/strong><\/a><\/p>\n<p>&nbsp;<\/p>\n","protected":false},"excerpt":{"rendered":"<p>120x70x45 cm<\/p>\n","protected":false},"featured_media":4137,"template":"","meta":[],"yoast_head":"<!-- This site is optimized with the Yoast SEO plugin v15.2.1 - https:\/\/yoast.com\/wordpress\/plugins\/seo\/ -->\n<title>Soffbord 120, betongskivan \u00e4r neds\u00e4nkt i en klarlackad st\u00e5lram<\/title>\n<meta name=\"description\" content=\"Soffbord 120 designad av Grafitgr\u00e5. Ett betongbord med enkla och tunna linjer, betongskivan ligger neds\u00e4nkt i underredet. Sp\u00e4nnande kombination av material.\" \/>\n<meta name=\"robots\" content=\"index, follow, max-snippet:-1, max-image-preview:large, max-video-preview:-1\" \/>\n<link rel=\"canonical\" href=\"https:\/\/www.grafitgradev.se\/no\/produkt\/soffbord-120\/\" \/>\n<meta property=\"og:locale\" content=\"nb_NO\" \/>\n<meta property=\"og:type\" content=\"article\" \/>\n<meta property=\"og:title\" content=\"Soffbord 120, betongskivan \u00e4r neds\u00e4nkt i en klarlackad st\u00e5lram\" \/>\n<meta property=\"og:description\" content=\"Soffbord 120 designad av Grafitgr\u00e5. Ett betongbord med enkla och tunna linjer, betongskivan ligger neds\u00e4nkt i underredet. Sp\u00e4nnande kombination av material.\" \/>\n<meta property=\"og:url\" content=\"https:\/\/www.grafitgradev.se\/no\/produkt\/soffbord-120\/\" \/>\n<meta property=\"og:site_name\" content=\"Grafitgr\u00e5 - Norge\" \/>\n<meta property=\"article:modified_time\" content=\"2020-10-21T13:51:15+00:00\" \/>\n<meta property=\"og:image\" content=\"https:\/\/www.grafitgradev.se\/no\/wp-content\/uploads\/sites\/5\/2020\/06\/Soffbord_1202-1.png\" \/>\n\t<meta property=\"og:image:width\" content=\"2000\" \/>\n\t<meta property=\"og:image:height\" content=\"1200\" \/>\n<meta name=\"twitter:card\" content=\"summary_large_image\" \/>\n<meta name=\"twitter:label1\" content=\"Skrevet av\">\n\t<meta name=\"twitter:data1\" content=\"Trafikbyr\u00e5n\">\n\t<meta name=\"twitter:label2\" content=\"Ansl. lesetid\">\n\t<meta name=\"twitter:data2\" content=\"0 minutter\">\n<script type=\"application\/ld+json\" class=\"yoast-schema-graph\">{\"@context\":\"https:\/\/schema.org\",\"@graph\":[{\"@type\":\"WebSite\",\"@id\":\"https:\/\/www.grafitgradev.se\/no\/#website\",\"url\":\"https:\/\/www.grafitgradev.se\/no\/\",\"name\":\"Grafitgr\\u00e5 - Norge\",\"description\":\"Grafitgr\\u00e5 Norway\",\"potentialAction\":[{\"@type\":\"SearchAction\",\"target\":\"https:\/\/www.grafitgradev.se\/no\/?s={search_term_string}\",\"query-input\":\"required name=search_term_string\"}],\"inLanguage\":\"nb-NO\"},{\"@type\":\"ImageObject\",\"@id\":\"https:\/\/www.grafitgradev.se\/no\/produkt\/soffbord-120\/#primaryimage\",\"inLanguage\":\"nb-NO\",\"url\":\"https:\/\/www.grafitgradev.se\/no\/wp-content\/uploads\/sites\/5\/2020\/06\/Soffbord_1202-1.png\",\"width\":2000,\"height\":1200},{\"@type\":\"WebPage\",\"@id\":\"https:\/\/www.grafitgradev.se\/no\/produkt\/soffbord-120\/#webpage\",\"url\":\"https:\/\/www.grafitgradev.se\/no\/produkt\/soffbord-120\/\",\"name\":\"Soffbord 120, betongskivan \\u00e4r neds\\u00e4nkt i en klarlackad st\\u00e5lram\",\"isPartOf\":{\"@id\":\"https:\/\/www.grafitgradev.se\/no\/#website\"},\"primaryImageOfPage\":{\"@id\":\"https:\/\/www.grafitgradev.se\/no\/produkt\/soffbord-120\/#primaryimage\"},\"datePublished\":\"2020-06-29T14:03:22+00:00\",\"dateModified\":\"2020-10-21T13:51:15+00:00\",\"description\":\"Soffbord 120 designad av Grafitgr\\u00e5. Ett betongbord med enkla och tunna linjer, betongskivan ligger neds\\u00e4nkt i underredet. Sp\\u00e4nnande kombination av material.\",\"inLanguage\":\"nb-NO\",\"potentialAction\":[{\"@type\":\"ReadAction\",\"target\":[\"https:\/\/www.grafitgradev.se\/no\/produkt\/soffbord-120\/\"]}]}]}<\/script>\n<!-- \/ Yoast SEO plugin. -->","_links":{"self":[{"href":"https:\/\/www.grafitgradev.se\/no\/wp-json\/wp\/v2\/product\/4076"}],"collection":[{"href":"https:\/\/www.grafitgradev.se\/no\/wp-json\/wp\/v2\/product"}],"about":[{"href":"https:\/\/www.grafitgradev.se\/no\/wp-json\/wp\/v2\/types\/product"}],"wp:featuredmedia":[{"embeddable":true,"href":"https:\/\/www.grafitgradev.se\/no\/wp-json\/wp\/v2\/media\/4137"}],"wp:attachment":[{"href":"https:\/\/www.grafitgradev.se\/no\/wp-json\/wp\/v2\/media?parent=4076"}],"curies":[{"name":"wp","href":"https:\/\/api.w.org\/{rel}","templated":true}]}}