{"id":4079,"date":"2020-06-29T16:03:23","date_gmt":"2020-06-29T14:03:23","guid":{"rendered":"https:\/\/www.grafitgradev.se\/no\/produkt\/import-placeholder-for-1013\/"},"modified":"2021-02-08T13:29:10","modified_gmt":"2021-02-08T12:29:10","slug":"soffbord-bank-120","status":"publish","type":"product","link":"https:\/\/www.grafitgradev.se\/no\/produkt\/soffbord-bank-120\/","title":{"rendered":"Sofabord-benk 120"},"content":{"rendered":"<p>Sofabord av tynne, enkle linjer i metall skaper en spennende f\u00f8lelse. Betongskiven er nedsenket i st\u00e5lrammen. Bordet er fint i kombinasjon med ulike sofaer. Tilh\u00f8rende bank kan plasseres under bordet for \u00e5 skape ulike niv\u00e5er, eller for \u00e5 forlenge m\u00f8belet. Bordet er anbefalt \u00e5 bruke innend\u00f8rs, siden st\u00e5lunderstellet bare er klarlakkert. Hvis det st\u00e5r ute kan det ruste med tiden.<\/p>\n<p>&nbsp;<\/p>\n<p class=\"p2\"><b>Viktig informasjon om v\u00e5re betongm\u00f8bler. Les f\u00f8r du kj\u00f8per.<\/b><\/p>\n<p>&nbsp;<\/p>\n","protected":false},"excerpt":{"rendered":"<p>120x40x35 cm<\/p>\n","protected":false},"featured_media":4168,"template":"","meta":[],"yoast_head":"<!-- This site is optimized with the Yoast SEO plugin v15.2.1 - https:\/\/yoast.com\/wordpress\/plugins\/seo\/ -->\n<title>Soffbord 120, betongskivan \u00e4r neds\u00e4nkt i en klarlackad st\u00e5lram<\/title>\n<meta name=\"description\" content=\"Soffbord 50 designad av Grafitgr\u00e5. Ett betongbord med enkla och tunna linjer, betongskivan ligger neds\u00e4nkt i underredet. Sp\u00e4nnande kombination av material.\" \/>\n<meta name=\"robots\" content=\"index, follow, max-snippet:-1, max-image-preview:large, max-video-preview:-1\" \/>\n<link rel=\"canonical\" href=\"https:\/\/www.grafitgradev.se\/no\/produkt\/soffbord-bank-120\/\" \/>\n<meta property=\"og:locale\" content=\"nb_NO\" \/>\n<meta property=\"og:type\" content=\"article\" \/>\n<meta property=\"og:title\" content=\"Soffbord 120, betongskivan \u00e4r neds\u00e4nkt i en klarlackad st\u00e5lram\" \/>\n<meta property=\"og:description\" content=\"Soffbord 50 designad av Grafitgr\u00e5. Ett betongbord med enkla och tunna linjer, betongskivan ligger neds\u00e4nkt i underredet. Sp\u00e4nnande kombination av material.\" \/>\n<meta property=\"og:url\" content=\"https:\/\/www.grafitgradev.se\/no\/produkt\/soffbord-bank-120\/\" \/>\n<meta property=\"og:site_name\" content=\"Grafitgr\u00e5 - Norge\" \/>\n<meta property=\"article:modified_time\" content=\"2021-02-08T12:29:10+00:00\" \/>\n<meta property=\"og:image\" content=\"https:\/\/www.grafitgradev.se\/no\/wp-content\/uploads\/sites\/5\/2020\/06\/Lag_bank_120-1.png\" \/>\n\t<meta property=\"og:image:width\" content=\"2000\" \/>\n\t<meta property=\"og:image:height\" content=\"1200\" \/>\n<meta name=\"twitter:card\" content=\"summary_large_image\" \/>\n<meta name=\"twitter:label1\" content=\"Skrevet av\">\n\t<meta name=\"twitter:data1\" content=\"Trafikbyr\u00e5n\">\n\t<meta name=\"twitter:label2\" content=\"Ansl. lesetid\">\n\t<meta name=\"twitter:data2\" content=\"0 minutter\">\n<script type=\"application\/ld+json\" class=\"yoast-schema-graph\">{\"@context\":\"https:\/\/schema.org\",\"@graph\":[{\"@type\":\"WebSite\",\"@id\":\"https:\/\/www.grafitgradev.se\/no\/#website\",\"url\":\"https:\/\/www.grafitgradev.se\/no\/\",\"name\":\"Grafitgr\\u00e5 - Norge\",\"description\":\"Grafitgr\\u00e5 Norway\",\"potentialAction\":[{\"@type\":\"SearchAction\",\"target\":\"https:\/\/www.grafitgradev.se\/no\/?s={search_term_string}\",\"query-input\":\"required name=search_term_string\"}],\"inLanguage\":\"nb-NO\"},{\"@type\":\"ImageObject\",\"@id\":\"https:\/\/www.grafitgradev.se\/no\/produkt\/soffbord-bank-120\/#primaryimage\",\"inLanguage\":\"nb-NO\",\"url\":\"https:\/\/www.grafitgradev.se\/no\/wp-content\/uploads\/sites\/5\/2020\/06\/Lag_bank_120-1.png\",\"width\":2000,\"height\":1200},{\"@type\":\"WebPage\",\"@id\":\"https:\/\/www.grafitgradev.se\/no\/produkt\/soffbord-bank-120\/#webpage\",\"url\":\"https:\/\/www.grafitgradev.se\/no\/produkt\/soffbord-bank-120\/\",\"name\":\"Soffbord 120, betongskivan \\u00e4r neds\\u00e4nkt i en klarlackad st\\u00e5lram\",\"isPartOf\":{\"@id\":\"https:\/\/www.grafitgradev.se\/no\/#website\"},\"primaryImageOfPage\":{\"@id\":\"https:\/\/www.grafitgradev.se\/no\/produkt\/soffbord-bank-120\/#primaryimage\"},\"datePublished\":\"2020-06-29T14:03:23+00:00\",\"dateModified\":\"2021-02-08T12:29:10+00:00\",\"description\":\"Soffbord 50 designad av Grafitgr\\u00e5. Ett betongbord med enkla och tunna linjer, betongskivan ligger neds\\u00e4nkt i underredet. Sp\\u00e4nnande kombination av material.\",\"inLanguage\":\"nb-NO\",\"potentialAction\":[{\"@type\":\"ReadAction\",\"target\":[\"https:\/\/www.grafitgradev.se\/no\/produkt\/soffbord-bank-120\/\"]}]}]}<\/script>\n<!-- \/ Yoast SEO plugin. -->","_links":{"self":[{"href":"https:\/\/www.grafitgradev.se\/no\/wp-json\/wp\/v2\/product\/4079"}],"collection":[{"href":"https:\/\/www.grafitgradev.se\/no\/wp-json\/wp\/v2\/product"}],"about":[{"href":"https:\/\/www.grafitgradev.se\/no\/wp-json\/wp\/v2\/types\/product"}],"wp:featuredmedia":[{"embeddable":true,"href":"https:\/\/www.grafitgradev.se\/no\/wp-json\/wp\/v2\/media\/4168"}],"wp:attachment":[{"href":"https:\/\/www.grafitgradev.se\/no\/wp-json\/wp\/v2\/media?parent=4079"}],"curies":[{"name":"wp","href":"https:\/\/api.w.org\/{rel}","templated":true}]}}