{"id":4087,"date":"2020-06-29T16:03:24","date_gmt":"2020-06-29T14:03:24","guid":{"rendered":"https:\/\/www.grafitgradev.se\/no\/produkt\/import-placeholder-for-108\/"},"modified":"2021-02-08T13:28:30","modified_gmt":"2021-02-08T12:28:30","slug":"betongbord-240","status":"publish","type":"product","link":"https:\/\/www.grafitgradev.se\/no\/produkt\/betongbord-240\/","title":{"rendered":"Betongbord 240"},"content":{"rendered":"<p>Betongm\u00f8blene som passer fint b\u00e5de innend\u00f8rs og utend\u00f8rs.<\/p>\n<p>&nbsp;<\/p>\n<p class=\"p1\"><b>Galvanisert <\/b>\u2013 skal m\u00f8blene brukes utend\u00f8rs anbefaler vi det galvaniserte st\u00e5lunderstellet til betongskiven. Dette t\u00e5ler vann, kan st\u00e5 ute hele \u00e5ret, og t\u00e5ler alle typer v\u00e6r. Understellet har er s\u00f8lvfarget.<\/p>\n<p>&nbsp;<\/p>\n<p>Betongbord 240 best\u00e5r av to bordskiver p\u00e5 120&#215;90 cm. Bordet leveres ikke montert. Betongskivene ligger emballert p\u00e5 en pall og understellet ligger ved siden av. Lim for \u00e5 lime fast betongskivene f\u00f8lger mer. Ler mer <strong>her<\/strong> om hvordan du monterer betongskivene. Understellet har to b\u00e6rebjelker i st\u00e5l som strekker seg ut fra midten for at betongskiven skal se svevende ut fra langsiden. Denne b\u00e6rebjelken holder skiven og gj\u00f8r bordet stabilt. Det f\u00f8lger med et st\u00f8ttebein som man kan plassere midt under bordet. Dette er valgfritt \u00e5 bruke.<\/p>\n<p>&nbsp;<\/p>\n<p class=\"p1\"><b>Viktig informasjon om v\u00e5re betongm\u00f8bler. Les f\u00f8r du kj\u00f8per. <\/b><\/p>\n<p>&nbsp;<\/p>\n","protected":false},"excerpt":{"rendered":"<p>240x90x74 cm<\/p>\n","protected":false},"featured_media":4157,"template":"","meta":[],"yoast_head":"<!-- This site is optimized with the Yoast SEO plugin v15.2.1 - https:\/\/yoast.com\/wordpress\/plugins\/seo\/ -->\n<title>Betongbord till matplatsen f\u00f6r b\u00e5de inomhus och utomhus<\/title>\n<meta name=\"description\" content=\"Betongm\u00f6beln som passar bra b\u00e5de inomhus och utomhus. Betongen skapar en varm och behaglig upplevelse. Den tar med k\u00e4nslan fr\u00e5n naturen in i rummet.\" \/>\n<meta name=\"robots\" content=\"index, follow, max-snippet:-1, max-image-preview:large, max-video-preview:-1\" \/>\n<link rel=\"canonical\" href=\"https:\/\/www.grafitgradev.se\/no\/produkt\/betongbord-240\/\" \/>\n<meta property=\"og:locale\" content=\"nb_NO\" \/>\n<meta property=\"og:type\" content=\"article\" \/>\n<meta property=\"og:title\" content=\"Betongbord till matplatsen f\u00f6r b\u00e5de inomhus och utomhus\" \/>\n<meta property=\"og:description\" content=\"Betongm\u00f6beln som passar bra b\u00e5de inomhus och utomhus. Betongen skapar en varm och behaglig upplevelse. Den tar med k\u00e4nslan fr\u00e5n naturen in i rummet.\" \/>\n<meta property=\"og:url\" content=\"https:\/\/www.grafitgradev.se\/no\/produkt\/betongbord-240\/\" \/>\n<meta property=\"og:site_name\" content=\"Grafitgr\u00e5 - Norge\" \/>\n<meta property=\"article:modified_time\" content=\"2021-02-08T12:28:30+00:00\" \/>\n<meta property=\"og:image\" content=\"https:\/\/www.grafitgradev.se\/no\/wp-content\/uploads\/sites\/5\/2020\/06\/Betongbord_240_stodben-1.png\" \/>\n\t<meta property=\"og:image:width\" content=\"2000\" \/>\n\t<meta property=\"og:image:height\" content=\"1200\" \/>\n<meta name=\"twitter:card\" content=\"summary_large_image\" \/>\n<meta name=\"twitter:label1\" content=\"Skrevet av\">\n\t<meta name=\"twitter:data1\" content=\"Trafikbyr\u00e5n\">\n\t<meta name=\"twitter:label2\" content=\"Ansl. lesetid\">\n\t<meta name=\"twitter:data2\" content=\"1 minutt\">\n<script type=\"application\/ld+json\" class=\"yoast-schema-graph\">{\"@context\":\"https:\/\/schema.org\",\"@graph\":[{\"@type\":\"WebSite\",\"@id\":\"https:\/\/www.grafitgradev.se\/no\/#website\",\"url\":\"https:\/\/www.grafitgradev.se\/no\/\",\"name\":\"Grafitgr\\u00e5 - Norge\",\"description\":\"Grafitgr\\u00e5 Norway\",\"potentialAction\":[{\"@type\":\"SearchAction\",\"target\":\"https:\/\/www.grafitgradev.se\/no\/?s={search_term_string}\",\"query-input\":\"required name=search_term_string\"}],\"inLanguage\":\"nb-NO\"},{\"@type\":\"ImageObject\",\"@id\":\"https:\/\/www.grafitgradev.se\/no\/produkt\/betongbord-240\/#primaryimage\",\"inLanguage\":\"nb-NO\",\"url\":\"https:\/\/www.grafitgradev.se\/no\/wp-content\/uploads\/sites\/5\/2020\/06\/Betongbord_240_stodben-1.png\",\"width\":2000,\"height\":1200},{\"@type\":\"WebPage\",\"@id\":\"https:\/\/www.grafitgradev.se\/no\/produkt\/betongbord-240\/#webpage\",\"url\":\"https:\/\/www.grafitgradev.se\/no\/produkt\/betongbord-240\/\",\"name\":\"Betongbord till matplatsen f\\u00f6r b\\u00e5de inomhus och utomhus\",\"isPartOf\":{\"@id\":\"https:\/\/www.grafitgradev.se\/no\/#website\"},\"primaryImageOfPage\":{\"@id\":\"https:\/\/www.grafitgradev.se\/no\/produkt\/betongbord-240\/#primaryimage\"},\"datePublished\":\"2020-06-29T14:03:24+00:00\",\"dateModified\":\"2021-02-08T12:28:30+00:00\",\"description\":\"Betongm\\u00f6beln som passar bra b\\u00e5de inomhus och utomhus. Betongen skapar en varm och behaglig upplevelse. Den tar med k\\u00e4nslan fr\\u00e5n naturen in i rummet.\",\"inLanguage\":\"nb-NO\",\"potentialAction\":[{\"@type\":\"ReadAction\",\"target\":[\"https:\/\/www.grafitgradev.se\/no\/produkt\/betongbord-240\/\"]}]}]}<\/script>\n<!-- \/ Yoast SEO plugin. -->","_links":{"self":[{"href":"https:\/\/www.grafitgradev.se\/no\/wp-json\/wp\/v2\/product\/4087"}],"collection":[{"href":"https:\/\/www.grafitgradev.se\/no\/wp-json\/wp\/v2\/product"}],"about":[{"href":"https:\/\/www.grafitgradev.se\/no\/wp-json\/wp\/v2\/types\/product"}],"wp:featuredmedia":[{"embeddable":true,"href":"https:\/\/www.grafitgradev.se\/no\/wp-json\/wp\/v2\/media\/4157"}],"wp:attachment":[{"href":"https:\/\/www.grafitgradev.se\/no\/wp-json\/wp\/v2\/media?parent=4087"}],"curies":[{"name":"wp","href":"https:\/\/api.w.org\/{rel}","templated":true}]}}