{"id":4093,"date":"2020-06-29T16:03:24","date_gmt":"2020-06-29T14:03:24","guid":{"rendered":"https:\/\/www.grafitgradev.se\/no\/produkt\/import-placeholder-for-135\/"},"modified":"2020-10-08T09:23:10","modified_gmt":"2020-10-08T07:23:10","slug":"taklampa-vinge","status":"publish","type":"product","link":"https:\/\/www.grafitgradev.se\/no\/produkt\/taklampa-vinge\/","title":{"rendered":"Taklampe Vinge"},"content":{"rendered":"<p>Vinge taklampe fra kolleksjonen UpToYou. Med litt luft under vingene kan lyset str\u00f8mme fint gjennom. Passer bra i et vindu eller over spisebordet, og kan ogs\u00e5 kombineres i klynge eller rad. Lampen er laget i blikk og har en eksklusiv tekstilkabel. Lampeledning med stikkontakt medf\u00f8lger \u2013 tak, maks 60 watt.<\/p>\n<p>&nbsp;<\/p>\n<p>\u00abI menneskenes kjerne hviler den, gl\u00f8den. Som en gl\u00f8delampe. N\u00e5r lyset f\u00e5r str\u00f8mme innenfra, hender det noe og en sterk f\u00f8lelse reiser seg n\u00e5r vinden fyller vingene og du ser at den b\u00e6rer. Se personen du m\u00f8ter. Hjelp denne med \u00e5 holde gl\u00f8den tent s\u00e5 vingene kan b\u00e6re dem dit de skal.\u00bb<\/p>\n<p>&nbsp;<\/p>\n","protected":false},"excerpt":{"rendered":"<p>20x20x20 cm<\/p>\n","protected":false},"featured_media":4189,"template":"","meta":[],"yoast_head":"<!-- This site is optimized with the Yoast SEO plugin v15.2.1 - https:\/\/yoast.com\/wordpress\/plugins\/seo\/ -->\n<title>Lampa VINGE designad av Grafitgr\u00e5 i pl\u00e5t med gr\u00e5 textilkabel<\/title>\n<meta name=\"description\" content=\"Lampa VINGE - I m\u00e4nniskans mitt vilar den, gl\u00f6den. Likt en gl\u00f6dlampa. N\u00e4r ljuset f\u00e5r strimma inifr\u00e5n h\u00e4nder n\u00e5got och en stark k\u00e4nsla reser sig.\" \/>\n<meta name=\"robots\" content=\"index, follow, max-snippet:-1, max-image-preview:large, max-video-preview:-1\" \/>\n<link rel=\"canonical\" href=\"https:\/\/www.grafitgradev.se\/no\/produkt\/taklampa-vinge\/\" \/>\n<meta property=\"og:locale\" content=\"nb_NO\" \/>\n<meta property=\"og:type\" content=\"article\" \/>\n<meta property=\"og:title\" content=\"Lampa VINGE designad av Grafitgr\u00e5 i pl\u00e5t med gr\u00e5 textilkabel\" \/>\n<meta property=\"og:description\" content=\"Lampa VINGE - I m\u00e4nniskans mitt vilar den, gl\u00f6den. Likt en gl\u00f6dlampa. N\u00e4r ljuset f\u00e5r strimma inifr\u00e5n h\u00e4nder n\u00e5got och en stark k\u00e4nsla reser sig.\" \/>\n<meta property=\"og:url\" content=\"https:\/\/www.grafitgradev.se\/no\/produkt\/taklampa-vinge\/\" \/>\n<meta property=\"og:site_name\" content=\"Grafitgr\u00e5 - Norge\" \/>\n<meta property=\"article:modified_time\" content=\"2020-10-08T07:23:10+00:00\" \/>\n<meta property=\"og:image\" content=\"https:\/\/www.grafitgradev.se\/no\/wp-content\/uploads\/sites\/5\/2020\/06\/160830_GRAFIT_Lampa5-1.png\" \/>\n\t<meta property=\"og:image:width\" content=\"2000\" \/>\n\t<meta property=\"og:image:height\" content=\"1200\" \/>\n<meta name=\"twitter:card\" content=\"summary_large_image\" \/>\n<meta name=\"twitter:label1\" content=\"Skrevet av\">\n\t<meta name=\"twitter:data1\" content=\"Trafikbyr\u00e5n\">\n\t<meta name=\"twitter:label2\" content=\"Ansl. lesetid\">\n\t<meta name=\"twitter:data2\" content=\"0 minutter\">\n<script type=\"application\/ld+json\" class=\"yoast-schema-graph\">{\"@context\":\"https:\/\/schema.org\",\"@graph\":[{\"@type\":\"WebSite\",\"@id\":\"https:\/\/www.grafitgradev.se\/no\/#website\",\"url\":\"https:\/\/www.grafitgradev.se\/no\/\",\"name\":\"Grafitgr\\u00e5 - Norge\",\"description\":\"Grafitgr\\u00e5 Norway\",\"potentialAction\":[{\"@type\":\"SearchAction\",\"target\":\"https:\/\/www.grafitgradev.se\/no\/?s={search_term_string}\",\"query-input\":\"required name=search_term_string\"}],\"inLanguage\":\"nb-NO\"},{\"@type\":\"ImageObject\",\"@id\":\"https:\/\/www.grafitgradev.se\/no\/produkt\/taklampa-vinge\/#primaryimage\",\"inLanguage\":\"nb-NO\",\"url\":\"https:\/\/www.grafitgradev.se\/no\/wp-content\/uploads\/sites\/5\/2020\/06\/160830_GRAFIT_Lampa5-1.png\",\"width\":2000,\"height\":1200},{\"@type\":\"WebPage\",\"@id\":\"https:\/\/www.grafitgradev.se\/no\/produkt\/taklampa-vinge\/#webpage\",\"url\":\"https:\/\/www.grafitgradev.se\/no\/produkt\/taklampa-vinge\/\",\"name\":\"Lampa VINGE designad av Grafitgr\\u00e5 i pl\\u00e5t med gr\\u00e5 textilkabel\",\"isPartOf\":{\"@id\":\"https:\/\/www.grafitgradev.se\/no\/#website\"},\"primaryImageOfPage\":{\"@id\":\"https:\/\/www.grafitgradev.se\/no\/produkt\/taklampa-vinge\/#primaryimage\"},\"datePublished\":\"2020-06-29T14:03:24+00:00\",\"dateModified\":\"2020-10-08T07:23:10+00:00\",\"description\":\"Lampa VINGE - I m\\u00e4nniskans mitt vilar den, gl\\u00f6den. Likt en gl\\u00f6dlampa. N\\u00e4r ljuset f\\u00e5r strimma inifr\\u00e5n h\\u00e4nder n\\u00e5got och en stark k\\u00e4nsla reser sig.\",\"inLanguage\":\"nb-NO\",\"potentialAction\":[{\"@type\":\"ReadAction\",\"target\":[\"https:\/\/www.grafitgradev.se\/no\/produkt\/taklampa-vinge\/\"]}]}]}<\/script>\n<!-- \/ Yoast SEO plugin. -->","_links":{"self":[{"href":"https:\/\/www.grafitgradev.se\/no\/wp-json\/wp\/v2\/product\/4093"}],"collection":[{"href":"https:\/\/www.grafitgradev.se\/no\/wp-json\/wp\/v2\/product"}],"about":[{"href":"https:\/\/www.grafitgradev.se\/no\/wp-json\/wp\/v2\/types\/product"}],"wp:featuredmedia":[{"embeddable":true,"href":"https:\/\/www.grafitgradev.se\/no\/wp-json\/wp\/v2\/media\/4189"}],"wp:attachment":[{"href":"https:\/\/www.grafitgradev.se\/no\/wp-json\/wp\/v2\/media?parent=4093"}],"curies":[{"name":"wp","href":"https:\/\/api.w.org\/{rel}","templated":true}]}}