{"id":4094,"date":"2020-06-29T16:03:25","date_gmt":"2020-06-29T14:03:25","guid":{"rendered":"https:\/\/www.grafitgradev.se\/no\/produkt\/import-placeholder-for-1207\/"},"modified":"2020-09-29T16:02:51","modified_gmt":"2020-09-29T14:02:51","slug":"lampa-veckad","status":"publish","type":"product","link":"https:\/\/www.grafitgradev.se\/no\/produkt\/lampa-veckad\/","title":{"rendered":"Lampe Veckad"},"content":{"rendered":"<p>Veckad lampe i h\u00e5ndtovet ull, laget i Nepal. Kantete former i et mykt materiale skaper herlige kontraster. Til lampeskjermen f\u00f8lger en pen tekstilledning i matchende gr\u00e5. Kjempefin over spisebordet eller salongbordet!<\/p>\n<p>&nbsp;<\/p>\n<p>Disse utrolig fine produktene er h\u00e5ndlaget av kvinner i Nepal. De st\u00e5r bak et selskap som jobber for kvinners rettigheter og verdi, og for dem er det viktig \u00e5 gi kvinner arbeid under rettferdige forhold. De har stor entusiasme og gl\u00f8r for arbeidet de gj\u00f8r, og kontakten vi har med dem er utrolig inspirerende. Produktene er laget under <em>fair trade<\/em>. N\u00e5r du bestiller disse fine produktene, er du med p\u00e5 \u00e5 st\u00f8tte dette prosjektet og gir arbeid til flere kvinner i Nepal.<\/p>\n<p>&nbsp;<\/p>\n<p>\u00c5 vikles ut. \u00c5 utvikles. Er \u00e5 leve. Erfare. Gjennom hele livet utvikles man og finner seg selv igjen og igjen. Man tester og strekker seg for \u00e5 se hvem man er i alt som skjer rundt seg. Vi er som vekkede skjermer som venter p\u00e5 \u00e5 f\u00e5 komme til sin rett. Han som formet hele verden, skaper liv i perfeksjon. En skapelse som bygger p\u00e5 utvikling. Vi lever stadig midt i den. Omgivelsene former oss til den vi vokser opp til \u00e5 v\u00e6re, men ogs\u00e5 han vil v\u00e6re med p\u00e5 din reise. Hans \u00f8nske er \u00e5 f\u00e5 hjelpe deg med \u00e5 se hvem er du er og forst\u00e5 ditt fulle potensiale. F\u00f8rst da vikles du ut og blir til den du er skapt for \u00e5 v\u00e6re.<\/p>\n<p>&nbsp;<\/p>\n","protected":false},"excerpt":{"rendered":"<p>35&#215;30 cm<\/p>\n","protected":false},"featured_media":4673,"template":"","meta":[],"yoast_head":"<!-- This site is optimized with the Yoast SEO plugin v15.2.1 - https:\/\/yoast.com\/wordpress\/plugins\/seo\/ -->\n<title>Lampe Veckad - Grafitgr\u00e5 - Norge<\/title>\n<meta name=\"robots\" content=\"index, follow, max-snippet:-1, max-image-preview:large, max-video-preview:-1\" \/>\n<link rel=\"canonical\" href=\"https:\/\/www.grafitgradev.se\/no\/produkt\/lampa-veckad\/\" \/>\n<meta property=\"og:locale\" content=\"nb_NO\" \/>\n<meta property=\"og:type\" content=\"article\" \/>\n<meta property=\"og:title\" content=\"Lampe Veckad - Grafitgr\u00e5 - Norge\" \/>\n<meta property=\"og:description\" content=\"35x30 cm\" \/>\n<meta property=\"og:url\" content=\"https:\/\/www.grafitgradev.se\/no\/produkt\/lampa-veckad\/\" \/>\n<meta property=\"og:site_name\" content=\"Grafitgr\u00e5 - Norge\" \/>\n<meta property=\"article:modified_time\" content=\"2020-09-29T14:02:51+00:00\" \/>\n<meta property=\"og:image\" content=\"https:\/\/www.grafitgradev.se\/no\/wp-content\/uploads\/sites\/5\/2020\/06\/359EE55D-5FED-4D0D-9DDF-AD7A6E1F17B8-1.png\" \/>\n\t<meta property=\"og:image:width\" content=\"800\" \/>\n\t<meta property=\"og:image:height\" content=\"533\" \/>\n<meta name=\"twitter:card\" content=\"summary_large_image\" \/>\n<meta name=\"twitter:label1\" content=\"Skrevet av\">\n\t<meta name=\"twitter:data1\" content=\"Trafikbyr\u00e5n\">\n\t<meta name=\"twitter:label2\" content=\"Ansl. lesetid\">\n\t<meta name=\"twitter:data2\" content=\"1 minutt\">\n<script type=\"application\/ld+json\" class=\"yoast-schema-graph\">{\"@context\":\"https:\/\/schema.org\",\"@graph\":[{\"@type\":\"WebSite\",\"@id\":\"https:\/\/www.grafitgradev.se\/no\/#website\",\"url\":\"https:\/\/www.grafitgradev.se\/no\/\",\"name\":\"Grafitgr\\u00e5 - Norge\",\"description\":\"Grafitgr\\u00e5 Norway\",\"potentialAction\":[{\"@type\":\"SearchAction\",\"target\":\"https:\/\/www.grafitgradev.se\/no\/?s={search_term_string}\",\"query-input\":\"required name=search_term_string\"}],\"inLanguage\":\"nb-NO\"},{\"@type\":\"ImageObject\",\"@id\":\"https:\/\/www.grafitgradev.se\/no\/produkt\/lampa-veckad\/#primaryimage\",\"inLanguage\":\"nb-NO\",\"url\":\"https:\/\/www.grafitgradev.se\/no\/wp-content\/uploads\/sites\/5\/2020\/06\/359EE55D-5FED-4D0D-9DDF-AD7A6E1F17B8-1.png\",\"width\":800,\"height\":533},{\"@type\":\"WebPage\",\"@id\":\"https:\/\/www.grafitgradev.se\/no\/produkt\/lampa-veckad\/#webpage\",\"url\":\"https:\/\/www.grafitgradev.se\/no\/produkt\/lampa-veckad\/\",\"name\":\"Lampe Veckad - Grafitgr\\u00e5 - Norge\",\"isPartOf\":{\"@id\":\"https:\/\/www.grafitgradev.se\/no\/#website\"},\"primaryImageOfPage\":{\"@id\":\"https:\/\/www.grafitgradev.se\/no\/produkt\/lampa-veckad\/#primaryimage\"},\"datePublished\":\"2020-06-29T14:03:25+00:00\",\"dateModified\":\"2020-09-29T14:02:51+00:00\",\"inLanguage\":\"nb-NO\",\"potentialAction\":[{\"@type\":\"ReadAction\",\"target\":[\"https:\/\/www.grafitgradev.se\/no\/produkt\/lampa-veckad\/\"]}]}]}<\/script>\n<!-- \/ Yoast SEO plugin. -->","_links":{"self":[{"href":"https:\/\/www.grafitgradev.se\/no\/wp-json\/wp\/v2\/product\/4094"}],"collection":[{"href":"https:\/\/www.grafitgradev.se\/no\/wp-json\/wp\/v2\/product"}],"about":[{"href":"https:\/\/www.grafitgradev.se\/no\/wp-json\/wp\/v2\/types\/product"}],"wp:featuredmedia":[{"embeddable":true,"href":"https:\/\/www.grafitgradev.se\/no\/wp-json\/wp\/v2\/media\/4673"}],"wp:attachment":[{"href":"https:\/\/www.grafitgradev.se\/no\/wp-json\/wp\/v2\/media?parent=4094"}],"curies":[{"name":"wp","href":"https:\/\/api.w.org\/{rel}","templated":true}]}}