{"id":4099,"date":"2020-06-29T16:03:25","date_gmt":"2020-06-29T14:03:25","guid":{"rendered":"https:\/\/www.grafitgradev.se\/no\/produkt\/import-placeholder-for-6543\/"},"modified":"2020-09-29T16:05:57","modified_gmt":"2020-09-29T14:05:57","slug":"vaggkronljus","status":"publish","type":"product","link":"https:\/\/www.grafitgradev.se\/no\/produkt\/vaggkronljus\/","title":{"rendered":"Veggkronelys"},"content":{"rendered":"<p>En lysestake som du skrur rett inn i veggen. Den finnes i to lengder, for b\u00e5de <strong>telys<\/strong> og kronelys. Vakker \u00e5 lage en lysvegg av, bland da gjerne lengdene for \u00e5 f\u00e5 en herlig dybde. Ingen ekstra festeordning trengs, da lysestaken har en gjenget skrue. Det f\u00f8lger med en lysmansjett (se bilder) som beskytter litt mot rennende stearin.<\/p>\n<p>&nbsp;<\/p>\n","protected":false},"excerpt":{"rendered":"<p>10\/17 cm<\/p>\n","protected":false},"featured_media":5101,"template":"","meta":[],"yoast_head":"<!-- This site is optimized with the Yoast SEO plugin v15.2.1 - https:\/\/yoast.com\/wordpress\/plugins\/seo\/ -->\n<title>V\u00e4ggljusstake designad av Grafitgr\u00e5 till kronljus eller v\u00e4rmeljus<\/title>\n<meta name=\"description\" content=\"V\u00e4ggljusstake f\u00f6r kronljus eller v\u00e4rmeljus. Skruvas enkelt in i v\u00e4ggen, snyggt att mixa de tv\u00e5 djupen f\u00f6r att f\u00e5 en vacker helhet med sp\u00e4nnande djup.\" \/>\n<meta name=\"robots\" content=\"index, follow, max-snippet:-1, max-image-preview:large, max-video-preview:-1\" \/>\n<link rel=\"canonical\" href=\"https:\/\/www.grafitgradev.se\/no\/produkt\/vaggkronljus\/\" \/>\n<meta property=\"og:locale\" content=\"nb_NO\" \/>\n<meta property=\"og:type\" content=\"article\" \/>\n<meta property=\"og:title\" content=\"V\u00e4ggljusstake designad av Grafitgr\u00e5 till kronljus eller v\u00e4rmeljus\" \/>\n<meta property=\"og:description\" content=\"V\u00e4ggljusstake f\u00f6r kronljus eller v\u00e4rmeljus. Skruvas enkelt in i v\u00e4ggen, snyggt att mixa de tv\u00e5 djupen f\u00f6r att f\u00e5 en vacker helhet med sp\u00e4nnande djup.\" \/>\n<meta property=\"og:url\" content=\"https:\/\/www.grafitgradev.se\/no\/produkt\/vaggkronljus\/\" \/>\n<meta property=\"og:site_name\" content=\"Grafitgr\u00e5 - Norge\" \/>\n<meta property=\"article:modified_time\" content=\"2020-09-29T14:05:57+00:00\" \/>\n<meta property=\"og:image\" content=\"https:\/\/www.grafitgradev.se\/no\/wp-content\/uploads\/sites\/5\/2020\/06\/produktbild_vaggkronljus-copy.png\" \/>\n\t<meta property=\"og:image:width\" content=\"4138\" \/>\n\t<meta property=\"og:image:height\" content=\"2759\" \/>\n<meta name=\"twitter:card\" content=\"summary_large_image\" \/>\n<meta name=\"twitter:label1\" content=\"Skrevet av\">\n\t<meta name=\"twitter:data1\" content=\"Trafikbyr\u00e5n\">\n\t<meta name=\"twitter:label2\" content=\"Ansl. lesetid\">\n\t<meta name=\"twitter:data2\" content=\"0 minutter\">\n<script type=\"application\/ld+json\" class=\"yoast-schema-graph\">{\"@context\":\"https:\/\/schema.org\",\"@graph\":[{\"@type\":\"WebSite\",\"@id\":\"https:\/\/www.grafitgradev.se\/no\/#website\",\"url\":\"https:\/\/www.grafitgradev.se\/no\/\",\"name\":\"Grafitgr\\u00e5 - Norge\",\"description\":\"Grafitgr\\u00e5 Norway\",\"potentialAction\":[{\"@type\":\"SearchAction\",\"target\":\"https:\/\/www.grafitgradev.se\/no\/?s={search_term_string}\",\"query-input\":\"required name=search_term_string\"}],\"inLanguage\":\"nb-NO\"},{\"@type\":\"ImageObject\",\"@id\":\"https:\/\/www.grafitgradev.se\/no\/produkt\/vaggkronljus\/#primaryimage\",\"inLanguage\":\"nb-NO\",\"url\":\"https:\/\/www.grafitgradev.se\/no\/wp-content\/uploads\/sites\/5\/2020\/06\/produktbild_vaggkronljus-copy.png\",\"width\":4138,\"height\":2759},{\"@type\":\"WebPage\",\"@id\":\"https:\/\/www.grafitgradev.se\/no\/produkt\/vaggkronljus\/#webpage\",\"url\":\"https:\/\/www.grafitgradev.se\/no\/produkt\/vaggkronljus\/\",\"name\":\"V\\u00e4ggljusstake designad av Grafitgr\\u00e5 till kronljus eller v\\u00e4rmeljus\",\"isPartOf\":{\"@id\":\"https:\/\/www.grafitgradev.se\/no\/#website\"},\"primaryImageOfPage\":{\"@id\":\"https:\/\/www.grafitgradev.se\/no\/produkt\/vaggkronljus\/#primaryimage\"},\"datePublished\":\"2020-06-29T14:03:25+00:00\",\"dateModified\":\"2020-09-29T14:05:57+00:00\",\"description\":\"V\\u00e4ggljusstake f\\u00f6r kronljus eller v\\u00e4rmeljus. Skruvas enkelt in i v\\u00e4ggen, snyggt att mixa de tv\\u00e5 djupen f\\u00f6r att f\\u00e5 en vacker helhet med sp\\u00e4nnande djup.\",\"inLanguage\":\"nb-NO\",\"potentialAction\":[{\"@type\":\"ReadAction\",\"target\":[\"https:\/\/www.grafitgradev.se\/no\/produkt\/vaggkronljus\/\"]}]}]}<\/script>\n<!-- \/ Yoast SEO plugin. -->","_links":{"self":[{"href":"https:\/\/www.grafitgradev.se\/no\/wp-json\/wp\/v2\/product\/4099"}],"collection":[{"href":"https:\/\/www.grafitgradev.se\/no\/wp-json\/wp\/v2\/product"}],"about":[{"href":"https:\/\/www.grafitgradev.se\/no\/wp-json\/wp\/v2\/types\/product"}],"wp:featuredmedia":[{"embeddable":true,"href":"https:\/\/www.grafitgradev.se\/no\/wp-json\/wp\/v2\/media\/5101"}],"wp:attachment":[{"href":"https:\/\/www.grafitgradev.se\/no\/wp-json\/wp\/v2\/media?parent=4099"}],"curies":[{"name":"wp","href":"https:\/\/api.w.org\/{rel}","templated":true}]}}