{"id":4101,"date":"2020-06-29T16:03:25","date_gmt":"2020-06-29T14:03:25","guid":{"rendered":"https:\/\/www.grafitgradev.se\/no\/produkt\/import-placeholder-for-1212\/"},"modified":"2020-09-29T16:06:37","modified_gmt":"2020-09-29T14:06:37","slug":"vaggljusstake-vinkel","status":"publish","type":"product","link":"https:\/\/www.grafitgradev.se\/no\/produkt\/vaggljusstake-vinkel\/","title":{"rendered":"Vegglysestake Vinkel"},"content":{"rendered":"<p>En enkel vinkel i plett som b\u00e6rer den vakre lysesken og lar den reflekteres i st\u00e5let. Du henger den enkel opp med en spiker eller skrue i veggen.<\/p>\n<p>&nbsp;<\/p>\n<p>Ikke et krystallklart speilbilde. Mer et diffust bilde av noe som er ekte. Her fanges det som er vekten av det \u00f8yet ser. Varmen. Og den kastes tilbake mot tilskueren som et skimmer som sprer seg utover veggen. Her m\u00f8ter vi vekten av at det lyset man selv b\u00e6rer inni seg trenger en sjanse til \u00e5 bli reflektert i andre mennesker, at det trenger en plass hvor man kan f\u00e5 lyset sitt etterlignet. Et sted hvor f\u00f8lelsen av \u00e5 bli sett og elsket finnes. Hvordan det hjelper lyset med \u00e5 spre seg videre og bli enda mer synlig. I oss og omkring oss.<\/p>\n<p>&nbsp;<\/p>\n<p>S\u00e5 spre hans budskap om \u00e5 elske sin neste som seg selv. Spre deg h\u00f8yt, lavt og rett inn i menneskenes hjerter. Da kommer lyset deres til \u00e5 bli reflektert, rett inn i v\u00e5r verden, og sammen kommer deres skimmer til \u00e5 motkjempe m\u00f8rket og gi lyset og kj\u00e6rligheten en st\u00f8rre plass.<\/p>\n<p>&nbsp;<\/p>\n","protected":false},"excerpt":{"rendered":"<p>35&#215;10 cm<\/p>\n","protected":false},"featured_media":4681,"template":"","meta":[],"yoast_head":"<!-- This site is optimized with the Yoast SEO plugin v15.2.1 - https:\/\/yoast.com\/wordpress\/plugins\/seo\/ -->\n<title>Vegglysestake Vinkel - Grafitgr\u00e5 - Norge<\/title>\n<meta name=\"robots\" content=\"index, follow, max-snippet:-1, max-image-preview:large, max-video-preview:-1\" \/>\n<link rel=\"canonical\" href=\"https:\/\/www.grafitgradev.se\/no\/produkt\/vaggljusstake-vinkel\/\" \/>\n<meta property=\"og:locale\" content=\"nb_NO\" \/>\n<meta property=\"og:type\" content=\"article\" \/>\n<meta property=\"og:title\" content=\"Vegglysestake Vinkel - Grafitgr\u00e5 - Norge\" \/>\n<meta property=\"og:description\" content=\"35x10 cm\" \/>\n<meta property=\"og:url\" content=\"https:\/\/www.grafitgradev.se\/no\/produkt\/vaggljusstake-vinkel\/\" \/>\n<meta property=\"og:site_name\" content=\"Grafitgr\u00e5 - Norge\" \/>\n<meta property=\"article:modified_time\" content=\"2020-09-29T14:06:37+00:00\" \/>\n<meta property=\"og:image\" content=\"https:\/\/www.grafitgradev.se\/no\/wp-content\/uploads\/sites\/5\/2020\/06\/IMG_2252-1.jpg\" \/>\n\t<meta property=\"og:image:width\" content=\"1516\" \/>\n\t<meta property=\"og:image:height\" content=\"1010\" \/>\n<meta name=\"twitter:card\" content=\"summary_large_image\" \/>\n<meta name=\"twitter:label1\" content=\"Skrevet av\">\n\t<meta name=\"twitter:data1\" content=\"Trafikbyr\u00e5n\">\n\t<meta name=\"twitter:label2\" content=\"Ansl. lesetid\">\n\t<meta name=\"twitter:data2\" content=\"1 minutt\">\n<script type=\"application\/ld+json\" class=\"yoast-schema-graph\">{\"@context\":\"https:\/\/schema.org\",\"@graph\":[{\"@type\":\"WebSite\",\"@id\":\"https:\/\/www.grafitgradev.se\/no\/#website\",\"url\":\"https:\/\/www.grafitgradev.se\/no\/\",\"name\":\"Grafitgr\\u00e5 - Norge\",\"description\":\"Grafitgr\\u00e5 Norway\",\"potentialAction\":[{\"@type\":\"SearchAction\",\"target\":\"https:\/\/www.grafitgradev.se\/no\/?s={search_term_string}\",\"query-input\":\"required name=search_term_string\"}],\"inLanguage\":\"nb-NO\"},{\"@type\":\"ImageObject\",\"@id\":\"https:\/\/www.grafitgradev.se\/no\/produkt\/vaggljusstake-vinkel\/#primaryimage\",\"inLanguage\":\"nb-NO\",\"url\":\"https:\/\/www.grafitgradev.se\/no\/wp-content\/uploads\/sites\/5\/2020\/06\/IMG_2252-1.jpg\",\"width\":1516,\"height\":1010},{\"@type\":\"WebPage\",\"@id\":\"https:\/\/www.grafitgradev.se\/no\/produkt\/vaggljusstake-vinkel\/#webpage\",\"url\":\"https:\/\/www.grafitgradev.se\/no\/produkt\/vaggljusstake-vinkel\/\",\"name\":\"Vegglysestake Vinkel - Grafitgr\\u00e5 - Norge\",\"isPartOf\":{\"@id\":\"https:\/\/www.grafitgradev.se\/no\/#website\"},\"primaryImageOfPage\":{\"@id\":\"https:\/\/www.grafitgradev.se\/no\/produkt\/vaggljusstake-vinkel\/#primaryimage\"},\"datePublished\":\"2020-06-29T14:03:25+00:00\",\"dateModified\":\"2020-09-29T14:06:37+00:00\",\"inLanguage\":\"nb-NO\",\"potentialAction\":[{\"@type\":\"ReadAction\",\"target\":[\"https:\/\/www.grafitgradev.se\/no\/produkt\/vaggljusstake-vinkel\/\"]}]}]}<\/script>\n<!-- \/ Yoast SEO plugin. -->","_links":{"self":[{"href":"https:\/\/www.grafitgradev.se\/no\/wp-json\/wp\/v2\/product\/4101"}],"collection":[{"href":"https:\/\/www.grafitgradev.se\/no\/wp-json\/wp\/v2\/product"}],"about":[{"href":"https:\/\/www.grafitgradev.se\/no\/wp-json\/wp\/v2\/types\/product"}],"wp:featuredmedia":[{"embeddable":true,"href":"https:\/\/www.grafitgradev.se\/no\/wp-json\/wp\/v2\/media\/4681"}],"wp:attachment":[{"href":"https:\/\/www.grafitgradev.se\/no\/wp-json\/wp\/v2\/media?parent=4101"}],"curies":[{"name":"wp","href":"https:\/\/api.w.org\/{rel}","templated":true}]}}