{"id":4102,"date":"2020-06-29T16:03:25","date_gmt":"2020-06-29T14:03:25","guid":{"rendered":"https:\/\/www.grafitgradev.se\/no\/produkt\/import-placeholder-for-141\/"},"modified":"2020-10-07T13:50:51","modified_gmt":"2020-10-07T11:50:51","slug":"ljusstake","status":"publish","type":"product","link":"https:\/\/www.grafitgradev.se\/no\/produkt\/ljusstake\/","title":{"rendered":"Lysestake"},"content":{"rendered":"<p>En lysestake i ubehandlet st\u00e5l. Vakker i store mengder eller alene. Bland din egen gruppe og velg mellom fem ulike h\u00f8yder. Lysestaken er ubehandlet, s\u00e5 husk \u00e5 t\u00f8rke av den om den kommer i kontakt med vann.<\/p>\n<p>&nbsp;<\/p>\n","protected":false},"excerpt":{"rendered":"<p>20\/30\/40\/50\/60 cm<\/p>\n","protected":false},"featured_media":4207,"template":"","meta":[],"yoast_head":"<!-- This site is optimized with the Yoast SEO plugin v15.2.1 - https:\/\/yoast.com\/wordpress\/plugins\/seo\/ -->\n<title>Ljusstake i fem olika h\u00f6jder som skapar en st\u00e5tligt uttryck i stor m\u00e4ngd<\/title>\n<meta name=\"description\" content=\"Ljusstake i obehandlat st\u00e5l i fem olika h\u00f6jder. Vacker som singel eller i stor m\u00e4ngd. Samla till en stor och st\u00e5tlig grupp som ger vacker v\u00e4rme.\" \/>\n<meta name=\"robots\" content=\"index, follow, max-snippet:-1, max-image-preview:large, max-video-preview:-1\" \/>\n<link rel=\"canonical\" href=\"https:\/\/www.grafitgradev.se\/no\/produkt\/ljusstake\/\" \/>\n<meta property=\"og:locale\" content=\"nb_NO\" \/>\n<meta property=\"og:type\" content=\"article\" \/>\n<meta property=\"og:title\" content=\"Ljusstake i fem olika h\u00f6jder som skapar en st\u00e5tligt uttryck i stor m\u00e4ngd\" \/>\n<meta property=\"og:description\" content=\"Ljusstake i obehandlat st\u00e5l i fem olika h\u00f6jder. Vacker som singel eller i stor m\u00e4ngd. Samla till en stor och st\u00e5tlig grupp som ger vacker v\u00e4rme.\" \/>\n<meta property=\"og:url\" content=\"https:\/\/www.grafitgradev.se\/no\/produkt\/ljusstake\/\" \/>\n<meta property=\"og:site_name\" content=\"Grafitgr\u00e5 - Norge\" \/>\n<meta property=\"article:modified_time\" content=\"2020-10-07T11:50:51+00:00\" \/>\n<meta property=\"og:image\" content=\"https:\/\/www.grafitgradev.se\/no\/wp-content\/uploads\/sites\/5\/2020\/06\/160513_0Supporter_20160513122189-kopiera-1.png\" \/>\n\t<meta property=\"og:image:width\" content=\"2000\" \/>\n\t<meta property=\"og:image:height\" content=\"1200\" \/>\n<meta name=\"twitter:card\" content=\"summary_large_image\" \/>\n<meta name=\"twitter:label1\" content=\"Skrevet av\">\n\t<meta name=\"twitter:data1\" content=\"Trafikbyr\u00e5n\">\n\t<meta name=\"twitter:label2\" content=\"Ansl. lesetid\">\n\t<meta name=\"twitter:data2\" content=\"0 minutter\">\n<script type=\"application\/ld+json\" class=\"yoast-schema-graph\">{\"@context\":\"https:\/\/schema.org\",\"@graph\":[{\"@type\":\"WebSite\",\"@id\":\"https:\/\/www.grafitgradev.se\/no\/#website\",\"url\":\"https:\/\/www.grafitgradev.se\/no\/\",\"name\":\"Grafitgr\\u00e5 - Norge\",\"description\":\"Grafitgr\\u00e5 Norway\",\"potentialAction\":[{\"@type\":\"SearchAction\",\"target\":\"https:\/\/www.grafitgradev.se\/no\/?s={search_term_string}\",\"query-input\":\"required name=search_term_string\"}],\"inLanguage\":\"nb-NO\"},{\"@type\":\"ImageObject\",\"@id\":\"https:\/\/www.grafitgradev.se\/no\/produkt\/ljusstake\/#primaryimage\",\"inLanguage\":\"nb-NO\",\"url\":\"https:\/\/www.grafitgradev.se\/no\/wp-content\/uploads\/sites\/5\/2020\/06\/160513_0Supporter_20160513122189-kopiera-1.png\",\"width\":2000,\"height\":1200},{\"@type\":\"WebPage\",\"@id\":\"https:\/\/www.grafitgradev.se\/no\/produkt\/ljusstake\/#webpage\",\"url\":\"https:\/\/www.grafitgradev.se\/no\/produkt\/ljusstake\/\",\"name\":\"Ljusstake i fem olika h\\u00f6jder som skapar en st\\u00e5tligt uttryck i stor m\\u00e4ngd\",\"isPartOf\":{\"@id\":\"https:\/\/www.grafitgradev.se\/no\/#website\"},\"primaryImageOfPage\":{\"@id\":\"https:\/\/www.grafitgradev.se\/no\/produkt\/ljusstake\/#primaryimage\"},\"datePublished\":\"2020-06-29T14:03:25+00:00\",\"dateModified\":\"2020-10-07T11:50:51+00:00\",\"description\":\"Ljusstake i obehandlat st\\u00e5l i fem olika h\\u00f6jder. Vacker som singel eller i stor m\\u00e4ngd. Samla till en stor och st\\u00e5tlig grupp som ger vacker v\\u00e4rme.\",\"inLanguage\":\"nb-NO\",\"potentialAction\":[{\"@type\":\"ReadAction\",\"target\":[\"https:\/\/www.grafitgradev.se\/no\/produkt\/ljusstake\/\"]}]}]}<\/script>\n<!-- \/ Yoast SEO plugin. -->","_links":{"self":[{"href":"https:\/\/www.grafitgradev.se\/no\/wp-json\/wp\/v2\/product\/4102"}],"collection":[{"href":"https:\/\/www.grafitgradev.se\/no\/wp-json\/wp\/v2\/product"}],"about":[{"href":"https:\/\/www.grafitgradev.se\/no\/wp-json\/wp\/v2\/types\/product"}],"wp:featuredmedia":[{"embeddable":true,"href":"https:\/\/www.grafitgradev.se\/no\/wp-json\/wp\/v2\/media\/4207"}],"wp:attachment":[{"href":"https:\/\/www.grafitgradev.se\/no\/wp-json\/wp\/v2\/media?parent=4102"}],"curies":[{"name":"wp","href":"https:\/\/api.w.org\/{rel}","templated":true}]}}