{"id":4103,"date":"2020-06-29T16:03:26","date_gmt":"2020-06-29T14:03:26","guid":{"rendered":"https:\/\/www.grafitgradev.se\/no\/produkt\/import-placeholder-for-1653\/"},"modified":"2020-10-07T13:43:43","modified_gmt":"2020-10-07T11:43:43","slug":"golvljusstake","status":"publish","type":"product","link":"https:\/\/www.grafitgradev.se\/no\/produkt\/golvljusstake\/","title":{"rendered":"Gulvlysestake"},"content":{"rendered":"<p>En gulvlystestake som er fin i store mengder, men ogs\u00e5 i dens enkle ensomhet. Lysestaken finnes i tre ulike h\u00f8yder man kan kombinere sammen. Laget i ubehandlet st\u00e5l.<\/p>\n<p>&nbsp;<\/p>\n","protected":false},"excerpt":{"rendered":"<p style=\"text-align: center;\">105-135 cm<\/p>\n","protected":false},"featured_media":4353,"template":"","meta":[],"yoast_head":"<!-- This site is optimized with the Yoast SEO plugin v15.2.1 - https:\/\/yoast.com\/wordpress\/plugins\/seo\/ -->\n<title>Golvljusstake fr\u00e5n Grafitgr\u00e5 - Snygg i stor m\u00e4ngd eller som singel<\/title>\n<meta name=\"description\" content=\"En ny golvljusstake som \u00e4r fin i stor m\u00e4ngd. Ljusstaken finns i tre olika h\u00f6jder att kombinera tillsammans. Den \u00e4r tillverkad i obehandlat st\u00e5l.\" \/>\n<meta name=\"robots\" content=\"index, follow, max-snippet:-1, max-image-preview:large, max-video-preview:-1\" \/>\n<link rel=\"canonical\" href=\"https:\/\/www.grafitgradev.se\/no\/produkt\/golvljusstake\/\" \/>\n<meta property=\"og:locale\" content=\"nb_NO\" \/>\n<meta property=\"og:type\" content=\"article\" \/>\n<meta property=\"og:title\" content=\"Golvljusstake fr\u00e5n Grafitgr\u00e5 - Snygg i stor m\u00e4ngd eller som singel\" \/>\n<meta property=\"og:description\" content=\"En ny golvljusstake som \u00e4r fin i stor m\u00e4ngd. Ljusstaken finns i tre olika h\u00f6jder att kombinera tillsammans. Den \u00e4r tillverkad i obehandlat st\u00e5l.\" \/>\n<meta property=\"og:url\" content=\"https:\/\/www.grafitgradev.se\/no\/produkt\/golvljusstake\/\" \/>\n<meta property=\"og:site_name\" content=\"Grafitgr\u00e5 - Norge\" \/>\n<meta property=\"article:modified_time\" content=\"2020-10-07T11:43:43+00:00\" \/>\n<meta property=\"og:image\" content=\"https:\/\/www.grafitgradev.se\/no\/wp-content\/uploads\/sites\/5\/2020\/06\/GRA_Ljusstakar-utan_WEB-1.png\" \/>\n\t<meta property=\"og:image:width\" content=\"2400\" \/>\n\t<meta property=\"og:image:height\" content=\"1200\" \/>\n<meta name=\"twitter:card\" content=\"summary_large_image\" \/>\n<meta name=\"twitter:label1\" content=\"Skrevet av\">\n\t<meta name=\"twitter:data1\" content=\"Trafikbyr\u00e5n\">\n\t<meta name=\"twitter:label2\" content=\"Ansl. lesetid\">\n\t<meta name=\"twitter:data2\" content=\"0 minutter\">\n<script type=\"application\/ld+json\" class=\"yoast-schema-graph\">{\"@context\":\"https:\/\/schema.org\",\"@graph\":[{\"@type\":\"WebSite\",\"@id\":\"https:\/\/www.grafitgradev.se\/no\/#website\",\"url\":\"https:\/\/www.grafitgradev.se\/no\/\",\"name\":\"Grafitgr\\u00e5 - Norge\",\"description\":\"Grafitgr\\u00e5 Norway\",\"potentialAction\":[{\"@type\":\"SearchAction\",\"target\":\"https:\/\/www.grafitgradev.se\/no\/?s={search_term_string}\",\"query-input\":\"required name=search_term_string\"}],\"inLanguage\":\"nb-NO\"},{\"@type\":\"ImageObject\",\"@id\":\"https:\/\/www.grafitgradev.se\/no\/produkt\/golvljusstake\/#primaryimage\",\"inLanguage\":\"nb-NO\",\"url\":\"https:\/\/www.grafitgradev.se\/no\/wp-content\/uploads\/sites\/5\/2020\/06\/GRA_Ljusstakar-utan_WEB-1.png\",\"width\":2400,\"height\":1200},{\"@type\":\"WebPage\",\"@id\":\"https:\/\/www.grafitgradev.se\/no\/produkt\/golvljusstake\/#webpage\",\"url\":\"https:\/\/www.grafitgradev.se\/no\/produkt\/golvljusstake\/\",\"name\":\"Golvljusstake fr\\u00e5n Grafitgr\\u00e5 - Snygg i stor m\\u00e4ngd eller som singel\",\"isPartOf\":{\"@id\":\"https:\/\/www.grafitgradev.se\/no\/#website\"},\"primaryImageOfPage\":{\"@id\":\"https:\/\/www.grafitgradev.se\/no\/produkt\/golvljusstake\/#primaryimage\"},\"datePublished\":\"2020-06-29T14:03:26+00:00\",\"dateModified\":\"2020-10-07T11:43:43+00:00\",\"description\":\"En ny golvljusstake som \\u00e4r fin i stor m\\u00e4ngd. Ljusstaken finns i tre olika h\\u00f6jder att kombinera tillsammans. Den \\u00e4r tillverkad i obehandlat st\\u00e5l.\",\"inLanguage\":\"nb-NO\",\"potentialAction\":[{\"@type\":\"ReadAction\",\"target\":[\"https:\/\/www.grafitgradev.se\/no\/produkt\/golvljusstake\/\"]}]}]}<\/script>\n<!-- \/ Yoast SEO plugin. -->","_links":{"self":[{"href":"https:\/\/www.grafitgradev.se\/no\/wp-json\/wp\/v2\/product\/4103"}],"collection":[{"href":"https:\/\/www.grafitgradev.se\/no\/wp-json\/wp\/v2\/product"}],"about":[{"href":"https:\/\/www.grafitgradev.se\/no\/wp-json\/wp\/v2\/types\/product"}],"wp:featuredmedia":[{"embeddable":true,"href":"https:\/\/www.grafitgradev.se\/no\/wp-json\/wp\/v2\/media\/4353"}],"wp:attachment":[{"href":"https:\/\/www.grafitgradev.se\/no\/wp-json\/wp\/v2\/media?parent=4103"}],"curies":[{"name":"wp","href":"https:\/\/api.w.org\/{rel}","templated":true}]}}