{"id":4106,"date":"2020-06-29T16:03:26","date_gmt":"2020-06-29T14:03:26","guid":{"rendered":"https:\/\/www.grafitgradev.se\/no\/produkt\/import-placeholder-for-145\/"},"modified":"2020-10-07T14:01:44","modified_gmt":"2020-10-07T12:01:44","slug":"kryss-20","status":"publish","type":"product","link":"https:\/\/www.grafitgradev.se\/no\/produkt\/kryss-20\/","title":{"rendered":"Kryss 20"},"content":{"rendered":"<p>Lysestake for stearinlys som best\u00e5r av to deler som kobles sammen. Fin alene eller i mengde. Skap ditt eget unike m\u00f8nster ved \u00e5 plassere dem sammen. Lyset fra omgivelsene og skinner fra flammen gir effektfullt skyggespill. N\u00e5r julen n\u00e6rmer seg, er det fint \u00e5 stille fire Kryss p\u00e5 rad og fylle kamrene med for eksempel mose.<\/p>\n<p>&nbsp;<\/p>\n<p>Som fra korsets midt str\u00e5ler varme og lys fra hjertet. Herfra utg\u00e5r livet. V\u00e6r et lys i m\u00f8rket. V\u00e6r en plass hvor mennesker f\u00f8ler trygghet og n\u00e6rhet. I den verdenen vi lever i, trenger vi \u00e5 bli omgitt og omsluttet av ekte fred.<\/p>\n<p>&nbsp;<\/p>\n","protected":false},"excerpt":{"rendered":"<p>20&#215;6 cm<\/p>\n","protected":false},"featured_media":3932,"template":"","meta":[],"yoast_head":"<!-- This site is optimized with the Yoast SEO plugin v15.2.1 - https:\/\/yoast.com\/wordpress\/plugins\/seo\/ -->\n<title>Kryss 20 designad av Grafitgr\u00e5 Ljusstake kan bli en adventsljusstake<\/title>\n<meta name=\"description\" content=\"Ljusstake f\u00f6r stearinljus. Placera fyra i rad eller som kvadrat och dekorera facken d\u00e4r emellan med exempel mossa. Fin att duka med p\u00e5 bordet.\" \/>\n<meta name=\"robots\" content=\"index, follow, max-snippet:-1, max-image-preview:large, max-video-preview:-1\" \/>\n<link rel=\"canonical\" href=\"https:\/\/www.grafitgradev.se\/no\/produkt\/kryss-20\/\" \/>\n<meta property=\"og:locale\" content=\"nb_NO\" \/>\n<meta property=\"og:type\" content=\"article\" \/>\n<meta property=\"og:title\" content=\"Kryss 20 designad av Grafitgr\u00e5 Ljusstake kan bli en adventsljusstake\" \/>\n<meta property=\"og:description\" content=\"Ljusstake f\u00f6r stearinljus. Placera fyra i rad eller som kvadrat och dekorera facken d\u00e4r emellan med exempel mossa. Fin att duka med p\u00e5 bordet.\" \/>\n<meta property=\"og:url\" content=\"https:\/\/www.grafitgradev.se\/no\/produkt\/kryss-20\/\" \/>\n<meta property=\"og:site_name\" content=\"Grafitgr\u00e5 - Norge\" \/>\n<meta property=\"article:modified_time\" content=\"2020-10-07T12:01:44+00:00\" \/>\n<meta property=\"og:image\" content=\"https:\/\/www.grafitgradev.se\/no\/wp-content\/uploads\/sites\/5\/2020\/06\/kryss20-tillsammans-2-1.png\" \/>\n\t<meta property=\"og:image:width\" content=\"2000\" \/>\n\t<meta property=\"og:image:height\" content=\"1200\" \/>\n<meta name=\"twitter:card\" content=\"summary_large_image\" \/>\n<meta name=\"twitter:label1\" content=\"Skrevet av\">\n\t<meta name=\"twitter:data1\" content=\"Trafikbyr\u00e5n\">\n\t<meta name=\"twitter:label2\" content=\"Ansl. lesetid\">\n\t<meta name=\"twitter:data2\" content=\"0 minutter\">\n<script type=\"application\/ld+json\" class=\"yoast-schema-graph\">{\"@context\":\"https:\/\/schema.org\",\"@graph\":[{\"@type\":\"WebSite\",\"@id\":\"https:\/\/www.grafitgradev.se\/no\/#website\",\"url\":\"https:\/\/www.grafitgradev.se\/no\/\",\"name\":\"Grafitgr\\u00e5 - Norge\",\"description\":\"Grafitgr\\u00e5 Norway\",\"potentialAction\":[{\"@type\":\"SearchAction\",\"target\":\"https:\/\/www.grafitgradev.se\/no\/?s={search_term_string}\",\"query-input\":\"required name=search_term_string\"}],\"inLanguage\":\"nb-NO\"},{\"@type\":\"ImageObject\",\"@id\":\"https:\/\/www.grafitgradev.se\/no\/produkt\/kryss-20\/#primaryimage\",\"inLanguage\":\"nb-NO\",\"url\":\"https:\/\/www.grafitgradev.se\/no\/wp-content\/uploads\/sites\/5\/2020\/06\/kryss20-tillsammans-2-1.png\",\"width\":2000,\"height\":1200},{\"@type\":\"WebPage\",\"@id\":\"https:\/\/www.grafitgradev.se\/no\/produkt\/kryss-20\/#webpage\",\"url\":\"https:\/\/www.grafitgradev.se\/no\/produkt\/kryss-20\/\",\"name\":\"Kryss 20 designad av Grafitgr\\u00e5 Ljusstake kan bli en adventsljusstake\",\"isPartOf\":{\"@id\":\"https:\/\/www.grafitgradev.se\/no\/#website\"},\"primaryImageOfPage\":{\"@id\":\"https:\/\/www.grafitgradev.se\/no\/produkt\/kryss-20\/#primaryimage\"},\"datePublished\":\"2020-06-29T14:03:26+00:00\",\"dateModified\":\"2020-10-07T12:01:44+00:00\",\"description\":\"Ljusstake f\\u00f6r stearinljus. Placera fyra i rad eller som kvadrat och dekorera facken d\\u00e4r emellan med exempel mossa. Fin att duka med p\\u00e5 bordet.\",\"inLanguage\":\"nb-NO\",\"potentialAction\":[{\"@type\":\"ReadAction\",\"target\":[\"https:\/\/www.grafitgradev.se\/no\/produkt\/kryss-20\/\"]}]}]}<\/script>\n<!-- \/ Yoast SEO plugin. -->","_links":{"self":[{"href":"https:\/\/www.grafitgradev.se\/no\/wp-json\/wp\/v2\/product\/4106"}],"collection":[{"href":"https:\/\/www.grafitgradev.se\/no\/wp-json\/wp\/v2\/product"}],"about":[{"href":"https:\/\/www.grafitgradev.se\/no\/wp-json\/wp\/v2\/types\/product"}],"wp:featuredmedia":[{"embeddable":true,"href":"https:\/\/www.grafitgradev.se\/no\/wp-json\/wp\/v2\/media\/3932"}],"wp:attachment":[{"href":"https:\/\/www.grafitgradev.se\/no\/wp-json\/wp\/v2\/media?parent=4106"}],"curies":[{"name":"wp","href":"https:\/\/api.w.org\/{rel}","templated":true}]}}