{"id":4116,"date":"2020-06-29T16:03:27","date_gmt":"2020-06-29T14:03:27","guid":{"rendered":"https:\/\/www.grafitgradev.se\/no\/produkt\/import-placeholder-for-162\/"},"modified":"2020-10-08T08:46:11","modified_gmt":"2020-10-08T06:46:11","slug":"bordstablett-rund","status":"publish","type":"product","link":"https:\/\/www.grafitgradev.se\/no\/produkt\/bordstablett-rund\/","title":{"rendered":"Bordbrikke rund"},"content":{"rendered":"<p>Bordbrikken er fin \u00e5 dekke med b\u00e5de til hverdags og til fest, og du kan putte bestikket innenfor merkelappen med logo p\u00e5. Til og med fin \u00e5 bruke som duk. Brikken kan du t\u00f8rke av, skylle gjennom og til og med vaske p\u00e5 ullprogram (30\u00b0C). Den er lik p\u00e5 begge sider, s\u00e5 man kan bruke den begge veier. Brikken er laget i m\u00f8rkegr\u00e5 ull\/polyester.<\/p>\n<p>&nbsp;<\/p>\n","protected":false},"excerpt":{"rendered":"<p>\u00d835 cm<\/p>\n","protected":false},"featured_media":4242,"template":"","meta":[],"yoast_head":"<!-- This site is optimized with the Yoast SEO plugin v15.2.1 - https:\/\/yoast.com\/wordpress\/plugins\/seo\/ -->\n<title>Bordstablett rund designad av Grafitgr\u00e5 Duka till fest eller l\u00e4gg som duk<\/title>\n<meta name=\"description\" content=\"Bordstablett - Fin att duka med b\u00e5de till fest och vardags, snyggt att placera besticken i Grafitgr\u00e5-taggen. \u00c4ven fin att anv\u00e4nda som duk.\" \/>\n<meta name=\"robots\" content=\"index, follow, max-snippet:-1, max-image-preview:large, max-video-preview:-1\" \/>\n<link rel=\"canonical\" href=\"https:\/\/www.grafitgradev.se\/no\/produkt\/bordstablett-rund\/\" \/>\n<meta property=\"og:locale\" content=\"nb_NO\" \/>\n<meta property=\"og:type\" content=\"article\" \/>\n<meta property=\"og:title\" content=\"Bordstablett rund designad av Grafitgr\u00e5 Duka till fest eller l\u00e4gg som duk\" \/>\n<meta property=\"og:description\" content=\"Bordstablett - Fin att duka med b\u00e5de till fest och vardags, snyggt att placera besticken i Grafitgr\u00e5-taggen. \u00c4ven fin att anv\u00e4nda som duk.\" \/>\n<meta property=\"og:url\" content=\"https:\/\/www.grafitgradev.se\/no\/produkt\/bordstablett-rund\/\" \/>\n<meta property=\"og:site_name\" content=\"Grafitgr\u00e5 - Norge\" \/>\n<meta property=\"article:modified_time\" content=\"2020-10-08T06:46:11+00:00\" \/>\n<meta property=\"og:image\" content=\"https:\/\/www.grafitgradev.se\/no\/wp-content\/uploads\/sites\/5\/2020\/06\/Grafit_tablettrund-1.png\" \/>\n\t<meta property=\"og:image:width\" content=\"2000\" \/>\n\t<meta property=\"og:image:height\" content=\"1200\" \/>\n<meta name=\"twitter:card\" content=\"summary_large_image\" \/>\n<meta name=\"twitter:label1\" content=\"Skrevet av\">\n\t<meta name=\"twitter:data1\" content=\"Trafikbyr\u00e5n\">\n\t<meta name=\"twitter:label2\" content=\"Ansl. lesetid\">\n\t<meta name=\"twitter:data2\" content=\"0 minutter\">\n<script type=\"application\/ld+json\" class=\"yoast-schema-graph\">{\"@context\":\"https:\/\/schema.org\",\"@graph\":[{\"@type\":\"WebSite\",\"@id\":\"https:\/\/www.grafitgradev.se\/no\/#website\",\"url\":\"https:\/\/www.grafitgradev.se\/no\/\",\"name\":\"Grafitgr\\u00e5 - Norge\",\"description\":\"Grafitgr\\u00e5 Norway\",\"potentialAction\":[{\"@type\":\"SearchAction\",\"target\":\"https:\/\/www.grafitgradev.se\/no\/?s={search_term_string}\",\"query-input\":\"required name=search_term_string\"}],\"inLanguage\":\"nb-NO\"},{\"@type\":\"ImageObject\",\"@id\":\"https:\/\/www.grafitgradev.se\/no\/produkt\/bordstablett-rund\/#primaryimage\",\"inLanguage\":\"nb-NO\",\"url\":\"https:\/\/www.grafitgradev.se\/no\/wp-content\/uploads\/sites\/5\/2020\/06\/Grafit_tablettrund-1.png\",\"width\":2000,\"height\":1200},{\"@type\":\"WebPage\",\"@id\":\"https:\/\/www.grafitgradev.se\/no\/produkt\/bordstablett-rund\/#webpage\",\"url\":\"https:\/\/www.grafitgradev.se\/no\/produkt\/bordstablett-rund\/\",\"name\":\"Bordstablett rund designad av Grafitgr\\u00e5 Duka till fest eller l\\u00e4gg som duk\",\"isPartOf\":{\"@id\":\"https:\/\/www.grafitgradev.se\/no\/#website\"},\"primaryImageOfPage\":{\"@id\":\"https:\/\/www.grafitgradev.se\/no\/produkt\/bordstablett-rund\/#primaryimage\"},\"datePublished\":\"2020-06-29T14:03:27+00:00\",\"dateModified\":\"2020-10-08T06:46:11+00:00\",\"description\":\"Bordstablett - Fin att duka med b\\u00e5de till fest och vardags, snyggt att placera besticken i Grafitgr\\u00e5-taggen. \\u00c4ven fin att anv\\u00e4nda som duk.\",\"inLanguage\":\"nb-NO\",\"potentialAction\":[{\"@type\":\"ReadAction\",\"target\":[\"https:\/\/www.grafitgradev.se\/no\/produkt\/bordstablett-rund\/\"]}]}]}<\/script>\n<!-- \/ Yoast SEO plugin. -->","_links":{"self":[{"href":"https:\/\/www.grafitgradev.se\/no\/wp-json\/wp\/v2\/product\/4116"}],"collection":[{"href":"https:\/\/www.grafitgradev.se\/no\/wp-json\/wp\/v2\/product"}],"about":[{"href":"https:\/\/www.grafitgradev.se\/no\/wp-json\/wp\/v2\/types\/product"}],"wp:featuredmedia":[{"embeddable":true,"href":"https:\/\/www.grafitgradev.se\/no\/wp-json\/wp\/v2\/media\/4242"}],"wp:attachment":[{"href":"https:\/\/www.grafitgradev.se\/no\/wp-json\/wp\/v2\/media?parent=4116"}],"curies":[{"name":"wp","href":"https:\/\/api.w.org\/{rel}","templated":true}]}}