{"id":4117,"date":"2020-06-29T16:03:27","date_gmt":"2020-06-29T14:03:27","guid":{"rendered":"https:\/\/www.grafitgradev.se\/no\/produkt\/import-placeholder-for-1026\/"},"modified":"2020-10-07T14:03:12","modified_gmt":"2020-10-07T12:03:12","slug":"bordslopare","status":"publish","type":"product","link":"https:\/\/www.grafitgradev.se\/no\/produkt\/bordslopare\/","title":{"rendered":"Bordl\u00f8per"},"content":{"rendered":"<p>Bordl\u00f8peren er fin b\u00e5de til hverdags og fest. Den kan ligge p\u00e5 dekken bord, men ogs\u00e5 bli brukt i hverdagen. L\u00f8peren kan du t\u00f8rke av, skylle og til og med vaske p\u00e5 ullprogram p\u00e5 30 grader. Forsiden og baksiden er like, s\u00e5 du kan bruke den p\u00e5 begge sider. L\u00f8peren er laget i m\u00f8rkegr\u00e5 ull\/polyester.<\/p>\n<p>&nbsp;<\/p>\n","protected":false},"excerpt":{"rendered":"<p>120&#215;35 cm<\/p>\n","protected":false},"featured_media":4258,"template":"","meta":[],"yoast_head":"<!-- This site is optimized with the Yoast SEO plugin v15.2.1 - https:\/\/yoast.com\/wordpress\/plugins\/seo\/ -->\n<title>Bordsl\u00f6pare designad av Grafitgr\u00e5 Duka f\u00f6r fest eller vardag<\/title>\n<meta name=\"description\" content=\"Bordsl\u00f6paren \u00e4r fin b\u00e5de till vardags och fest. Den kan ligga b\u00e5de p\u00e5 det dukade bordet men \u00e4ven till vardags. Den \u00e4r l\u00e4tt att torka av och h\u00e5lla ren.\" \/>\n<meta name=\"robots\" content=\"index, follow, max-snippet:-1, max-image-preview:large, max-video-preview:-1\" \/>\n<link rel=\"canonical\" href=\"https:\/\/www.grafitgradev.se\/no\/produkt\/bordslopare\/\" \/>\n<meta property=\"og:locale\" content=\"nb_NO\" \/>\n<meta property=\"og:type\" content=\"article\" \/>\n<meta property=\"og:title\" content=\"Bordsl\u00f6pare designad av Grafitgr\u00e5 Duka f\u00f6r fest eller vardag\" \/>\n<meta property=\"og:description\" content=\"Bordsl\u00f6paren \u00e4r fin b\u00e5de till vardags och fest. Den kan ligga b\u00e5de p\u00e5 det dukade bordet men \u00e4ven till vardags. Den \u00e4r l\u00e4tt att torka av och h\u00e5lla ren.\" \/>\n<meta property=\"og:url\" content=\"https:\/\/www.grafitgradev.se\/no\/produkt\/bordslopare\/\" \/>\n<meta property=\"og:site_name\" content=\"Grafitgr\u00e5 - Norge\" \/>\n<meta property=\"article:modified_time\" content=\"2020-10-07T12:03:12+00:00\" \/>\n<meta property=\"og:image\" content=\"https:\/\/www.grafitgradev.se\/no\/wp-content\/uploads\/sites\/5\/2020\/06\/Grafit_lopare-med-skugga-1.png\" \/>\n\t<meta property=\"og:image:width\" content=\"2000\" \/>\n\t<meta property=\"og:image:height\" content=\"1200\" \/>\n<meta name=\"twitter:card\" content=\"summary_large_image\" \/>\n<meta name=\"twitter:label1\" content=\"Skrevet av\">\n\t<meta name=\"twitter:data1\" content=\"Trafikbyr\u00e5n\">\n\t<meta name=\"twitter:label2\" content=\"Ansl. lesetid\">\n\t<meta name=\"twitter:data2\" content=\"0 minutter\">\n<script type=\"application\/ld+json\" class=\"yoast-schema-graph\">{\"@context\":\"https:\/\/schema.org\",\"@graph\":[{\"@type\":\"WebSite\",\"@id\":\"https:\/\/www.grafitgradev.se\/no\/#website\",\"url\":\"https:\/\/www.grafitgradev.se\/no\/\",\"name\":\"Grafitgr\\u00e5 - Norge\",\"description\":\"Grafitgr\\u00e5 Norway\",\"potentialAction\":[{\"@type\":\"SearchAction\",\"target\":\"https:\/\/www.grafitgradev.se\/no\/?s={search_term_string}\",\"query-input\":\"required name=search_term_string\"}],\"inLanguage\":\"nb-NO\"},{\"@type\":\"ImageObject\",\"@id\":\"https:\/\/www.grafitgradev.se\/no\/produkt\/bordslopare\/#primaryimage\",\"inLanguage\":\"nb-NO\",\"url\":\"https:\/\/www.grafitgradev.se\/no\/wp-content\/uploads\/sites\/5\/2020\/06\/Grafit_lopare-med-skugga-1.png\",\"width\":2000,\"height\":1200},{\"@type\":\"WebPage\",\"@id\":\"https:\/\/www.grafitgradev.se\/no\/produkt\/bordslopare\/#webpage\",\"url\":\"https:\/\/www.grafitgradev.se\/no\/produkt\/bordslopare\/\",\"name\":\"Bordsl\\u00f6pare designad av Grafitgr\\u00e5 Duka f\\u00f6r fest eller vardag\",\"isPartOf\":{\"@id\":\"https:\/\/www.grafitgradev.se\/no\/#website\"},\"primaryImageOfPage\":{\"@id\":\"https:\/\/www.grafitgradev.se\/no\/produkt\/bordslopare\/#primaryimage\"},\"datePublished\":\"2020-06-29T14:03:27+00:00\",\"dateModified\":\"2020-10-07T12:03:12+00:00\",\"description\":\"Bordsl\\u00f6paren \\u00e4r fin b\\u00e5de till vardags och fest. Den kan ligga b\\u00e5de p\\u00e5 det dukade bordet men \\u00e4ven till vardags. Den \\u00e4r l\\u00e4tt att torka av och h\\u00e5lla ren.\",\"inLanguage\":\"nb-NO\",\"potentialAction\":[{\"@type\":\"ReadAction\",\"target\":[\"https:\/\/www.grafitgradev.se\/no\/produkt\/bordslopare\/\"]}]}]}<\/script>\n<!-- \/ Yoast SEO plugin. -->","_links":{"self":[{"href":"https:\/\/www.grafitgradev.se\/no\/wp-json\/wp\/v2\/product\/4117"}],"collection":[{"href":"https:\/\/www.grafitgradev.se\/no\/wp-json\/wp\/v2\/product"}],"about":[{"href":"https:\/\/www.grafitgradev.se\/no\/wp-json\/wp\/v2\/types\/product"}],"wp:featuredmedia":[{"embeddable":true,"href":"https:\/\/www.grafitgradev.se\/no\/wp-json\/wp\/v2\/media\/4258"}],"wp:attachment":[{"href":"https:\/\/www.grafitgradev.se\/no\/wp-json\/wp\/v2\/media?parent=4117"}],"curies":[{"name":"wp","href":"https:\/\/api.w.org\/{rel}","templated":true}]}}