{"id":4119,"date":"2020-06-29T16:03:27","date_gmt":"2020-06-29T14:03:27","guid":{"rendered":"https:\/\/www.grafitgradev.se\/no\/produkt\/import-placeholder-for-1095\/"},"modified":"2020-10-07T14:04:49","modified_gmt":"2020-10-07T12:04:49","slug":"glasunderlagg-4-p","status":"publish","type":"product","link":"https:\/\/www.grafitgradev.se\/no\/produkt\/glasunderlagg-4-p\/","title":{"rendered":"Glassunderlag 4-pakk"},"content":{"rendered":"<p>Glassunderlag i m\u00f8rkegr\u00e5 ull\/polyester. Fin \u00e5 bruke til glass og flasker n\u00e5r du dekker p\u00e5. Selges i 4-pakk. Underlagene kan du t\u00f8rke av, skylle gjennom og til og med vaske p\u00e5 30 grader.<\/p>\n<p>&nbsp;<\/p>\n","protected":false},"excerpt":{"rendered":"<p>\u00d810 cm<\/p>\n","protected":false},"featured_media":4254,"template":"","meta":[],"yoast_head":"<!-- This site is optimized with the Yoast SEO plugin v15.2.1 - https:\/\/yoast.com\/wordpress\/plugins\/seo\/ -->\n<title>Glasunderl\u00e4gg i 4-pack designade av Grafitgr\u00e5 F\u00f6rh\u00f6jer dukningen<\/title>\n<meta name=\"description\" content=\"Glasunderl\u00e4gg i m\u00f6rkgr\u00e5 ull\/polyester. Fina att av\u00e4nda till glas och flaskor vid dukning. F\u00f6rh\u00f6jer dukning vid fest och suddar bordet fr\u00e5n ringm\u00e4rken.\" \/>\n<meta name=\"robots\" content=\"index, follow, max-snippet:-1, max-image-preview:large, max-video-preview:-1\" \/>\n<link rel=\"canonical\" href=\"https:\/\/www.grafitgradev.se\/no\/produkt\/glasunderlagg-4-p\/\" \/>\n<meta property=\"og:locale\" content=\"nb_NO\" \/>\n<meta property=\"og:type\" content=\"article\" \/>\n<meta property=\"og:title\" content=\"Glasunderl\u00e4gg i 4-pack designade av Grafitgr\u00e5 F\u00f6rh\u00f6jer dukningen\" \/>\n<meta property=\"og:description\" content=\"Glasunderl\u00e4gg i m\u00f6rkgr\u00e5 ull\/polyester. Fina att av\u00e4nda till glas och flaskor vid dukning. F\u00f6rh\u00f6jer dukning vid fest och suddar bordet fr\u00e5n ringm\u00e4rken.\" \/>\n<meta property=\"og:url\" content=\"https:\/\/www.grafitgradev.se\/no\/produkt\/glasunderlagg-4-p\/\" \/>\n<meta property=\"og:site_name\" content=\"Grafitgr\u00e5 - Norge\" \/>\n<meta property=\"article:modified_time\" content=\"2020-10-07T12:04:49+00:00\" \/>\n<meta property=\"og:image\" content=\"https:\/\/www.grafitgradev.se\/no\/wp-content\/uploads\/sites\/5\/2020\/06\/Flaskunderlagg_tovat-1.png\" \/>\n\t<meta property=\"og:image:width\" content=\"2000\" \/>\n\t<meta property=\"og:image:height\" content=\"1200\" \/>\n<meta name=\"twitter:card\" content=\"summary_large_image\" \/>\n<meta name=\"twitter:label1\" content=\"Skrevet av\">\n\t<meta name=\"twitter:data1\" content=\"Trafikbyr\u00e5n\">\n\t<meta name=\"twitter:label2\" content=\"Ansl. lesetid\">\n\t<meta name=\"twitter:data2\" content=\"0 minutter\">\n<script type=\"application\/ld+json\" class=\"yoast-schema-graph\">{\"@context\":\"https:\/\/schema.org\",\"@graph\":[{\"@type\":\"WebSite\",\"@id\":\"https:\/\/www.grafitgradev.se\/no\/#website\",\"url\":\"https:\/\/www.grafitgradev.se\/no\/\",\"name\":\"Grafitgr\\u00e5 - Norge\",\"description\":\"Grafitgr\\u00e5 Norway\",\"potentialAction\":[{\"@type\":\"SearchAction\",\"target\":\"https:\/\/www.grafitgradev.se\/no\/?s={search_term_string}\",\"query-input\":\"required name=search_term_string\"}],\"inLanguage\":\"nb-NO\"},{\"@type\":\"ImageObject\",\"@id\":\"https:\/\/www.grafitgradev.se\/no\/produkt\/glasunderlagg-4-p\/#primaryimage\",\"inLanguage\":\"nb-NO\",\"url\":\"https:\/\/www.grafitgradev.se\/no\/wp-content\/uploads\/sites\/5\/2020\/06\/Flaskunderlagg_tovat-1.png\",\"width\":2000,\"height\":1200},{\"@type\":\"WebPage\",\"@id\":\"https:\/\/www.grafitgradev.se\/no\/produkt\/glasunderlagg-4-p\/#webpage\",\"url\":\"https:\/\/www.grafitgradev.se\/no\/produkt\/glasunderlagg-4-p\/\",\"name\":\"Glasunderl\\u00e4gg i 4-pack designade av Grafitgr\\u00e5 F\\u00f6rh\\u00f6jer dukningen\",\"isPartOf\":{\"@id\":\"https:\/\/www.grafitgradev.se\/no\/#website\"},\"primaryImageOfPage\":{\"@id\":\"https:\/\/www.grafitgradev.se\/no\/produkt\/glasunderlagg-4-p\/#primaryimage\"},\"datePublished\":\"2020-06-29T14:03:27+00:00\",\"dateModified\":\"2020-10-07T12:04:49+00:00\",\"description\":\"Glasunderl\\u00e4gg i m\\u00f6rkgr\\u00e5 ull\/polyester. Fina att av\\u00e4nda till glas och flaskor vid dukning. F\\u00f6rh\\u00f6jer dukning vid fest och suddar bordet fr\\u00e5n ringm\\u00e4rken.\",\"inLanguage\":\"nb-NO\",\"potentialAction\":[{\"@type\":\"ReadAction\",\"target\":[\"https:\/\/www.grafitgradev.se\/no\/produkt\/glasunderlagg-4-p\/\"]}]}]}<\/script>\n<!-- \/ Yoast SEO plugin. -->","_links":{"self":[{"href":"https:\/\/www.grafitgradev.se\/no\/wp-json\/wp\/v2\/product\/4119"}],"collection":[{"href":"https:\/\/www.grafitgradev.se\/no\/wp-json\/wp\/v2\/product"}],"about":[{"href":"https:\/\/www.grafitgradev.se\/no\/wp-json\/wp\/v2\/types\/product"}],"wp:featuredmedia":[{"embeddable":true,"href":"https:\/\/www.grafitgradev.se\/no\/wp-json\/wp\/v2\/media\/4254"}],"wp:attachment":[{"href":"https:\/\/www.grafitgradev.se\/no\/wp-json\/wp\/v2\/media?parent=4119"}],"curies":[{"name":"wp","href":"https:\/\/api.w.org\/{rel}","templated":true}]}}