{"id":4199,"date":"2020-06-29T16:05:22","date_gmt":"2020-06-29T14:05:22","guid":{"rendered":"https:\/\/www.grafitgradev.se\/no\/produkt\/import-placeholder-for-1170\/"},"modified":"2020-10-24T15:57:31","modified_gmt":"2020-10-24T13:57:31","slug":"disktrasa-gavan-2-pack","status":"publish","type":"product","link":"https:\/\/www.grafitgradev.se\/no\/produkt\/disktrasa-gavan-2-pack\/","title":{"rendered":"Kj\u00f8kkenklut G\u00e5van 2-pakk"},"content":{"rendered":"<p>En gr\u00e5 kj\u00f8kkenklut i 2-pakk. Den ene kluten har en tekst p\u00e5 seg og den andre har Grafitgr\u00e5s logo. Kluten er biologisk nedbrytbar.<\/p>\n<p>&nbsp;<\/p>\n<p>N\u00e6rheten til hverandre. Den st\u00f8rste <em>Gaven<\/em> i livet. \u00c5 bli gledet og oppmuntret. \u00c5 se det beste i andre. <em>I det n\u00e6re m\u00f8tet <\/em>vokser vi. Det er det vi gir, og det vi f\u00e5r ta imot.<\/p>\n<p>&nbsp;<\/p>\n","protected":false},"excerpt":{"rendered":"<p>26x15cm<\/p>\n","protected":false},"featured_media":4800,"template":"","meta":[],"yoast_head":"<!-- This site is optimized with the Yoast SEO plugin v15.2.1 - https:\/\/yoast.com\/wordpress\/plugins\/seo\/ -->\n<title>Kj\u00f8kkenklut G\u00e5van 2-pakk - Grafitgr\u00e5 - Norge<\/title>\n<meta name=\"robots\" content=\"index, follow, max-snippet:-1, max-image-preview:large, max-video-preview:-1\" \/>\n<link rel=\"canonical\" href=\"https:\/\/www.grafitgradev.se\/no\/produkt\/disktrasa-gavan-2-pack\/\" \/>\n<meta property=\"og:locale\" content=\"nb_NO\" \/>\n<meta property=\"og:type\" content=\"article\" \/>\n<meta property=\"og:title\" content=\"Kj\u00f8kkenklut G\u00e5van 2-pakk - Grafitgr\u00e5 - Norge\" \/>\n<meta property=\"og:description\" content=\"26x15cm\" \/>\n<meta property=\"og:url\" content=\"https:\/\/www.grafitgradev.se\/no\/produkt\/disktrasa-gavan-2-pack\/\" \/>\n<meta property=\"og:site_name\" content=\"Grafitgr\u00e5 - Norge\" \/>\n<meta property=\"article:modified_time\" content=\"2020-10-24T13:57:31+00:00\" \/>\n<meta property=\"og:image\" content=\"https:\/\/www.grafitgradev.se\/no\/wp-content\/uploads\/sites\/5\/2020\/06\/C97BCBF1-D4F5-4A3E-9014-AB8B5AB87EBA-1.png\" \/>\n\t<meta property=\"og:image:width\" content=\"2000\" \/>\n\t<meta property=\"og:image:height\" content=\"1333\" \/>\n<meta name=\"twitter:card\" content=\"summary_large_image\" \/>\n<meta name=\"twitter:label1\" content=\"Skrevet av\">\n\t<meta name=\"twitter:data1\" content=\"Trafikbyr\u00e5n\">\n\t<meta name=\"twitter:label2\" content=\"Ansl. lesetid\">\n\t<meta name=\"twitter:data2\" content=\"0 minutter\">\n<script type=\"application\/ld+json\" class=\"yoast-schema-graph\">{\"@context\":\"https:\/\/schema.org\",\"@graph\":[{\"@type\":\"WebSite\",\"@id\":\"https:\/\/www.grafitgradev.se\/no\/#website\",\"url\":\"https:\/\/www.grafitgradev.se\/no\/\",\"name\":\"Grafitgr\\u00e5 - Norge\",\"description\":\"Grafitgr\\u00e5 Norway\",\"potentialAction\":[{\"@type\":\"SearchAction\",\"target\":\"https:\/\/www.grafitgradev.se\/no\/?s={search_term_string}\",\"query-input\":\"required name=search_term_string\"}],\"inLanguage\":\"nb-NO\"},{\"@type\":\"ImageObject\",\"@id\":\"https:\/\/www.grafitgradev.se\/no\/produkt\/disktrasa-gavan-2-pack\/#primaryimage\",\"inLanguage\":\"nb-NO\",\"url\":\"https:\/\/www.grafitgradev.se\/no\/wp-content\/uploads\/sites\/5\/2020\/06\/C97BCBF1-D4F5-4A3E-9014-AB8B5AB87EBA-1.png\",\"width\":2000,\"height\":1333},{\"@type\":\"WebPage\",\"@id\":\"https:\/\/www.grafitgradev.se\/no\/produkt\/disktrasa-gavan-2-pack\/#webpage\",\"url\":\"https:\/\/www.grafitgradev.se\/no\/produkt\/disktrasa-gavan-2-pack\/\",\"name\":\"Kj\\u00f8kkenklut G\\u00e5van 2-pakk - Grafitgr\\u00e5 - Norge\",\"isPartOf\":{\"@id\":\"https:\/\/www.grafitgradev.se\/no\/#website\"},\"primaryImageOfPage\":{\"@id\":\"https:\/\/www.grafitgradev.se\/no\/produkt\/disktrasa-gavan-2-pack\/#primaryimage\"},\"datePublished\":\"2020-06-29T14:05:22+00:00\",\"dateModified\":\"2020-10-24T13:57:31+00:00\",\"inLanguage\":\"nb-NO\",\"potentialAction\":[{\"@type\":\"ReadAction\",\"target\":[\"https:\/\/www.grafitgradev.se\/no\/produkt\/disktrasa-gavan-2-pack\/\"]}]}]}<\/script>\n<!-- \/ Yoast SEO plugin. -->","_links":{"self":[{"href":"https:\/\/www.grafitgradev.se\/no\/wp-json\/wp\/v2\/product\/4199"}],"collection":[{"href":"https:\/\/www.grafitgradev.se\/no\/wp-json\/wp\/v2\/product"}],"about":[{"href":"https:\/\/www.grafitgradev.se\/no\/wp-json\/wp\/v2\/types\/product"}],"wp:featuredmedia":[{"embeddable":true,"href":"https:\/\/www.grafitgradev.se\/no\/wp-json\/wp\/v2\/media\/4800"}],"wp:attachment":[{"href":"https:\/\/www.grafitgradev.se\/no\/wp-json\/wp\/v2\/media?parent=4199"}],"curies":[{"name":"wp","href":"https:\/\/api.w.org\/{rel}","templated":true}]}}