{"id":4216,"date":"2020-06-29T16:05:47","date_gmt":"2020-06-29T14:05:47","guid":{"rendered":"https:\/\/www.grafitgradev.se\/no\/produkt\/import-placeholder-for-461\/"},"modified":"2020-10-07T13:59:56","modified_gmt":"2020-10-07T11:59:56","slug":"stalklamma","status":"publish","type":"product","link":"https:\/\/www.grafitgradev.se\/no\/produkt\/stalklamma\/","title":{"rendered":"St\u00e5lklype"},"content":{"rendered":"<p>St\u00e5lklype til \u00e5 feste bilder og trykk p\u00e5 Grafitgr\u00e5s <strong>Nett lite <\/strong>og <strong>Nett stort<\/strong>. Klypene er ogs\u00e5 fine til \u00e5 henge opp bilder og trykk p\u00e5 veggen med.<\/p>\n<p>&nbsp;<\/p>\n","protected":false},"excerpt":{"rendered":"<p>7-10 cm<\/p>\n","protected":false},"featured_media":4334,"template":"","meta":[],"yoast_head":"<!-- This site is optimized with the Yoast SEO plugin v15.2.1 - https:\/\/yoast.com\/wordpress\/plugins\/seo\/ -->\n<title>St\u00e5lkl\u00e4mma fr\u00e5n Grafitgr\u00e5 - F\u00e4st upp foton och print p\u00e5 Grafitgr\u00e5 n\u00e4t<\/title>\n<meta name=\"description\" content=\"St\u00e5lkl\u00e4mma - f\u00f6r att f\u00e4sta foton och print med p\u00e5 Grafitgr\u00e5 n\u00e4t. Kl\u00e4mmoran \u00e4r \u00e4ven fina att h\u00e4nga upp print och foton i p\u00e5 v\u00e4ggen.\" \/>\n<meta name=\"robots\" content=\"index, follow, max-snippet:-1, max-image-preview:large, max-video-preview:-1\" \/>\n<link rel=\"canonical\" href=\"https:\/\/www.grafitgradev.se\/no\/produkt\/stalklamma\/\" \/>\n<meta property=\"og:locale\" content=\"nb_NO\" \/>\n<meta property=\"og:type\" content=\"article\" \/>\n<meta property=\"og:title\" content=\"St\u00e5lkl\u00e4mma fr\u00e5n Grafitgr\u00e5 - F\u00e4st upp foton och print p\u00e5 Grafitgr\u00e5 n\u00e4t\" \/>\n<meta property=\"og:description\" content=\"St\u00e5lkl\u00e4mma - f\u00f6r att f\u00e4sta foton och print med p\u00e5 Grafitgr\u00e5 n\u00e4t. Kl\u00e4mmoran \u00e4r \u00e4ven fina att h\u00e4nga upp print och foton i p\u00e5 v\u00e4ggen.\" \/>\n<meta property=\"og:url\" content=\"https:\/\/www.grafitgradev.se\/no\/produkt\/stalklamma\/\" \/>\n<meta property=\"og:site_name\" content=\"Grafitgr\u00e5 - Norge\" \/>\n<meta property=\"article:modified_time\" content=\"2020-10-07T11:59:56+00:00\" \/>\n<meta property=\"og:image\" content=\"https:\/\/www.grafitgradev.se\/no\/wp-content\/uploads\/sites\/5\/2020\/06\/prod_klamma_medium-1.jpg\" \/>\n\t<meta property=\"og:image:width\" content=\"750\" \/>\n\t<meta property=\"og:image:height\" content=\"563\" \/>\n<meta name=\"twitter:card\" content=\"summary_large_image\" \/>\n<meta name=\"twitter:label1\" content=\"Skrevet av\">\n\t<meta name=\"twitter:data1\" content=\"Trafikbyr\u00e5n\">\n\t<meta name=\"twitter:label2\" content=\"Ansl. lesetid\">\n\t<meta name=\"twitter:data2\" content=\"0 minutter\">\n<script type=\"application\/ld+json\" class=\"yoast-schema-graph\">{\"@context\":\"https:\/\/schema.org\",\"@graph\":[{\"@type\":\"WebSite\",\"@id\":\"https:\/\/www.grafitgradev.se\/no\/#website\",\"url\":\"https:\/\/www.grafitgradev.se\/no\/\",\"name\":\"Grafitgr\\u00e5 - Norge\",\"description\":\"Grafitgr\\u00e5 Norway\",\"potentialAction\":[{\"@type\":\"SearchAction\",\"target\":\"https:\/\/www.grafitgradev.se\/no\/?s={search_term_string}\",\"query-input\":\"required name=search_term_string\"}],\"inLanguage\":\"nb-NO\"},{\"@type\":\"ImageObject\",\"@id\":\"https:\/\/www.grafitgradev.se\/no\/produkt\/stalklamma\/#primaryimage\",\"inLanguage\":\"nb-NO\",\"url\":\"https:\/\/www.grafitgradev.se\/no\/wp-content\/uploads\/sites\/5\/2020\/06\/prod_klamma_medium-1.jpg\",\"width\":750,\"height\":563},{\"@type\":\"WebPage\",\"@id\":\"https:\/\/www.grafitgradev.se\/no\/produkt\/stalklamma\/#webpage\",\"url\":\"https:\/\/www.grafitgradev.se\/no\/produkt\/stalklamma\/\",\"name\":\"St\\u00e5lkl\\u00e4mma fr\\u00e5n Grafitgr\\u00e5 - F\\u00e4st upp foton och print p\\u00e5 Grafitgr\\u00e5 n\\u00e4t\",\"isPartOf\":{\"@id\":\"https:\/\/www.grafitgradev.se\/no\/#website\"},\"primaryImageOfPage\":{\"@id\":\"https:\/\/www.grafitgradev.se\/no\/produkt\/stalklamma\/#primaryimage\"},\"datePublished\":\"2020-06-29T14:05:47+00:00\",\"dateModified\":\"2020-10-07T11:59:56+00:00\",\"description\":\"St\\u00e5lkl\\u00e4mma - f\\u00f6r att f\\u00e4sta foton och print med p\\u00e5 Grafitgr\\u00e5 n\\u00e4t. Kl\\u00e4mmoran \\u00e4r \\u00e4ven fina att h\\u00e4nga upp print och foton i p\\u00e5 v\\u00e4ggen.\",\"inLanguage\":\"nb-NO\",\"potentialAction\":[{\"@type\":\"ReadAction\",\"target\":[\"https:\/\/www.grafitgradev.se\/no\/produkt\/stalklamma\/\"]}]}]}<\/script>\n<!-- \/ Yoast SEO plugin. -->","_links":{"self":[{"href":"https:\/\/www.grafitgradev.se\/no\/wp-json\/wp\/v2\/product\/4216"}],"collection":[{"href":"https:\/\/www.grafitgradev.se\/no\/wp-json\/wp\/v2\/product"}],"about":[{"href":"https:\/\/www.grafitgradev.se\/no\/wp-json\/wp\/v2\/types\/product"}],"wp:featuredmedia":[{"embeddable":true,"href":"https:\/\/www.grafitgradev.se\/no\/wp-json\/wp\/v2\/media\/4334"}],"wp:attachment":[{"href":"https:\/\/www.grafitgradev.se\/no\/wp-json\/wp\/v2\/media?parent=4216"}],"curies":[{"name":"wp","href":"https:\/\/api.w.org\/{rel}","templated":true}]}}