{"id":4217,"date":"2020-06-29T16:05:47","date_gmt":"2020-06-29T14:05:47","guid":{"rendered":"https:\/\/www.grafitgradev.se\/no\/produkt\/import-placeholder-for-735\/"},"modified":"2021-02-08T14:05:10","modified_gmt":"2021-02-08T13:05:10","slug":"ljusampel-liv-gra","status":"publish","type":"product","link":"https:\/\/www.grafitgradev.se\/no\/produkt\/ljusampel-liv-gra\/","title":{"rendered":"Lysampel Liv"},"content":{"rendered":"<div class=\"page\" title=\"Page 2\">\n<div class=\"section\">\n<div class=\"layoutArea\">\n<div class=\"column\">\n<p>Lysampelen Liv gj\u00f8r seg vakkert i vinduet eller hengende mot en vegg i rommet. I sin enkelhet b\u00e6rer den lyset og blir en fin detalj i hjemmet. Den er vakker \u00e5 henge i en stor klynge. Finnes i hvitt\/gr\u00e5tt.<\/p>\n<p>&nbsp;<\/p>\n<p>Om du \u00f8nsker \u00e5 henge Lysampel Liv p\u00e5 veggen, anbefaler vi <strong>Veggfeste Liv\/Liva hvit\/gr\u00e5.<br \/>\n<\/strong>Om du \u00f8nsker \u00e5 henge Lysampel Liv i et vindu\/fra taket, anbefaler vi <strong>Krok Liv\/Leva<\/strong>.<br \/>\nLysampel Liv er designet for \u00e5 henge sammen med <strong>Blomsterampel Leva<\/strong>. Finnes i gr\u00e5tt og hvitt.<\/p>\n<p>&nbsp;<\/p>\n<p>Flammen finnes inni deg. Den b\u00e6rer deg gjennom tidslinjen din. Livet ditt. Del den med mennesker rundt deg. La den lede deg gjennom tid og rom. Stopp opp og hjelp noen med \u00e5 b\u00e6re deres flamme n\u00e5r det kjennes som at den holder p\u00e5 \u00e5 sukle, og v\u00e6r ikke redd for \u00e5 la noen andre f\u00e5 b\u00e6re din. Sammen blir flammen sterkere, klarere og uovervinnelig.<\/p>\n<p>&nbsp;<\/p>\n<p>Om du liker Lysampel Liv, men heller \u00f8nsker \u00e5 bruke den utend\u00f8rs, velg i stedet v\u00e5rt produkt <strong>Lyslykt Liv. <\/strong>Den er sinkkledd og egner seg til \u00e5 bruke ute. I <strong>Lyslykt Liv <\/strong>inng\u00e5r ogs\u00e5 en glass-sylinder til \u00e5 beskytte mot vind, men glass-sylinderen <em>f\u00f8lger ikke med<\/em> for Lysampel Liv.<\/p>\n<p>&nbsp;<\/p>\n<\/div>\n<\/div>\n<\/div>\n<\/div>\n","protected":false},"excerpt":{"rendered":"<p>80&#215;10 cm<\/p>\n","protected":false},"featured_media":5305,"template":"","meta":[],"yoast_head":"<!-- This site is optimized with the Yoast SEO plugin v15.2.1 - https:\/\/yoast.com\/wordpress\/plugins\/seo\/ -->\n<title>Ljusampel LIV - NYHET! Designad av Grafitgr\u00e5 ljusampel f\u00f6r kronljus<\/title>\n<meta name=\"description\" content=\"Ny ljusampel LIV som g\u00f6r sig vacker i f\u00f6nstret eller h\u00e4gnades i rummet mot en v\u00e4gg. I sin enkelhet b\u00e4r den ljuset och blir en fin detalj i hemmet.\" \/>\n<meta name=\"robots\" content=\"index, follow, max-snippet:-1, max-image-preview:large, max-video-preview:-1\" \/>\n<link rel=\"canonical\" href=\"https:\/\/www.grafitgradev.se\/no\/produkt\/ljusampel-liv-gra\/\" \/>\n<meta property=\"og:locale\" content=\"nb_NO\" \/>\n<meta property=\"og:type\" content=\"article\" \/>\n<meta property=\"og:title\" content=\"Ljusampel LIV - NYHET! Designad av Grafitgr\u00e5 ljusampel f\u00f6r kronljus\" \/>\n<meta property=\"og:description\" content=\"Ny ljusampel LIV som g\u00f6r sig vacker i f\u00f6nstret eller h\u00e4gnades i rummet mot en v\u00e4gg. I sin enkelhet b\u00e4r den ljuset och blir en fin detalj i hemmet.\" \/>\n<meta property=\"og:url\" content=\"https:\/\/www.grafitgradev.se\/no\/produkt\/ljusampel-liv-gra\/\" \/>\n<meta property=\"og:site_name\" content=\"Grafitgr\u00e5 - Norge\" \/>\n<meta property=\"article:modified_time\" content=\"2021-02-08T13:05:10+00:00\" \/>\n<meta property=\"og:image\" content=\"https:\/\/www.grafitgradev.se\/no\/wp-content\/uploads\/sites\/5\/2020\/06\/produktbild_Ljusampel_Liv-copy.png\" \/>\n\t<meta property=\"og:image:width\" content=\"1500\" \/>\n\t<meta property=\"og:image:height\" content=\"999\" \/>\n<meta name=\"twitter:card\" content=\"summary_large_image\" \/>\n<meta name=\"twitter:label1\" content=\"Skrevet av\">\n\t<meta name=\"twitter:data1\" content=\"Trafikbyr\u00e5n\">\n\t<meta name=\"twitter:label2\" content=\"Ansl. lesetid\">\n\t<meta name=\"twitter:data2\" content=\"1 minutt\">\n<script type=\"application\/ld+json\" class=\"yoast-schema-graph\">{\"@context\":\"https:\/\/schema.org\",\"@graph\":[{\"@type\":\"WebSite\",\"@id\":\"https:\/\/www.grafitgradev.se\/no\/#website\",\"url\":\"https:\/\/www.grafitgradev.se\/no\/\",\"name\":\"Grafitgr\\u00e5 - Norge\",\"description\":\"Grafitgr\\u00e5 Norway\",\"potentialAction\":[{\"@type\":\"SearchAction\",\"target\":\"https:\/\/www.grafitgradev.se\/no\/?s={search_term_string}\",\"query-input\":\"required name=search_term_string\"}],\"inLanguage\":\"nb-NO\"},{\"@type\":\"ImageObject\",\"@id\":\"https:\/\/www.grafitgradev.se\/no\/produkt\/ljusampel-liv-gra\/#primaryimage\",\"inLanguage\":\"nb-NO\",\"url\":\"https:\/\/www.grafitgradev.se\/no\/wp-content\/uploads\/sites\/5\/2020\/06\/produktbild_Ljusampel_Liv-copy.png\",\"width\":1500,\"height\":999},{\"@type\":\"WebPage\",\"@id\":\"https:\/\/www.grafitgradev.se\/no\/produkt\/ljusampel-liv-gra\/#webpage\",\"url\":\"https:\/\/www.grafitgradev.se\/no\/produkt\/ljusampel-liv-gra\/\",\"name\":\"Ljusampel LIV - NYHET! Designad av Grafitgr\\u00e5 ljusampel f\\u00f6r kronljus\",\"isPartOf\":{\"@id\":\"https:\/\/www.grafitgradev.se\/no\/#website\"},\"primaryImageOfPage\":{\"@id\":\"https:\/\/www.grafitgradev.se\/no\/produkt\/ljusampel-liv-gra\/#primaryimage\"},\"datePublished\":\"2020-06-29T14:05:47+00:00\",\"dateModified\":\"2021-02-08T13:05:10+00:00\",\"description\":\"Ny ljusampel LIV som g\\u00f6r sig vacker i f\\u00f6nstret eller h\\u00e4gnades i rummet mot en v\\u00e4gg. I sin enkelhet b\\u00e4r den ljuset och blir en fin detalj i hemmet.\",\"inLanguage\":\"nb-NO\",\"potentialAction\":[{\"@type\":\"ReadAction\",\"target\":[\"https:\/\/www.grafitgradev.se\/no\/produkt\/ljusampel-liv-gra\/\"]}]}]}<\/script>\n<!-- \/ Yoast SEO plugin. -->","_links":{"self":[{"href":"https:\/\/www.grafitgradev.se\/no\/wp-json\/wp\/v2\/product\/4217"}],"collection":[{"href":"https:\/\/www.grafitgradev.se\/no\/wp-json\/wp\/v2\/product"}],"about":[{"href":"https:\/\/www.grafitgradev.se\/no\/wp-json\/wp\/v2\/types\/product"}],"wp:featuredmedia":[{"embeddable":true,"href":"https:\/\/www.grafitgradev.se\/no\/wp-json\/wp\/v2\/media\/5305"}],"wp:attachment":[{"href":"https:\/\/www.grafitgradev.se\/no\/wp-json\/wp\/v2\/media?parent=4217"}],"curies":[{"name":"wp","href":"https:\/\/api.w.org\/{rel}","templated":true}]}}