{"id":4218,"date":"2020-06-29T16:05:47","date_gmt":"2020-06-29T14:05:47","guid":{"rendered":"https:\/\/www.grafitgradev.se\/no\/produkt\/import-placeholder-for-1215\/"},"modified":"2021-02-08T14:06:48","modified_gmt":"2021-02-08T13:06:48","slug":"blomsterampel-leva-gra","status":"publish","type":"product","link":"https:\/\/www.grafitgradev.se\/no\/produkt\/blomsterampel-leva-gra\/","title":{"rendered":"Blomsterampel Leva"},"content":{"rendered":"<p>Blomsterampelen Leva gj\u00f8r seg vakkert i et vindu eller mot en vegg i rommet. I sin enkelhet b\u00e6rer den en blomst eller en fin kvist og blir slik en pen detalj i hjemmet. Den er vakker \u00e5 henge i en stor klynge. Her i hvit\/gr\u00e5.<\/p>\n<p>&nbsp;<\/p>\n<p>Blomsterampelen Leva er laget for \u00e5 henge sammen med Lysampel Liv.<br \/>\nOm du \u00f8nsker \u00e5 henge Blomsterampelen Leva p\u00e5 veggen, anbefaler vi <strong>Veggfeste Liv\/Leva.<br \/>\n<\/strong>Om du \u00f8nsker \u00e5 henge Blomsterampelen Leva i et vindu eller fra taket, anbefaler vi K<strong>rok Liv\/Leva.<br \/>\n<\/strong>Om glass-sylinderen din g\u00e5r i stykker, kan du kj\u00f8pe en ny <strong>her.<\/strong><\/p>\n<p>&nbsp;<\/p>\n","protected":false},"excerpt":{"rendered":"<p>80&#215;10 cm<\/p>\n","protected":false},"featured_media":5060,"template":"","meta":[],"yoast_head":"<!-- This site is optimized with the Yoast SEO plugin v15.2.1 - https:\/\/yoast.com\/wordpress\/plugins\/seo\/ -->\n<title>Blomsterampel Leva - Grafitgr\u00e5 - Norge<\/title>\n<meta name=\"robots\" content=\"index, follow, max-snippet:-1, max-image-preview:large, max-video-preview:-1\" \/>\n<link rel=\"canonical\" href=\"https:\/\/www.grafitgradev.se\/no\/produkt\/blomsterampel-leva-gra\/\" \/>\n<meta property=\"og:locale\" content=\"nb_NO\" \/>\n<meta property=\"og:type\" content=\"article\" \/>\n<meta property=\"og:title\" content=\"Blomsterampel Leva - Grafitgr\u00e5 - Norge\" \/>\n<meta property=\"og:description\" content=\"80x10 cm\" \/>\n<meta property=\"og:url\" content=\"https:\/\/www.grafitgradev.se\/no\/produkt\/blomsterampel-leva-gra\/\" \/>\n<meta property=\"og:site_name\" content=\"Grafitgr\u00e5 - Norge\" \/>\n<meta property=\"article:modified_time\" content=\"2021-02-08T13:06:48+00:00\" \/>\n<meta property=\"og:image\" content=\"https:\/\/www.grafitgradev.se\/no\/wp-content\/uploads\/sites\/5\/2020\/06\/produktbild_blomsterampel.png\" \/>\n\t<meta property=\"og:image:width\" content=\"2092\" \/>\n\t<meta property=\"og:image:height\" content=\"1395\" \/>\n<meta name=\"twitter:card\" content=\"summary_large_image\" \/>\n<meta name=\"twitter:label1\" content=\"Skrevet av\">\n\t<meta name=\"twitter:data1\" content=\"Trafikbyr\u00e5n\">\n\t<meta name=\"twitter:label2\" content=\"Ansl. lesetid\">\n\t<meta name=\"twitter:data2\" content=\"0 minutter\">\n<script type=\"application\/ld+json\" class=\"yoast-schema-graph\">{\"@context\":\"https:\/\/schema.org\",\"@graph\":[{\"@type\":\"WebSite\",\"@id\":\"https:\/\/www.grafitgradev.se\/no\/#website\",\"url\":\"https:\/\/www.grafitgradev.se\/no\/\",\"name\":\"Grafitgr\\u00e5 - Norge\",\"description\":\"Grafitgr\\u00e5 Norway\",\"potentialAction\":[{\"@type\":\"SearchAction\",\"target\":\"https:\/\/www.grafitgradev.se\/no\/?s={search_term_string}\",\"query-input\":\"required name=search_term_string\"}],\"inLanguage\":\"nb-NO\"},{\"@type\":\"ImageObject\",\"@id\":\"https:\/\/www.grafitgradev.se\/no\/produkt\/blomsterampel-leva-gra\/#primaryimage\",\"inLanguage\":\"nb-NO\",\"url\":\"https:\/\/www.grafitgradev.se\/no\/wp-content\/uploads\/sites\/5\/2020\/06\/produktbild_blomsterampel.png\",\"width\":2092,\"height\":1395},{\"@type\":\"WebPage\",\"@id\":\"https:\/\/www.grafitgradev.se\/no\/produkt\/blomsterampel-leva-gra\/#webpage\",\"url\":\"https:\/\/www.grafitgradev.se\/no\/produkt\/blomsterampel-leva-gra\/\",\"name\":\"Blomsterampel Leva - Grafitgr\\u00e5 - Norge\",\"isPartOf\":{\"@id\":\"https:\/\/www.grafitgradev.se\/no\/#website\"},\"primaryImageOfPage\":{\"@id\":\"https:\/\/www.grafitgradev.se\/no\/produkt\/blomsterampel-leva-gra\/#primaryimage\"},\"datePublished\":\"2020-06-29T14:05:47+00:00\",\"dateModified\":\"2021-02-08T13:06:48+00:00\",\"inLanguage\":\"nb-NO\",\"potentialAction\":[{\"@type\":\"ReadAction\",\"target\":[\"https:\/\/www.grafitgradev.se\/no\/produkt\/blomsterampel-leva-gra\/\"]}]}]}<\/script>\n<!-- \/ Yoast SEO plugin. -->","_links":{"self":[{"href":"https:\/\/www.grafitgradev.se\/no\/wp-json\/wp\/v2\/product\/4218"}],"collection":[{"href":"https:\/\/www.grafitgradev.se\/no\/wp-json\/wp\/v2\/product"}],"about":[{"href":"https:\/\/www.grafitgradev.se\/no\/wp-json\/wp\/v2\/types\/product"}],"wp:featuredmedia":[{"embeddable":true,"href":"https:\/\/www.grafitgradev.se\/no\/wp-json\/wp\/v2\/media\/5060"}],"wp:attachment":[{"href":"https:\/\/www.grafitgradev.se\/no\/wp-json\/wp\/v2\/media?parent=4218"}],"curies":[{"name":"wp","href":"https:\/\/api.w.org\/{rel}","templated":true}]}}