{"id":4252,"date":"2020-06-29T16:06:45","date_gmt":"2020-06-29T14:06:45","guid":{"rendered":"https:\/\/www.grafitgradev.se\/no\/produkt\/import-placeholder-for-983\/"},"modified":"2020-09-29T16:17:47","modified_gmt":"2020-09-29T14:17:47","slug":"loungebord","status":"publish","type":"product","link":"https:\/\/www.grafitgradev.se\/no\/produkt\/loungebord\/","title":{"rendered":"Loungebord"},"content":{"rendered":"<p>N\u00e5 har vi et loungebord i v\u00e5rt sortiment som er galvanisert og som kan st\u00e5 ute hele \u00e5ret. Det er veldig pent \u00e5 kombinere med v\u00e5r loungesofa i betong\/st\u00e5l, men g\u00e5r ogs\u00e5 bra \u00e5 kombinere med en annen utend\u00f8rs loungesofa.<\/p>\n<p>&nbsp;<\/p>\n<p><strong>Galvanisert <\/strong>\u2013 skal m\u00f8blene brukes utend\u00f8rs anbefaler vi det galvaniserte st\u00e5lunderstellet til betongskiven. Dette t\u00e5ler vann, kan st\u00e5 ute hele \u00e5ret, og t\u00e5ler alle typer v\u00e6r. Understellet har er s\u00f8lvfarget.<\/p>\n<p>&nbsp;<\/p>\n<p>Betongen er den samme til bruk b\u00e5de innend\u00f8rs og utend\u00f8rs. Loungebord leveres montert. Understellet har en b\u00e6rebjelke i st\u00e5l som strekker seg ut fra midten for at betongskiven skal se svevende ut fra langsiden. Denne b\u00e6rebjelken holder skiven og gj\u00f8r sofaen stabil.<\/p>\n<p>&nbsp;<\/p>\n<p><strong>Viktig informasjon om v\u00e5re betongm\u00f8bler. Les f\u00f8r du kj\u00f8per. <\/strong><\/p>\n<p>&nbsp;<\/p>\n","protected":false},"excerpt":{"rendered":"<p>120x70x45 cm<\/p>\n","protected":false},"featured_media":4601,"template":"","meta":[],"yoast_head":"<!-- This site is optimized with the Yoast SEO plugin v15.2.1 - https:\/\/yoast.com\/wordpress\/plugins\/seo\/ -->\n<title>Loungebord i betong som passar perfekt till loungegruppen ute<\/title>\n<meta name=\"description\" content=\"Loungebord i galvaniserat st\u00e5l och betong, kan st\u00e5 ute \u00e5ret om, t\u00e5l alla v\u00e4der och \u00e4r helt underh\u00e5llsfritt. Mycket snyggt att kombinera med v\u00e5r loungesoffa.\" \/>\n<meta name=\"robots\" content=\"index, follow, max-snippet:-1, max-image-preview:large, max-video-preview:-1\" \/>\n<link rel=\"canonical\" href=\"https:\/\/www.grafitgradev.se\/no\/produkt\/loungebord\/\" \/>\n<meta property=\"og:locale\" content=\"nb_NO\" \/>\n<meta property=\"og:type\" content=\"article\" \/>\n<meta property=\"og:title\" content=\"Loungebord i betong som passar perfekt till loungegruppen ute\" \/>\n<meta property=\"og:description\" content=\"Loungebord i galvaniserat st\u00e5l och betong, kan st\u00e5 ute \u00e5ret om, t\u00e5l alla v\u00e4der och \u00e4r helt underh\u00e5llsfritt. Mycket snyggt att kombinera med v\u00e5r loungesoffa.\" \/>\n<meta property=\"og:url\" content=\"https:\/\/www.grafitgradev.se\/no\/produkt\/loungebord\/\" \/>\n<meta property=\"og:site_name\" content=\"Grafitgr\u00e5 - Norge\" \/>\n<meta property=\"article:modified_time\" content=\"2020-09-29T14:17:47+00:00\" \/>\n<meta property=\"og:image\" content=\"https:\/\/www.grafitgradev.se\/no\/wp-content\/uploads\/sites\/5\/2020\/06\/loungebord-120-1.png\" \/>\n\t<meta property=\"og:image:width\" content=\"2000\" \/>\n\t<meta property=\"og:image:height\" content=\"1200\" \/>\n<meta name=\"twitter:card\" content=\"summary_large_image\" \/>\n<meta name=\"twitter:label1\" content=\"Skrevet av\">\n\t<meta name=\"twitter:data1\" content=\"Trafikbyr\u00e5n\">\n\t<meta name=\"twitter:label2\" content=\"Ansl. lesetid\">\n\t<meta name=\"twitter:data2\" content=\"1 minutt\">\n<script type=\"application\/ld+json\" class=\"yoast-schema-graph\">{\"@context\":\"https:\/\/schema.org\",\"@graph\":[{\"@type\":\"WebSite\",\"@id\":\"https:\/\/www.grafitgradev.se\/no\/#website\",\"url\":\"https:\/\/www.grafitgradev.se\/no\/\",\"name\":\"Grafitgr\\u00e5 - Norge\",\"description\":\"Grafitgr\\u00e5 Norway\",\"potentialAction\":[{\"@type\":\"SearchAction\",\"target\":\"https:\/\/www.grafitgradev.se\/no\/?s={search_term_string}\",\"query-input\":\"required name=search_term_string\"}],\"inLanguage\":\"nb-NO\"},{\"@type\":\"ImageObject\",\"@id\":\"https:\/\/www.grafitgradev.se\/no\/produkt\/loungebord\/#primaryimage\",\"inLanguage\":\"nb-NO\",\"url\":\"https:\/\/www.grafitgradev.se\/no\/wp-content\/uploads\/sites\/5\/2020\/06\/loungebord-120-1.png\",\"width\":2000,\"height\":1200},{\"@type\":\"WebPage\",\"@id\":\"https:\/\/www.grafitgradev.se\/no\/produkt\/loungebord\/#webpage\",\"url\":\"https:\/\/www.grafitgradev.se\/no\/produkt\/loungebord\/\",\"name\":\"Loungebord i betong som passar perfekt till loungegruppen ute\",\"isPartOf\":{\"@id\":\"https:\/\/www.grafitgradev.se\/no\/#website\"},\"primaryImageOfPage\":{\"@id\":\"https:\/\/www.grafitgradev.se\/no\/produkt\/loungebord\/#primaryimage\"},\"datePublished\":\"2020-06-29T14:06:45+00:00\",\"dateModified\":\"2020-09-29T14:17:47+00:00\",\"description\":\"Loungebord i galvaniserat st\\u00e5l och betong, kan st\\u00e5 ute \\u00e5ret om, t\\u00e5l alla v\\u00e4der och \\u00e4r helt underh\\u00e5llsfritt. Mycket snyggt att kombinera med v\\u00e5r loungesoffa.\",\"inLanguage\":\"nb-NO\",\"potentialAction\":[{\"@type\":\"ReadAction\",\"target\":[\"https:\/\/www.grafitgradev.se\/no\/produkt\/loungebord\/\"]}]}]}<\/script>\n<!-- \/ Yoast SEO plugin. -->","_links":{"self":[{"href":"https:\/\/www.grafitgradev.se\/no\/wp-json\/wp\/v2\/product\/4252"}],"collection":[{"href":"https:\/\/www.grafitgradev.se\/no\/wp-json\/wp\/v2\/product"}],"about":[{"href":"https:\/\/www.grafitgradev.se\/no\/wp-json\/wp\/v2\/types\/product"}],"wp:featuredmedia":[{"embeddable":true,"href":"https:\/\/www.grafitgradev.se\/no\/wp-json\/wp\/v2\/media\/4601"}],"wp:attachment":[{"href":"https:\/\/www.grafitgradev.se\/no\/wp-json\/wp\/v2\/media?parent=4252"}],"curies":[{"name":"wp","href":"https:\/\/api.w.org\/{rel}","templated":true}]}}