{"id":4253,"date":"2020-06-29T16:06:45","date_gmt":"2020-06-29T14:06:45","guid":{"rendered":"https:\/\/www.grafitgradev.se\/no\/produkt\/import-placeholder-for-3430\/"},"modified":"2020-10-07T13:38:24","modified_gmt":"2020-10-07T11:38:24","slug":"arbetsbord","status":"publish","type":"product","link":"https:\/\/www.grafitgradev.se\/no\/produkt\/arbetsbord\/","title":{"rendered":"Arbeidsbord"},"content":{"rendered":"<p>Arbeidsbord til hagemilj\u00f8et. Skap et arbeidsrom ved siden av grillen, hvor du kan b\u00e5de lage mat eller jobbe ute p\u00e5 de herlige sommerdagene. En betongskive p\u00e5 toppen og et nett til oppbevaring under.<\/p>\n<p>&nbsp;<\/p>\n<p><strong>Galvanisert <\/strong>\u2013 skal m\u00f8blene brukes utend\u00f8rs anbefaler vi det galvaniserte st\u00e5lunderstellet til betongskiven. Dette t\u00e5ler vann, kan st\u00e5 ute hele \u00e5ret, og t\u00e5ler alle typer v\u00e6r. Understellet har er s\u00f8lvfarget.<\/p>\n<p>&nbsp;<\/p>\n<p>Betongen er den samme til bruk b\u00e5de innend\u00f8rs og utend\u00f8rs. M\u00f8blene leveres montert. Understellet har en b\u00e6rebjelke i st\u00e5l som strekker seg ut fra midten for at betongskiven skal se svevende ut fra langsiden. Denne b\u00e6rebjelken holder skiven og gj\u00f8r m\u00f8belet stabil.<\/p>\n<p>&nbsp;<\/p>\n<p><strong>Viktig informasjon om v\u00e5re betongm\u00f8bler. Les f\u00f8r du kj\u00f8per. <\/strong><\/p>\n<p>&nbsp;<\/p>\n","protected":false},"excerpt":{"rendered":"<p>120x90x50 cm<\/p>\n","protected":false},"featured_media":4378,"template":"","meta":[],"yoast_head":"<!-- This site is optimized with the Yoast SEO plugin v15.2.1 - https:\/\/yoast.com\/wordpress\/plugins\/seo\/ -->\n<title>Arbetsbord fr\u00e5n Grafitgr\u00e5 i betong och galvat st\u00e5l till tr\u00e4dg\u00e5rden \u00e5ret om<\/title>\n<meta name=\"description\" content=\"Arbetsbord f\u00f6r tr\u00e4dg\u00e5rdsmilj\u00f6n. Skapa ett arbetsyta i anslutning till grillen d\u00e4r du kan tillaga och arbeta ute under h\u00e4rliga sommardagar.\" \/>\n<meta name=\"robots\" content=\"index, follow, max-snippet:-1, max-image-preview:large, max-video-preview:-1\" \/>\n<link rel=\"canonical\" href=\"https:\/\/www.grafitgradev.se\/no\/produkt\/arbetsbord\/\" \/>\n<meta property=\"og:locale\" content=\"nb_NO\" \/>\n<meta property=\"og:type\" content=\"article\" \/>\n<meta property=\"og:title\" content=\"Arbetsbord fr\u00e5n Grafitgr\u00e5 i betong och galvat st\u00e5l till tr\u00e4dg\u00e5rden \u00e5ret om\" \/>\n<meta property=\"og:description\" content=\"Arbetsbord f\u00f6r tr\u00e4dg\u00e5rdsmilj\u00f6n. Skapa ett arbetsyta i anslutning till grillen d\u00e4r du kan tillaga och arbeta ute under h\u00e4rliga sommardagar.\" \/>\n<meta property=\"og:url\" content=\"https:\/\/www.grafitgradev.se\/no\/produkt\/arbetsbord\/\" \/>\n<meta property=\"og:site_name\" content=\"Grafitgr\u00e5 - Norge\" \/>\n<meta property=\"article:modified_time\" content=\"2020-10-07T11:38:24+00:00\" \/>\n<meta property=\"og:image\" content=\"https:\/\/www.grafitgradev.se\/no\/wp-content\/uploads\/sites\/5\/2020\/06\/Utek\u00f6k-1.png\" \/>\n\t<meta property=\"og:image:width\" content=\"2000\" \/>\n\t<meta property=\"og:image:height\" content=\"1200\" \/>\n<meta name=\"twitter:card\" content=\"summary_large_image\" \/>\n<meta name=\"twitter:label1\" content=\"Skrevet av\">\n\t<meta name=\"twitter:data1\" content=\"Trafikbyr\u00e5n\">\n\t<meta name=\"twitter:label2\" content=\"Ansl. lesetid\">\n\t<meta name=\"twitter:data2\" content=\"1 minutt\">\n<script type=\"application\/ld+json\" class=\"yoast-schema-graph\">{\"@context\":\"https:\/\/schema.org\",\"@graph\":[{\"@type\":\"WebSite\",\"@id\":\"https:\/\/www.grafitgradev.se\/no\/#website\",\"url\":\"https:\/\/www.grafitgradev.se\/no\/\",\"name\":\"Grafitgr\\u00e5 - Norge\",\"description\":\"Grafitgr\\u00e5 Norway\",\"potentialAction\":[{\"@type\":\"SearchAction\",\"target\":\"https:\/\/www.grafitgradev.se\/no\/?s={search_term_string}\",\"query-input\":\"required name=search_term_string\"}],\"inLanguage\":\"nb-NO\"},{\"@type\":\"ImageObject\",\"@id\":\"https:\/\/www.grafitgradev.se\/no\/produkt\/arbetsbord\/#primaryimage\",\"inLanguage\":\"nb-NO\",\"url\":\"https:\/\/www.grafitgradev.se\/no\/wp-content\/uploads\/sites\/5\/2020\/06\/Utek\\u00f6k-1.png\",\"width\":2000,\"height\":1200},{\"@type\":\"WebPage\",\"@id\":\"https:\/\/www.grafitgradev.se\/no\/produkt\/arbetsbord\/#webpage\",\"url\":\"https:\/\/www.grafitgradev.se\/no\/produkt\/arbetsbord\/\",\"name\":\"Arbetsbord fr\\u00e5n Grafitgr\\u00e5 i betong och galvat st\\u00e5l till tr\\u00e4dg\\u00e5rden \\u00e5ret om\",\"isPartOf\":{\"@id\":\"https:\/\/www.grafitgradev.se\/no\/#website\"},\"primaryImageOfPage\":{\"@id\":\"https:\/\/www.grafitgradev.se\/no\/produkt\/arbetsbord\/#primaryimage\"},\"datePublished\":\"2020-06-29T14:06:45+00:00\",\"dateModified\":\"2020-10-07T11:38:24+00:00\",\"description\":\"Arbetsbord f\\u00f6r tr\\u00e4dg\\u00e5rdsmilj\\u00f6n. Skapa ett arbetsyta i anslutning till grillen d\\u00e4r du kan tillaga och arbeta ute under h\\u00e4rliga sommardagar.\",\"inLanguage\":\"nb-NO\",\"potentialAction\":[{\"@type\":\"ReadAction\",\"target\":[\"https:\/\/www.grafitgradev.se\/no\/produkt\/arbetsbord\/\"]}]}]}<\/script>\n<!-- \/ Yoast SEO plugin. -->","_links":{"self":[{"href":"https:\/\/www.grafitgradev.se\/no\/wp-json\/wp\/v2\/product\/4253"}],"collection":[{"href":"https:\/\/www.grafitgradev.se\/no\/wp-json\/wp\/v2\/product"}],"about":[{"href":"https:\/\/www.grafitgradev.se\/no\/wp-json\/wp\/v2\/types\/product"}],"wp:featuredmedia":[{"embeddable":true,"href":"https:\/\/www.grafitgradev.se\/no\/wp-json\/wp\/v2\/media\/4378"}],"wp:attachment":[{"href":"https:\/\/www.grafitgradev.se\/no\/wp-json\/wp\/v2\/media?parent=4253"}],"curies":[{"name":"wp","href":"https:\/\/api.w.org\/{rel}","templated":true}]}}