{"id":4406,"date":"2020-06-29T16:11:26","date_gmt":"2020-06-29T14:11:26","guid":{"rendered":"https:\/\/www.grafitgradev.se\/no\/produkt\/import-placeholder-for-1073\/"},"modified":"2020-09-29T14:52:05","modified_gmt":"2020-09-29T12:52:05","slug":"handduk-vafflad","status":"publish","type":"product","link":"https:\/\/www.grafitgradev.se\/no\/produkt\/handduk-vafflad\/","title":{"rendered":"H\u00e5ndkle V\u00e5fflad"},"content":{"rendered":"<p>H\u00e5ndkle sydd i \u00f8kologisk lin og bomull av h\u00f8yeste kvalitet. H\u00e5ndkledet er vaffelvevet, hvilket gir en vakker struktur. T\u00e5ler \u00e5 bli brukt flittig i hverdagen og vaskes p\u00e5 40 grader. Kombiner gjerne med <strong>Dusjh\u00e5ndkle V\u00e5fflad. <\/strong><\/p>\n<p>&nbsp;<\/p>\n","protected":false},"excerpt":{"rendered":"<p>70&#215;50 cm<\/p>\n","protected":false},"featured_media":4528,"template":"","meta":[],"yoast_head":"<!-- This site is optimized with the Yoast SEO plugin v15.2.1 - https:\/\/yoast.com\/wordpress\/plugins\/seo\/ -->\n<title>Handduk i ekologiskt material fr\u00e5n Grafitgr\u00e5 - 70x50 cm<\/title>\n<meta name=\"description\" content=\"V\u00e5ffelv\u00e4vd handduk med fransar i ekologiskt material fr\u00e5n Grafitgr\u00e5. T\u00e5l att anv\u00e4ndas flitigt i vardagen och tv\u00e4ttas i 40\u00b0C.\" \/>\n<meta name=\"robots\" content=\"index, follow, max-snippet:-1, max-image-preview:large, max-video-preview:-1\" \/>\n<link rel=\"canonical\" href=\"https:\/\/www.grafitgradev.se\/no\/produkt\/handduk-vafflad\/\" \/>\n<meta property=\"og:locale\" content=\"nb_NO\" \/>\n<meta property=\"og:type\" content=\"article\" \/>\n<meta property=\"og:title\" content=\"Handduk i ekologiskt material fr\u00e5n Grafitgr\u00e5 - 70x50 cm\" \/>\n<meta property=\"og:description\" content=\"V\u00e5ffelv\u00e4vd handduk med fransar i ekologiskt material fr\u00e5n Grafitgr\u00e5. T\u00e5l att anv\u00e4ndas flitigt i vardagen och tv\u00e4ttas i 40\u00b0C.\" \/>\n<meta property=\"og:url\" content=\"https:\/\/www.grafitgradev.se\/no\/produkt\/handduk-vafflad\/\" \/>\n<meta property=\"og:site_name\" content=\"Grafitgr\u00e5 - Norge\" \/>\n<meta property=\"article:modified_time\" content=\"2020-09-29T12:52:05+00:00\" \/>\n<meta property=\"og:image\" content=\"https:\/\/www.grafitgradev.se\/no\/wp-content\/uploads\/sites\/5\/2020\/06\/Linne-029-1.jpg\" \/>\n\t<meta property=\"og:image:width\" content=\"2100\" \/>\n\t<meta property=\"og:image:height\" content=\"1400\" \/>\n<meta name=\"twitter:card\" content=\"summary_large_image\" \/>\n<meta name=\"twitter:label1\" content=\"Skrevet av\">\n\t<meta name=\"twitter:data1\" content=\"Trafikbyr\u00e5n\">\n\t<meta name=\"twitter:label2\" content=\"Ansl. lesetid\">\n\t<meta name=\"twitter:data2\" content=\"0 minutter\">\n<script type=\"application\/ld+json\" class=\"yoast-schema-graph\">{\"@context\":\"https:\/\/schema.org\",\"@graph\":[{\"@type\":\"WebSite\",\"@id\":\"https:\/\/www.grafitgradev.se\/no\/#website\",\"url\":\"https:\/\/www.grafitgradev.se\/no\/\",\"name\":\"Grafitgr\\u00e5 - Norge\",\"description\":\"Grafitgr\\u00e5 Norway\",\"potentialAction\":[{\"@type\":\"SearchAction\",\"target\":\"https:\/\/www.grafitgradev.se\/no\/?s={search_term_string}\",\"query-input\":\"required name=search_term_string\"}],\"inLanguage\":\"nb-NO\"},{\"@type\":\"ImageObject\",\"@id\":\"https:\/\/www.grafitgradev.se\/no\/produkt\/handduk-vafflad\/#primaryimage\",\"inLanguage\":\"nb-NO\",\"url\":\"https:\/\/www.grafitgradev.se\/no\/wp-content\/uploads\/sites\/5\/2020\/06\/Linne-029-1.jpg\",\"width\":2100,\"height\":1400},{\"@type\":\"WebPage\",\"@id\":\"https:\/\/www.grafitgradev.se\/no\/produkt\/handduk-vafflad\/#webpage\",\"url\":\"https:\/\/www.grafitgradev.se\/no\/produkt\/handduk-vafflad\/\",\"name\":\"Handduk i ekologiskt material fr\\u00e5n Grafitgr\\u00e5 - 70x50 cm\",\"isPartOf\":{\"@id\":\"https:\/\/www.grafitgradev.se\/no\/#website\"},\"primaryImageOfPage\":{\"@id\":\"https:\/\/www.grafitgradev.se\/no\/produkt\/handduk-vafflad\/#primaryimage\"},\"datePublished\":\"2020-06-29T14:11:26+00:00\",\"dateModified\":\"2020-09-29T12:52:05+00:00\",\"description\":\"V\\u00e5ffelv\\u00e4vd handduk med fransar i ekologiskt material fr\\u00e5n Grafitgr\\u00e5. T\\u00e5l att anv\\u00e4ndas flitigt i vardagen och tv\\u00e4ttas i 40\\u00b0C.\",\"inLanguage\":\"nb-NO\",\"potentialAction\":[{\"@type\":\"ReadAction\",\"target\":[\"https:\/\/www.grafitgradev.se\/no\/produkt\/handduk-vafflad\/\"]}]}]}<\/script>\n<!-- \/ Yoast SEO plugin. -->","_links":{"self":[{"href":"https:\/\/www.grafitgradev.se\/no\/wp-json\/wp\/v2\/product\/4406"}],"collection":[{"href":"https:\/\/www.grafitgradev.se\/no\/wp-json\/wp\/v2\/product"}],"about":[{"href":"https:\/\/www.grafitgradev.se\/no\/wp-json\/wp\/v2\/types\/product"}],"wp:featuredmedia":[{"embeddable":true,"href":"https:\/\/www.grafitgradev.se\/no\/wp-json\/wp\/v2\/media\/4528"}],"wp:attachment":[{"href":"https:\/\/www.grafitgradev.se\/no\/wp-json\/wp\/v2\/media?parent=4406"}],"curies":[{"name":"wp","href":"https:\/\/api.w.org\/{rel}","templated":true}]}}