{"id":4428,"date":"2020-06-29T16:11:55","date_gmt":"2020-06-29T14:11:55","guid":{"rendered":"https:\/\/www.grafitgradev.se\/no\/produkt\/import-placeholder-for-4412\/"},"modified":"2020-09-29T14:31:07","modified_gmt":"2020-09-29T12:31:07","slug":"duschhandduk-vafflad","status":"publish","type":"product","link":"https:\/\/www.grafitgradev.se\/no\/produkt\/duschhandduk-vafflad\/","title":{"rendered":"Duschhandduk V\u00e5fflad"},"content":{"rendered":"<p>Duschhandduk\u00a0sydd i ekologisk linne &amp; bomull av h\u00f6gsta kvalit\u00e9. Handduken \u00e4r v\u00e5ffel-v\u00e4vd som ger en vacker struktur. T\u00e5l att anv\u00e4ndas flitigt i vardagen och tv\u00e4ttas i 40 grader. Kombinera g\u00e4rna med handduken.<\/p>\n","protected":false},"excerpt":{"rendered":"<p>140&#215;70 cm<\/p>\n","protected":false},"featured_media":4523,"template":"","meta":[],"yoast_head":"<!-- This site is optimized with the Yoast SEO plugin v15.2.1 - https:\/\/yoast.com\/wordpress\/plugins\/seo\/ -->\n<title>Duschhandduk i ekologiskt material fr\u00e5n Grafitgr\u00e5 - 140x70 cm<\/title>\n<meta name=\"description\" content=\"V\u00e5ffelv\u00e4vd duschhandduk med fransar i ekologiskt material fr\u00e5n Grafitgr\u00e5. Duschhandduken tv\u00e4ttas i 40\u00b0C och t\u00e5l att anv\u00e4ndas flitigt i vardagen.\" \/>\n<meta name=\"robots\" content=\"index, follow, max-snippet:-1, max-image-preview:large, max-video-preview:-1\" \/>\n<link rel=\"canonical\" href=\"https:\/\/www.grafitgradev.se\/no\/produkt\/duschhandduk-vafflad\/\" \/>\n<meta property=\"og:locale\" content=\"nb_NO\" \/>\n<meta property=\"og:type\" content=\"article\" \/>\n<meta property=\"og:title\" content=\"Duschhandduk i ekologiskt material fr\u00e5n Grafitgr\u00e5 - 140x70 cm\" \/>\n<meta property=\"og:description\" content=\"V\u00e5ffelv\u00e4vd duschhandduk med fransar i ekologiskt material fr\u00e5n Grafitgr\u00e5. Duschhandduken tv\u00e4ttas i 40\u00b0C och t\u00e5l att anv\u00e4ndas flitigt i vardagen.\" \/>\n<meta property=\"og:url\" content=\"https:\/\/www.grafitgradev.se\/no\/produkt\/duschhandduk-vafflad\/\" \/>\n<meta property=\"og:site_name\" content=\"Grafitgr\u00e5 - Norge\" \/>\n<meta property=\"article:modified_time\" content=\"2020-09-29T12:31:07+00:00\" \/>\n<meta property=\"og:image\" content=\"https:\/\/www.grafitgradev.se\/no\/wp-content\/uploads\/sites\/5\/2020\/06\/Linne004-1.jpg\" \/>\n\t<meta property=\"og:image:width\" content=\"2100\" \/>\n\t<meta property=\"og:image:height\" content=\"1400\" \/>\n<meta name=\"twitter:card\" content=\"summary_large_image\" \/>\n<meta name=\"twitter:label1\" content=\"Skrevet av\">\n\t<meta name=\"twitter:data1\" content=\"Trafikbyr\u00e5n\">\n\t<meta name=\"twitter:label2\" content=\"Ansl. lesetid\">\n\t<meta name=\"twitter:data2\" content=\"0 minutter\">\n<script type=\"application\/ld+json\" class=\"yoast-schema-graph\">{\"@context\":\"https:\/\/schema.org\",\"@graph\":[{\"@type\":\"WebSite\",\"@id\":\"https:\/\/www.grafitgradev.se\/no\/#website\",\"url\":\"https:\/\/www.grafitgradev.se\/no\/\",\"name\":\"Grafitgr\\u00e5 - Norge\",\"description\":\"Grafitgr\\u00e5 Norway\",\"potentialAction\":[{\"@type\":\"SearchAction\",\"target\":\"https:\/\/www.grafitgradev.se\/no\/?s={search_term_string}\",\"query-input\":\"required name=search_term_string\"}],\"inLanguage\":\"nb-NO\"},{\"@type\":\"ImageObject\",\"@id\":\"https:\/\/www.grafitgradev.se\/no\/produkt\/duschhandduk-vafflad\/#primaryimage\",\"inLanguage\":\"nb-NO\",\"url\":\"https:\/\/www.grafitgradev.se\/no\/wp-content\/uploads\/sites\/5\/2020\/06\/Linne004-1.jpg\",\"width\":2100,\"height\":1400},{\"@type\":\"WebPage\",\"@id\":\"https:\/\/www.grafitgradev.se\/no\/produkt\/duschhandduk-vafflad\/#webpage\",\"url\":\"https:\/\/www.grafitgradev.se\/no\/produkt\/duschhandduk-vafflad\/\",\"name\":\"Duschhandduk i ekologiskt material fr\\u00e5n Grafitgr\\u00e5 - 140x70 cm\",\"isPartOf\":{\"@id\":\"https:\/\/www.grafitgradev.se\/no\/#website\"},\"primaryImageOfPage\":{\"@id\":\"https:\/\/www.grafitgradev.se\/no\/produkt\/duschhandduk-vafflad\/#primaryimage\"},\"datePublished\":\"2020-06-29T14:11:55+00:00\",\"dateModified\":\"2020-09-29T12:31:07+00:00\",\"description\":\"V\\u00e5ffelv\\u00e4vd duschhandduk med fransar i ekologiskt material fr\\u00e5n Grafitgr\\u00e5. Duschhandduken tv\\u00e4ttas i 40\\u00b0C och t\\u00e5l att anv\\u00e4ndas flitigt i vardagen.\",\"inLanguage\":\"nb-NO\",\"potentialAction\":[{\"@type\":\"ReadAction\",\"target\":[\"https:\/\/www.grafitgradev.se\/no\/produkt\/duschhandduk-vafflad\/\"]}]}]}<\/script>\n<!-- \/ Yoast SEO plugin. -->","_links":{"self":[{"href":"https:\/\/www.grafitgradev.se\/no\/wp-json\/wp\/v2\/product\/4428"}],"collection":[{"href":"https:\/\/www.grafitgradev.se\/no\/wp-json\/wp\/v2\/product"}],"about":[{"href":"https:\/\/www.grafitgradev.se\/no\/wp-json\/wp\/v2\/types\/product"}],"wp:featuredmedia":[{"embeddable":true,"href":"https:\/\/www.grafitgradev.se\/no\/wp-json\/wp\/v2\/media\/4523"}],"wp:attachment":[{"href":"https:\/\/www.grafitgradev.se\/no\/wp-json\/wp\/v2\/media?parent=4428"}],"curies":[{"name":"wp","href":"https:\/\/api.w.org\/{rel}","templated":true}]}}