{"id":4435,"date":"2020-06-29T16:11:56","date_gmt":"2020-06-29T14:11:56","guid":{"rendered":"https:\/\/www.grafitgradev.se\/no\/produkt\/import-placeholder-for-1167\/"},"modified":"2020-10-07T13:32:55","modified_gmt":"2020-10-07T11:32:55","slug":"ullring-12","status":"publish","type":"product","link":"https:\/\/www.grafitgradev.se\/no\/produkt\/ullring-12\/","title":{"rendered":"Ullring 12"},"content":{"rendered":"<p>En glatt ullring med mange bruksomr\u00e5der. Fin \u00e5 ha som underlag til Glassvase 12. Du kan til og med henge opp h\u00e5ndkl\u00e6r med den eller bruke den som dekorasjon.<\/p>\n<p>&nbsp;<\/p>\n<p>Disse utrolig fine produktene er laget for h\u00e5nd av kvinner i Nepal. De st\u00e5r bak et firma som jobber for kvinners rettigheter og verdi, og for dem er det viktig \u00e5 gi kvinner arbeid under rettferdige forhold. De har stor entusiasme og gl\u00f8r for arbeidet de gj\u00f8r, og kontakten vi har med dem er utrolig inspirerende. Produktene er laget under fair-trade. N\u00e5r du bestiller disse fine produktene, er du med og st\u00f8tter dette prosjektet, og gir arbeid til flere kvinner i Nepal.<\/p>\n<p>&nbsp;<\/p>\n","protected":false},"excerpt":{"rendered":"<p>12&#215;2,5 cm<\/p>\n","protected":false},"featured_media":4578,"template":"","meta":[],"yoast_head":"<!-- This site is optimized with the Yoast SEO plugin v15.2.1 - https:\/\/yoast.com\/wordpress\/plugins\/seo\/ -->\n<title>Ullring sl\u00e4t fr\u00e5n Grafitgr\u00e5 - en ullring med m\u00e5nga anv\u00e4ndningsomr\u00e5den<\/title>\n<meta name=\"description\" content=\"Denna sl\u00e4ta ullring fr\u00e5n Grafitgr\u00e5 har m\u00e5nga anv\u00e4ndningsomr\u00e5den, fint att ha som underl\u00e4gg till Vas 12 eller anv\u00e4nd den som grytunderl\u00e4gg.\" \/>\n<meta name=\"robots\" content=\"index, follow, max-snippet:-1, max-image-preview:large, max-video-preview:-1\" \/>\n<link rel=\"canonical\" href=\"https:\/\/www.grafitgradev.se\/no\/produkt\/ullring-12\/\" \/>\n<meta property=\"og:locale\" content=\"nb_NO\" \/>\n<meta property=\"og:type\" content=\"article\" \/>\n<meta property=\"og:title\" content=\"Ullring sl\u00e4t fr\u00e5n Grafitgr\u00e5 - en ullring med m\u00e5nga anv\u00e4ndningsomr\u00e5den\" \/>\n<meta property=\"og:description\" content=\"Denna sl\u00e4ta ullring fr\u00e5n Grafitgr\u00e5 har m\u00e5nga anv\u00e4ndningsomr\u00e5den, fint att ha som underl\u00e4gg till Vas 12 eller anv\u00e4nd den som grytunderl\u00e4gg.\" \/>\n<meta property=\"og:url\" content=\"https:\/\/www.grafitgradev.se\/no\/produkt\/ullring-12\/\" \/>\n<meta property=\"og:site_name\" content=\"Grafitgr\u00e5 - Norge\" \/>\n<meta property=\"article:modified_time\" content=\"2020-10-07T11:32:55+00:00\" \/>\n<meta property=\"og:image\" content=\"https:\/\/www.grafitgradev.se\/no\/wp-content\/uploads\/sites\/5\/2020\/06\/Ullring-1.png\" \/>\n\t<meta property=\"og:image:width\" content=\"2000\" \/>\n\t<meta property=\"og:image:height\" content=\"1333\" \/>\n<meta name=\"twitter:card\" content=\"summary_large_image\" \/>\n<meta name=\"twitter:label1\" content=\"Skrevet av\">\n\t<meta name=\"twitter:data1\" content=\"Trafikbyr\u00e5n\">\n\t<meta name=\"twitter:label2\" content=\"Ansl. lesetid\">\n\t<meta name=\"twitter:data2\" content=\"0 minutter\">\n<script type=\"application\/ld+json\" class=\"yoast-schema-graph\">{\"@context\":\"https:\/\/schema.org\",\"@graph\":[{\"@type\":\"WebSite\",\"@id\":\"https:\/\/www.grafitgradev.se\/no\/#website\",\"url\":\"https:\/\/www.grafitgradev.se\/no\/\",\"name\":\"Grafitgr\\u00e5 - Norge\",\"description\":\"Grafitgr\\u00e5 Norway\",\"potentialAction\":[{\"@type\":\"SearchAction\",\"target\":\"https:\/\/www.grafitgradev.se\/no\/?s={search_term_string}\",\"query-input\":\"required name=search_term_string\"}],\"inLanguage\":\"nb-NO\"},{\"@type\":\"ImageObject\",\"@id\":\"https:\/\/www.grafitgradev.se\/no\/produkt\/ullring-12\/#primaryimage\",\"inLanguage\":\"nb-NO\",\"url\":\"https:\/\/www.grafitgradev.se\/no\/wp-content\/uploads\/sites\/5\/2020\/06\/Ullring-1.png\",\"width\":2000,\"height\":1333},{\"@type\":\"WebPage\",\"@id\":\"https:\/\/www.grafitgradev.se\/no\/produkt\/ullring-12\/#webpage\",\"url\":\"https:\/\/www.grafitgradev.se\/no\/produkt\/ullring-12\/\",\"name\":\"Ullring sl\\u00e4t fr\\u00e5n Grafitgr\\u00e5 - en ullring med m\\u00e5nga anv\\u00e4ndningsomr\\u00e5den\",\"isPartOf\":{\"@id\":\"https:\/\/www.grafitgradev.se\/no\/#website\"},\"primaryImageOfPage\":{\"@id\":\"https:\/\/www.grafitgradev.se\/no\/produkt\/ullring-12\/#primaryimage\"},\"datePublished\":\"2020-06-29T14:11:56+00:00\",\"dateModified\":\"2020-10-07T11:32:55+00:00\",\"description\":\"Denna sl\\u00e4ta ullring fr\\u00e5n Grafitgr\\u00e5 har m\\u00e5nga anv\\u00e4ndningsomr\\u00e5den, fint att ha som underl\\u00e4gg till Vas 12 eller anv\\u00e4nd den som grytunderl\\u00e4gg.\",\"inLanguage\":\"nb-NO\",\"potentialAction\":[{\"@type\":\"ReadAction\",\"target\":[\"https:\/\/www.grafitgradev.se\/no\/produkt\/ullring-12\/\"]}]}]}<\/script>\n<!-- \/ Yoast SEO plugin. -->","_links":{"self":[{"href":"https:\/\/www.grafitgradev.se\/no\/wp-json\/wp\/v2\/product\/4435"}],"collection":[{"href":"https:\/\/www.grafitgradev.se\/no\/wp-json\/wp\/v2\/product"}],"about":[{"href":"https:\/\/www.grafitgradev.se\/no\/wp-json\/wp\/v2\/types\/product"}],"wp:featuredmedia":[{"embeddable":true,"href":"https:\/\/www.grafitgradev.se\/no\/wp-json\/wp\/v2\/media\/4578"}],"wp:attachment":[{"href":"https:\/\/www.grafitgradev.se\/no\/wp-json\/wp\/v2\/media?parent=4435"}],"curies":[{"name":"wp","href":"https:\/\/api.w.org\/{rel}","templated":true}]}}