{"id":4436,"date":"2020-06-29T16:11:56","date_gmt":"2020-06-29T14:11:56","guid":{"rendered":"https:\/\/www.grafitgradev.se\/no\/produkt\/import-placeholder-for-4419\/"},"modified":"2020-10-08T08:43:08","modified_gmt":"2020-10-08T06:43:08","slug":"glasvas-10","status":"publish","type":"product","link":"https:\/\/www.grafitgradev.se\/no\/produkt\/glasvas-10\/","title":{"rendered":"Glassvase"},"content":{"rendered":"<p>En glassvase til lys og blomster. Den finnes i fire ulike st\u00f8rrelser og er fin \u00e5 kombinere i mengde og variere st\u00f8rrelsene. Passer perfekt sammen med v\u00e5r <strong>Ullring.<\/strong><\/p>\n<p>&nbsp;<\/p>\n","protected":false},"excerpt":{"rendered":"<p>Mange forskjellige st\u00f8rrelser<\/p>\n","protected":false},"featured_media":5069,"template":"","meta":[],"yoast_head":"<!-- This site is optimized with the Yoast SEO plugin v15.2.1 - https:\/\/yoast.com\/wordpress\/plugins\/seo\/ -->\n<title>Glasvas 10 fr\u00e5n Grafitgr\u00e5 - fin till b\u00e5de v\u00e4rmeljus och till blommor<\/title>\n<meta name=\"description\" content=\"Glasvas 10 fr\u00e5n Grafitgr\u00e5 - fin till b\u00e5de ljus och till blommor. Vasen finns i fyra olika storlekar, kombinera g\u00e4rna storlekarna f\u00f6r att skapa en fin grupp.\" \/>\n<meta name=\"robots\" content=\"index, follow, max-snippet:-1, max-image-preview:large, max-video-preview:-1\" \/>\n<link rel=\"canonical\" href=\"https:\/\/www.grafitgradev.se\/no\/produkt\/glasvas-10\/\" \/>\n<meta property=\"og:locale\" content=\"nb_NO\" \/>\n<meta property=\"og:type\" content=\"article\" \/>\n<meta property=\"og:title\" content=\"Glasvas 10 fr\u00e5n Grafitgr\u00e5 - fin till b\u00e5de v\u00e4rmeljus och till blommor\" \/>\n<meta property=\"og:description\" content=\"Glasvas 10 fr\u00e5n Grafitgr\u00e5 - fin till b\u00e5de ljus och till blommor. Vasen finns i fyra olika storlekar, kombinera g\u00e4rna storlekarna f\u00f6r att skapa en fin grupp.\" \/>\n<meta property=\"og:url\" content=\"https:\/\/www.grafitgradev.se\/no\/produkt\/glasvas-10\/\" \/>\n<meta property=\"og:site_name\" content=\"Grafitgr\u00e5 - Norge\" \/>\n<meta property=\"article:modified_time\" content=\"2020-10-08T06:43:08+00:00\" \/>\n<meta property=\"og:image\" content=\"https:\/\/www.grafitgradev.se\/no\/wp-content\/uploads\/sites\/5\/2020\/06\/produktbild_glasvaser.png\" \/>\n\t<meta property=\"og:image:width\" content=\"2000\" \/>\n\t<meta property=\"og:image:height\" content=\"1333\" \/>\n<meta name=\"twitter:card\" content=\"summary_large_image\" \/>\n<meta name=\"twitter:label1\" content=\"Skrevet av\">\n\t<meta name=\"twitter:data1\" content=\"Trafikbyr\u00e5n\">\n\t<meta name=\"twitter:label2\" content=\"Ansl. lesetid\">\n\t<meta name=\"twitter:data2\" content=\"0 minutter\">\n<script type=\"application\/ld+json\" class=\"yoast-schema-graph\">{\"@context\":\"https:\/\/schema.org\",\"@graph\":[{\"@type\":\"WebSite\",\"@id\":\"https:\/\/www.grafitgradev.se\/no\/#website\",\"url\":\"https:\/\/www.grafitgradev.se\/no\/\",\"name\":\"Grafitgr\\u00e5 - Norge\",\"description\":\"Grafitgr\\u00e5 Norway\",\"potentialAction\":[{\"@type\":\"SearchAction\",\"target\":\"https:\/\/www.grafitgradev.se\/no\/?s={search_term_string}\",\"query-input\":\"required name=search_term_string\"}],\"inLanguage\":\"nb-NO\"},{\"@type\":\"ImageObject\",\"@id\":\"https:\/\/www.grafitgradev.se\/no\/produkt\/glasvas-10\/#primaryimage\",\"inLanguage\":\"nb-NO\",\"url\":\"https:\/\/www.grafitgradev.se\/no\/wp-content\/uploads\/sites\/5\/2020\/06\/produktbild_glasvaser.png\",\"width\":2000,\"height\":1333},{\"@type\":\"WebPage\",\"@id\":\"https:\/\/www.grafitgradev.se\/no\/produkt\/glasvas-10\/#webpage\",\"url\":\"https:\/\/www.grafitgradev.se\/no\/produkt\/glasvas-10\/\",\"name\":\"Glasvas 10 fr\\u00e5n Grafitgr\\u00e5 - fin till b\\u00e5de v\\u00e4rmeljus och till blommor\",\"isPartOf\":{\"@id\":\"https:\/\/www.grafitgradev.se\/no\/#website\"},\"primaryImageOfPage\":{\"@id\":\"https:\/\/www.grafitgradev.se\/no\/produkt\/glasvas-10\/#primaryimage\"},\"datePublished\":\"2020-06-29T14:11:56+00:00\",\"dateModified\":\"2020-10-08T06:43:08+00:00\",\"description\":\"Glasvas 10 fr\\u00e5n Grafitgr\\u00e5 - fin till b\\u00e5de ljus och till blommor. Vasen finns i fyra olika storlekar, kombinera g\\u00e4rna storlekarna f\\u00f6r att skapa en fin grupp.\",\"inLanguage\":\"nb-NO\",\"potentialAction\":[{\"@type\":\"ReadAction\",\"target\":[\"https:\/\/www.grafitgradev.se\/no\/produkt\/glasvas-10\/\"]}]}]}<\/script>\n<!-- \/ Yoast SEO plugin. -->","_links":{"self":[{"href":"https:\/\/www.grafitgradev.se\/no\/wp-json\/wp\/v2\/product\/4436"}],"collection":[{"href":"https:\/\/www.grafitgradev.se\/no\/wp-json\/wp\/v2\/product"}],"about":[{"href":"https:\/\/www.grafitgradev.se\/no\/wp-json\/wp\/v2\/types\/product"}],"wp:featuredmedia":[{"embeddable":true,"href":"https:\/\/www.grafitgradev.se\/no\/wp-json\/wp\/v2\/media\/5069"}],"wp:attachment":[{"href":"https:\/\/www.grafitgradev.se\/no\/wp-json\/wp\/v2\/media?parent=4436"}],"curies":[{"name":"wp","href":"https:\/\/api.w.org\/{rel}","templated":true}]}}