{"id":4467,"date":"2020-06-29T16:12:58","date_gmt":"2020-06-29T14:12:58","guid":{"rendered":"https:\/\/www.grafitgradev.se\/no\/produkt\/import-placeholder-for-2018\/"},"modified":"2020-09-29T14:22:22","modified_gmt":"2020-09-29T12:22:22","slug":"tandsticksask-lagan","status":"publish","type":"product","link":"https:\/\/www.grafitgradev.se\/no\/produkt\/tandsticksask-lagan\/","title":{"rendered":"Fyrstikkeske L\u00e5gan"},"content":{"rendered":"<p>Tannpirkereske med to ulike sider, en med tekst og en med Grafitgr\u00e5s logo, plusstegnet. Fin \u00e5 ha fremme p\u00e5 bordet.<\/p>\n<p>&nbsp;<\/p>\n<p>I v\u00e5rt hjerte tennes en flamme n\u00e5r Gud hvisker v\u00e5rt navn. N\u00e5r evighetens kj\u00e6rlighet n\u00e5r hjertets kj\u00e6rlighet skjer det en eksplosjon inni oss som sprer seg som en varm f\u00f8lelse gjennom hele kroppen. Akkurat som fyrstikken f\u00e5r sin flamme gjennom m\u00f8tet med fosfor, f\u00e5r vi vi en flamme inni oss. En eske som gir varme og h\u00e5p til oss, men ogs\u00e5 til verden. Vi blir et sted som f\u00e5r b\u00e6re Hans kj\u00e6rlighet inn i verden, og jo mer vi deler av den, jo st\u00f8rre blir den. Alt b\u00e6rer den, alt tror den, alt h\u00e5per den.<\/p>\n<p>&nbsp;<\/p>\n","protected":false},"excerpt":{"rendered":"<p>11&#215;6 cm<\/p>\n","protected":false},"featured_media":4695,"template":"","meta":[],"yoast_head":"<!-- This site is optimized with the Yoast SEO plugin v15.2.1 - https:\/\/yoast.com\/wordpress\/plugins\/seo\/ -->\n<title>Fyrstikkeske L\u00e5gan - Grafitgr\u00e5 - Norge<\/title>\n<meta name=\"robots\" content=\"index, follow, max-snippet:-1, max-image-preview:large, max-video-preview:-1\" \/>\n<link rel=\"canonical\" href=\"https:\/\/www.grafitgradev.se\/no\/produkt\/tandsticksask-lagan\/\" \/>\n<meta property=\"og:locale\" content=\"nb_NO\" \/>\n<meta property=\"og:type\" content=\"article\" \/>\n<meta property=\"og:title\" content=\"Fyrstikkeske L\u00e5gan - Grafitgr\u00e5 - Norge\" \/>\n<meta property=\"og:description\" content=\"11x6 cm\" \/>\n<meta property=\"og:url\" content=\"https:\/\/www.grafitgradev.se\/no\/produkt\/tandsticksask-lagan\/\" \/>\n<meta property=\"og:site_name\" content=\"Grafitgr\u00e5 - Norge\" \/>\n<meta property=\"article:modified_time\" content=\"2020-09-29T12:22:22+00:00\" \/>\n<meta property=\"og:image\" content=\"https:\/\/www.grafitgradev.se\/no\/wp-content\/uploads\/sites\/5\/2020\/06\/Tandsticksask-1.png\" \/>\n\t<meta property=\"og:image:width\" content=\"1859\" \/>\n\t<meta property=\"og:image:height\" content=\"1333\" \/>\n<meta name=\"twitter:card\" content=\"summary_large_image\" \/>\n<meta name=\"twitter:label1\" content=\"Skrevet av\">\n\t<meta name=\"twitter:data1\" content=\"Trafikbyr\u00e5n\">\n\t<meta name=\"twitter:label2\" content=\"Ansl. lesetid\">\n\t<meta name=\"twitter:data2\" content=\"1 minutt\">\n<script type=\"application\/ld+json\" class=\"yoast-schema-graph\">{\"@context\":\"https:\/\/schema.org\",\"@graph\":[{\"@type\":\"WebSite\",\"@id\":\"https:\/\/www.grafitgradev.se\/no\/#website\",\"url\":\"https:\/\/www.grafitgradev.se\/no\/\",\"name\":\"Grafitgr\\u00e5 - Norge\",\"description\":\"Grafitgr\\u00e5 Norway\",\"potentialAction\":[{\"@type\":\"SearchAction\",\"target\":\"https:\/\/www.grafitgradev.se\/no\/?s={search_term_string}\",\"query-input\":\"required name=search_term_string\"}],\"inLanguage\":\"nb-NO\"},{\"@type\":\"ImageObject\",\"@id\":\"https:\/\/www.grafitgradev.se\/no\/produkt\/tandsticksask-lagan\/#primaryimage\",\"inLanguage\":\"nb-NO\",\"url\":\"https:\/\/www.grafitgradev.se\/no\/wp-content\/uploads\/sites\/5\/2020\/06\/Tandsticksask-1.png\",\"width\":1859,\"height\":1333},{\"@type\":\"WebPage\",\"@id\":\"https:\/\/www.grafitgradev.se\/no\/produkt\/tandsticksask-lagan\/#webpage\",\"url\":\"https:\/\/www.grafitgradev.se\/no\/produkt\/tandsticksask-lagan\/\",\"name\":\"Fyrstikkeske L\\u00e5gan - Grafitgr\\u00e5 - Norge\",\"isPartOf\":{\"@id\":\"https:\/\/www.grafitgradev.se\/no\/#website\"},\"primaryImageOfPage\":{\"@id\":\"https:\/\/www.grafitgradev.se\/no\/produkt\/tandsticksask-lagan\/#primaryimage\"},\"datePublished\":\"2020-06-29T14:12:58+00:00\",\"dateModified\":\"2020-09-29T12:22:22+00:00\",\"inLanguage\":\"nb-NO\",\"potentialAction\":[{\"@type\":\"ReadAction\",\"target\":[\"https:\/\/www.grafitgradev.se\/no\/produkt\/tandsticksask-lagan\/\"]}]}]}<\/script>\n<!-- \/ Yoast SEO plugin. -->","_links":{"self":[{"href":"https:\/\/www.grafitgradev.se\/no\/wp-json\/wp\/v2\/product\/4467"}],"collection":[{"href":"https:\/\/www.grafitgradev.se\/no\/wp-json\/wp\/v2\/product"}],"about":[{"href":"https:\/\/www.grafitgradev.se\/no\/wp-json\/wp\/v2\/types\/product"}],"wp:featuredmedia":[{"embeddable":true,"href":"https:\/\/www.grafitgradev.se\/no\/wp-json\/wp\/v2\/media\/4695"}],"wp:attachment":[{"href":"https:\/\/www.grafitgradev.se\/no\/wp-json\/wp\/v2\/media?parent=4467"}],"curies":[{"name":"wp","href":"https:\/\/api.w.org\/{rel}","templated":true}]}}