{"id":4479,"date":"2020-06-29T16:13:25","date_gmt":"2020-06-29T14:13:25","guid":{"rendered":"https:\/\/www.grafitgradev.se\/no\/produkt\/import-placeholder-for-1177\/"},"modified":"2020-09-29T14:21:13","modified_gmt":"2020-09-29T12:21:13","slug":"diskborste","status":"publish","type":"product","link":"https:\/\/www.grafitgradev.se\/no\/produkt\/diskborste\/","title":{"rendered":"Oppvaskb\u00f8rste"},"content":{"rendered":"<p>En oppvaskb\u00f8rste laget av tagl og b\u00f8k. Taggelet er mykt og sk\u00e5nsomt og rengj\u00f8r effektivt uten \u00e5 lage riper i porselen eller glass.<\/p>\n<p>&nbsp;<\/p>\n","protected":false},"excerpt":{"rendered":"<p>6,5&#215;4 cm<\/p>\n","protected":false},"featured_media":4604,"template":"","meta":[],"yoast_head":"<!-- This site is optimized with the Yoast SEO plugin v15.2.1 - https:\/\/yoast.com\/wordpress\/plugins\/seo\/ -->\n<title>Borste refill - Byt enkelt ut borsten till din diskborste - Grafitgr\u00e5<\/title>\n<meta name=\"description\" content=\"Borste refill, tillverkad av bok och tagel. N\u00e4r det \u00e4r dags byter du smidigt ut borsten till din diskborste, b\u00e5de milj\u00f6smart och enkelt!\" \/>\n<meta name=\"robots\" content=\"index, follow, max-snippet:-1, max-image-preview:large, max-video-preview:-1\" \/>\n<link rel=\"canonical\" href=\"https:\/\/www.grafitgradev.se\/no\/produkt\/diskborste\/\" \/>\n<meta property=\"og:locale\" content=\"nb_NO\" \/>\n<meta property=\"og:type\" content=\"article\" \/>\n<meta property=\"og:title\" content=\"Borste refill - Byt enkelt ut borsten till din diskborste - Grafitgr\u00e5\" \/>\n<meta property=\"og:description\" content=\"Borste refill, tillverkad av bok och tagel. N\u00e4r det \u00e4r dags byter du smidigt ut borsten till din diskborste, b\u00e5de milj\u00f6smart och enkelt!\" \/>\n<meta property=\"og:url\" content=\"https:\/\/www.grafitgradev.se\/no\/produkt\/diskborste\/\" \/>\n<meta property=\"og:site_name\" content=\"Grafitgr\u00e5 - Norge\" \/>\n<meta property=\"article:modified_time\" content=\"2020-09-29T12:21:13+00:00\" \/>\n<meta property=\"og:image\" content=\"https:\/\/www.grafitgradev.se\/no\/wp-content\/uploads\/sites\/5\/2020\/06\/CF97BCD9-21BD-4121-B326-8BAB23DF25E4-1.png\" \/>\n\t<meta property=\"og:image:width\" content=\"800\" \/>\n\t<meta property=\"og:image:height\" content=\"533\" \/>\n<meta name=\"twitter:card\" content=\"summary_large_image\" \/>\n<meta name=\"twitter:label1\" content=\"Skrevet av\">\n\t<meta name=\"twitter:data1\" content=\"Trafikbyr\u00e5n\">\n\t<meta name=\"twitter:label2\" content=\"Ansl. lesetid\">\n\t<meta name=\"twitter:data2\" content=\"0 minutter\">\n<script type=\"application\/ld+json\" class=\"yoast-schema-graph\">{\"@context\":\"https:\/\/schema.org\",\"@graph\":[{\"@type\":\"WebSite\",\"@id\":\"https:\/\/www.grafitgradev.se\/no\/#website\",\"url\":\"https:\/\/www.grafitgradev.se\/no\/\",\"name\":\"Grafitgr\\u00e5 - Norge\",\"description\":\"Grafitgr\\u00e5 Norway\",\"potentialAction\":[{\"@type\":\"SearchAction\",\"target\":\"https:\/\/www.grafitgradev.se\/no\/?s={search_term_string}\",\"query-input\":\"required name=search_term_string\"}],\"inLanguage\":\"nb-NO\"},{\"@type\":\"ImageObject\",\"@id\":\"https:\/\/www.grafitgradev.se\/no\/produkt\/diskborste\/#primaryimage\",\"inLanguage\":\"nb-NO\",\"url\":\"https:\/\/www.grafitgradev.se\/no\/wp-content\/uploads\/sites\/5\/2020\/06\/CF97BCD9-21BD-4121-B326-8BAB23DF25E4-1.png\",\"width\":800,\"height\":533},{\"@type\":\"WebPage\",\"@id\":\"https:\/\/www.grafitgradev.se\/no\/produkt\/diskborste\/#webpage\",\"url\":\"https:\/\/www.grafitgradev.se\/no\/produkt\/diskborste\/\",\"name\":\"Borste refill - Byt enkelt ut borsten till din diskborste - Grafitgr\\u00e5\",\"isPartOf\":{\"@id\":\"https:\/\/www.grafitgradev.se\/no\/#website\"},\"primaryImageOfPage\":{\"@id\":\"https:\/\/www.grafitgradev.se\/no\/produkt\/diskborste\/#primaryimage\"},\"datePublished\":\"2020-06-29T14:13:25+00:00\",\"dateModified\":\"2020-09-29T12:21:13+00:00\",\"description\":\"Borste refill, tillverkad av bok och tagel. N\\u00e4r det \\u00e4r dags byter du smidigt ut borsten till din diskborste, b\\u00e5de milj\\u00f6smart och enkelt!\",\"inLanguage\":\"nb-NO\",\"potentialAction\":[{\"@type\":\"ReadAction\",\"target\":[\"https:\/\/www.grafitgradev.se\/no\/produkt\/diskborste\/\"]}]}]}<\/script>\n<!-- \/ Yoast SEO plugin. -->","_links":{"self":[{"href":"https:\/\/www.grafitgradev.se\/no\/wp-json\/wp\/v2\/product\/4479"}],"collection":[{"href":"https:\/\/www.grafitgradev.se\/no\/wp-json\/wp\/v2\/product"}],"about":[{"href":"https:\/\/www.grafitgradev.se\/no\/wp-json\/wp\/v2\/types\/product"}],"wp:featuredmedia":[{"embeddable":true,"href":"https:\/\/www.grafitgradev.se\/no\/wp-json\/wp\/v2\/media\/4604"}],"wp:attachment":[{"href":"https:\/\/www.grafitgradev.se\/no\/wp-json\/wp\/v2\/media?parent=4479"}],"curies":[{"name":"wp","href":"https:\/\/api.w.org\/{rel}","templated":true}]}}