{"id":4536,"date":"2020-06-29T16:15:57","date_gmt":"2020-06-29T14:15:57","guid":{"rendered":"https:\/\/www.grafitgradev.se\/no\/produkt\/import-placeholder-for-1197\/"},"modified":"2020-09-29T14:20:29","modified_gmt":"2020-09-29T12:20:29","slug":"bordslampa-kub","status":"publish","type":"product","link":"https:\/\/www.grafitgradev.se\/no\/produkt\/bordslampa-kub\/","title":{"rendered":"Bordlampe Kub"},"content":{"rendered":"<p>Lampen Kub som holder oppe den store gl\u00f8delampen p\u00e5 en vakker m\u00e5te. Lampen er laget i klarlakkert st\u00e5l med en eksklusiv tekstilkabel, 60 W. Velg om du vil plassere lampen med den \u00e5pne eller tildekte siden frem, og la lyset fra lampen flyte i ulike retninger avhengig av hvordan den er plasser. Et spennende og annerledes design.<\/p>\n<p>&nbsp;<\/p>\n<p>Et brennende hjerte. Pumper inni deg og gjemmer s\u00e5 mange dr\u00f8mmer og visjoner. Dette er ogs\u00e5 livets sentrum; herfra str\u00f8mmer selve livet ut. Hjertet er skj\u00f8rt, for her bor ogs\u00e5 dine sorger og skuffelser, men du er en slik som holder det i sine hender hver dag og vil fylle det med evig kj\u00e6rlighet. Akkurat som lampen, f\u00e5r du ny energi og kan lyse. La derfor hjertet ditt v\u00e6re der, omgitt av kj\u00e6rlighet. Lytt etter ord som f\u00e5r ber\u00f8re deg, for de finnes der.<\/p>\n<p>&nbsp;<\/p>\n<p>Ta vare p\u00e5 deg selv, for det finnes bare en av deg og det er bare du som kan videref\u00f8re det som ligger i deg, gjennom \u00e5 v\u00e6re deg selv. Du er viktig. V\u00e6r derfor stolt over den du er og strekk deg. Gjem deg ikke for oss andre som vandrer ved siden av deg. Gjennom deg f\u00e5r vi se mer av det som er livet. Nei, lyset i v\u00e5r verden. Du som er skapt for \u00e5 v\u00e6re unik. Lys, brenn og blend oss andre med det du b\u00e6rer p\u00e5. La ditt hjertes lengsel bli det som f\u00e5r skinne.<\/p>\n<p>&nbsp;<\/p>\n","protected":false},"excerpt":{"rendered":"<p>20&#215;20 cm<\/p>\n","protected":false},"featured_media":4643,"template":"","meta":[],"yoast_head":"<!-- This site is optimized with the Yoast SEO plugin v15.2.1 - https:\/\/yoast.com\/wordpress\/plugins\/seo\/ -->\n<title>Bordlampe Kub - Grafitgr\u00e5 - Norge<\/title>\n<meta name=\"robots\" content=\"index, follow, max-snippet:-1, max-image-preview:large, max-video-preview:-1\" \/>\n<link rel=\"canonical\" href=\"https:\/\/www.grafitgradev.se\/no\/produkt\/bordslampa-kub\/\" \/>\n<meta property=\"og:locale\" content=\"nb_NO\" \/>\n<meta property=\"og:type\" content=\"article\" \/>\n<meta property=\"og:title\" content=\"Bordlampe Kub - Grafitgr\u00e5 - Norge\" \/>\n<meta property=\"og:description\" content=\"20x20 cm\" \/>\n<meta property=\"og:url\" content=\"https:\/\/www.grafitgradev.se\/no\/produkt\/bordslampa-kub\/\" \/>\n<meta property=\"og:site_name\" content=\"Grafitgr\u00e5 - Norge\" \/>\n<meta property=\"article:modified_time\" content=\"2020-09-29T12:20:29+00:00\" \/>\n<meta property=\"og:image\" content=\"https:\/\/www.grafitgradev.se\/no\/wp-content\/uploads\/sites\/5\/2020\/06\/91477D4A-6736-40C9-ABEB-97F8C9B98B39-1.png\" \/>\n\t<meta property=\"og:image:width\" content=\"800\" \/>\n\t<meta property=\"og:image:height\" content=\"533\" \/>\n<meta name=\"twitter:card\" content=\"summary_large_image\" \/>\n<meta name=\"twitter:label1\" content=\"Skrevet av\">\n\t<meta name=\"twitter:data1\" content=\"Trafikbyr\u00e5n\">\n\t<meta name=\"twitter:label2\" content=\"Ansl. lesetid\">\n\t<meta name=\"twitter:data2\" content=\"1 minutt\">\n<script type=\"application\/ld+json\" class=\"yoast-schema-graph\">{\"@context\":\"https:\/\/schema.org\",\"@graph\":[{\"@type\":\"WebSite\",\"@id\":\"https:\/\/www.grafitgradev.se\/no\/#website\",\"url\":\"https:\/\/www.grafitgradev.se\/no\/\",\"name\":\"Grafitgr\\u00e5 - Norge\",\"description\":\"Grafitgr\\u00e5 Norway\",\"potentialAction\":[{\"@type\":\"SearchAction\",\"target\":\"https:\/\/www.grafitgradev.se\/no\/?s={search_term_string}\",\"query-input\":\"required name=search_term_string\"}],\"inLanguage\":\"nb-NO\"},{\"@type\":\"ImageObject\",\"@id\":\"https:\/\/www.grafitgradev.se\/no\/produkt\/bordslampa-kub\/#primaryimage\",\"inLanguage\":\"nb-NO\",\"url\":\"https:\/\/www.grafitgradev.se\/no\/wp-content\/uploads\/sites\/5\/2020\/06\/91477D4A-6736-40C9-ABEB-97F8C9B98B39-1.png\",\"width\":800,\"height\":533},{\"@type\":\"WebPage\",\"@id\":\"https:\/\/www.grafitgradev.se\/no\/produkt\/bordslampa-kub\/#webpage\",\"url\":\"https:\/\/www.grafitgradev.se\/no\/produkt\/bordslampa-kub\/\",\"name\":\"Bordlampe Kub - Grafitgr\\u00e5 - Norge\",\"isPartOf\":{\"@id\":\"https:\/\/www.grafitgradev.se\/no\/#website\"},\"primaryImageOfPage\":{\"@id\":\"https:\/\/www.grafitgradev.se\/no\/produkt\/bordslampa-kub\/#primaryimage\"},\"datePublished\":\"2020-06-29T14:15:57+00:00\",\"dateModified\":\"2020-09-29T12:20:29+00:00\",\"inLanguage\":\"nb-NO\",\"potentialAction\":[{\"@type\":\"ReadAction\",\"target\":[\"https:\/\/www.grafitgradev.se\/no\/produkt\/bordslampa-kub\/\"]}]}]}<\/script>\n<!-- \/ Yoast SEO plugin. -->","_links":{"self":[{"href":"https:\/\/www.grafitgradev.se\/no\/wp-json\/wp\/v2\/product\/4536"}],"collection":[{"href":"https:\/\/www.grafitgradev.se\/no\/wp-json\/wp\/v2\/product"}],"about":[{"href":"https:\/\/www.grafitgradev.se\/no\/wp-json\/wp\/v2\/types\/product"}],"wp:featuredmedia":[{"embeddable":true,"href":"https:\/\/www.grafitgradev.se\/no\/wp-json\/wp\/v2\/media\/4643"}],"wp:attachment":[{"href":"https:\/\/www.grafitgradev.se\/no\/wp-json\/wp\/v2\/media?parent=4536"}],"curies":[{"name":"wp","href":"https:\/\/api.w.org\/{rel}","templated":true}]}}