{"id":4608,"date":"2020-06-29T16:19:19","date_gmt":"2020-06-29T14:19:19","guid":{"rendered":"https:\/\/www.grafitgradev.se\/no\/produkt\/import-placeholder-for-7798\/"},"modified":"2020-09-30T10:41:54","modified_gmt":"2020-09-30T08:41:54","slug":"print-gudomligt-3-pack","status":"publish","type":"product","link":"https:\/\/www.grafitgradev.se\/no\/produkt\/print-gudomligt-3-pack\/","title":{"rendered":"Trykk Gudomligt 3-pakk"},"content":{"rendered":"<p>Tre trykk med vakre motiver. Trykket med tekst er trykket p\u00e5 et gjennomsiktig papir.<\/p>\n<p>Som en gyllen krans om hodet ditt bevarer jeg deg. Gjennom din reise her p\u00e5 jorden, men ogs\u00e5 i evighetens himmel b\u00e6rer jeg det. Du er min gave til livet. Akkurat slik du er.<\/p>\n<p>La meg v\u00e6re n\u00e6r hjertet ditt. Finn meg i dine gaver og legg hjertet ditt hos meg, slik jeg har lagt hjertet mitt hos deg. Du er s\u00e5 mye mer enn du aner. Planene mine for deg strekker seg over alle grenser. Det jeg har planlagt for deg er uendelig. Noe gudommelig.<\/p>\n<p>Gudomligt trygg finnes i to st\u00f8rrelser, 30&#215;21 cm eller 40&#215;30 cm.<\/p>\n<p>&nbsp;<\/p>\n","protected":false},"excerpt":{"rendered":"<div class=\"woocommerce-product-details__short-description\">\n<p>30\u00d721 cm\/40\u00d730 cm<\/p>\n<\/div>\n","protected":false},"featured_media":5192,"template":"","meta":[],"yoast_head":"<!-- This site is optimized with the Yoast SEO plugin v15.2.1 - https:\/\/yoast.com\/wordpress\/plugins\/seo\/ -->\n<title>Trykk Gudomligt 3-pakk - Grafitgr\u00e5 - Norge<\/title>\n<meta name=\"robots\" content=\"index, follow, max-snippet:-1, max-image-preview:large, max-video-preview:-1\" \/>\n<link rel=\"canonical\" href=\"https:\/\/www.grafitgradev.se\/no\/produkt\/print-gudomligt-3-pack\/\" \/>\n<meta property=\"og:locale\" content=\"nb_NO\" \/>\n<meta property=\"og:type\" content=\"article\" \/>\n<meta property=\"og:title\" content=\"Trykk Gudomligt 3-pakk - Grafitgr\u00e5 - Norge\" \/>\n<meta property=\"og:description\" content=\"30\u00d721 cm\/40\u00d730 cm\" \/>\n<meta property=\"og:url\" content=\"https:\/\/www.grafitgradev.se\/no\/produkt\/print-gudomligt-3-pack\/\" \/>\n<meta property=\"og:site_name\" content=\"Grafitgr\u00e5 - Norge\" \/>\n<meta property=\"article:modified_time\" content=\"2020-09-30T08:41:54+00:00\" \/>\n<meta property=\"og:image\" content=\"https:\/\/www.grafitgradev.se\/no\/wp-content\/uploads\/sites\/5\/2020\/06\/produktbild_gudomligt3i12.png\" \/>\n\t<meta property=\"og:image:width\" content=\"2362\" \/>\n\t<meta property=\"og:image:height\" content=\"1575\" \/>\n<meta name=\"twitter:card\" content=\"summary_large_image\" \/>\n<meta name=\"twitter:label1\" content=\"Skrevet av\">\n\t<meta name=\"twitter:data1\" content=\"Trafikbyr\u00e5n\">\n\t<meta name=\"twitter:label2\" content=\"Ansl. lesetid\">\n\t<meta name=\"twitter:data2\" content=\"0 minutter\">\n<script type=\"application\/ld+json\" class=\"yoast-schema-graph\">{\"@context\":\"https:\/\/schema.org\",\"@graph\":[{\"@type\":\"WebSite\",\"@id\":\"https:\/\/www.grafitgradev.se\/no\/#website\",\"url\":\"https:\/\/www.grafitgradev.se\/no\/\",\"name\":\"Grafitgr\\u00e5 - Norge\",\"description\":\"Grafitgr\\u00e5 Norway\",\"potentialAction\":[{\"@type\":\"SearchAction\",\"target\":\"https:\/\/www.grafitgradev.se\/no\/?s={search_term_string}\",\"query-input\":\"required name=search_term_string\"}],\"inLanguage\":\"nb-NO\"},{\"@type\":\"ImageObject\",\"@id\":\"https:\/\/www.grafitgradev.se\/no\/produkt\/print-gudomligt-3-pack\/#primaryimage\",\"inLanguage\":\"nb-NO\",\"url\":\"https:\/\/www.grafitgradev.se\/no\/wp-content\/uploads\/sites\/5\/2020\/06\/produktbild_gudomligt3i12.png\",\"width\":2362,\"height\":1575},{\"@type\":\"WebPage\",\"@id\":\"https:\/\/www.grafitgradev.se\/no\/produkt\/print-gudomligt-3-pack\/#webpage\",\"url\":\"https:\/\/www.grafitgradev.se\/no\/produkt\/print-gudomligt-3-pack\/\",\"name\":\"Trykk Gudomligt 3-pakk - Grafitgr\\u00e5 - Norge\",\"isPartOf\":{\"@id\":\"https:\/\/www.grafitgradev.se\/no\/#website\"},\"primaryImageOfPage\":{\"@id\":\"https:\/\/www.grafitgradev.se\/no\/produkt\/print-gudomligt-3-pack\/#primaryimage\"},\"datePublished\":\"2020-06-29T14:19:19+00:00\",\"dateModified\":\"2020-09-30T08:41:54+00:00\",\"inLanguage\":\"nb-NO\",\"potentialAction\":[{\"@type\":\"ReadAction\",\"target\":[\"https:\/\/www.grafitgradev.se\/no\/produkt\/print-gudomligt-3-pack\/\"]}]}]}<\/script>\n<!-- \/ Yoast SEO plugin. -->","_links":{"self":[{"href":"https:\/\/www.grafitgradev.se\/no\/wp-json\/wp\/v2\/product\/4608"}],"collection":[{"href":"https:\/\/www.grafitgradev.se\/no\/wp-json\/wp\/v2\/product"}],"about":[{"href":"https:\/\/www.grafitgradev.se\/no\/wp-json\/wp\/v2\/types\/product"}],"wp:featuredmedia":[{"embeddable":true,"href":"https:\/\/www.grafitgradev.se\/no\/wp-json\/wp\/v2\/media\/5192"}],"wp:attachment":[{"href":"https:\/\/www.grafitgradev.se\/no\/wp-json\/wp\/v2\/media?parent=4608"}],"curies":[{"name":"wp","href":"https:\/\/api.w.org\/{rel}","templated":true}]}}