{"id":4633,"date":"2020-06-29T16:20:55","date_gmt":"2020-06-29T14:20:55","guid":{"rendered":"https:\/\/www.grafitgradev.se\/no\/produkt\/import-placeholder-for-1223\/"},"modified":"2020-10-24T15:52:11","modified_gmt":"2020-10-24T13:52:11","slug":"mattallrik-raw","status":"publish","type":"product","link":"https:\/\/www.grafitgradev.se\/no\/produkt\/mattallrik-raw\/","title":{"rendered":"Middagstallerken RAW"},"content":{"rendered":"<p>Serien RAW i vakkert steingods, spennende med sin kontrast mellom glans og matthet p\u00e5 utsiden. Steint\u00f8ysfabrikken S\u00f8holm ble startet p\u00e5 Bornholm i Danmark i 1835. Flere generasjoner med arbeid har fortsatt siden den gang. Designet av: Christiane Schaumburg-M\u00fcller.<\/p>\n<p>Porselenet kan vaskes i maskin.<\/p>\n<p>Andre produkter i serien:<\/p>\n<p><a href=\"https:\/\/www.grafitgra.se\/produkt\/mugg\/\"><strong>Krus RAW<\/strong><\/a><br \/>\n<a href=\"https:\/\/www.grafitgra.se\/produkt\/assiette\/\"><strong>Asjett RAW<\/strong><\/a><br \/>\n<a href=\"https:\/\/www.grafitgra.se\/produkt\/skal-liten\/\"><strong>Sk\u00e5l liten RAW<\/strong><\/a><br \/>\n<a href=\"https:\/\/www.grafitgra.se\/produkt\/skal-mellan\/\"><strong>Sk\u00e5l middels RAW<\/strong><\/a><br \/>\n<a href=\"https:\/\/www.grafitgra.se\/produkt\/skal-stor\/\"><strong>Sk\u00e5l stor RAW<\/strong><\/a><\/p>\n<p>&nbsp;<\/p>\n","protected":false},"excerpt":{"rendered":"<p>28,5&#215;1 cm<\/p>\n","protected":false},"featured_media":4712,"template":"","meta":[],"yoast_head":"<!-- This site is optimized with the Yoast SEO plugin v15.2.1 - https:\/\/yoast.com\/wordpress\/plugins\/seo\/ -->\n<title>Middagstallerken RAW - Grafitgr\u00e5 - Norge<\/title>\n<meta name=\"robots\" content=\"index, follow, max-snippet:-1, max-image-preview:large, max-video-preview:-1\" \/>\n<link rel=\"canonical\" href=\"https:\/\/www.grafitgradev.se\/no\/produkt\/mattallrik-raw\/\" \/>\n<meta property=\"og:locale\" content=\"nb_NO\" \/>\n<meta property=\"og:type\" content=\"article\" \/>\n<meta property=\"og:title\" content=\"Middagstallerken RAW - Grafitgr\u00e5 - Norge\" \/>\n<meta property=\"og:description\" content=\"28,5x1 cm\" \/>\n<meta property=\"og:url\" content=\"https:\/\/www.grafitgradev.se\/no\/produkt\/mattallrik-raw\/\" \/>\n<meta property=\"og:site_name\" content=\"Grafitgr\u00e5 - Norge\" \/>\n<meta property=\"article:modified_time\" content=\"2020-10-24T13:52:11+00:00\" \/>\n<meta property=\"og:image\" content=\"https:\/\/www.grafitgradev.se\/no\/wp-content\/uploads\/sites\/5\/2020\/06\/IMG_9339-1.png\" \/>\n\t<meta property=\"og:image:width\" content=\"2000\" \/>\n\t<meta property=\"og:image:height\" content=\"1333\" \/>\n<meta name=\"twitter:card\" content=\"summary_large_image\" \/>\n<meta name=\"twitter:label1\" content=\"Skrevet av\">\n\t<meta name=\"twitter:data1\" content=\"Trafikbyr\u00e5n\">\n\t<meta name=\"twitter:label2\" content=\"Ansl. lesetid\">\n\t<meta name=\"twitter:data2\" content=\"0 minutter\">\n<script type=\"application\/ld+json\" class=\"yoast-schema-graph\">{\"@context\":\"https:\/\/schema.org\",\"@graph\":[{\"@type\":\"WebSite\",\"@id\":\"https:\/\/www.grafitgradev.se\/no\/#website\",\"url\":\"https:\/\/www.grafitgradev.se\/no\/\",\"name\":\"Grafitgr\\u00e5 - Norge\",\"description\":\"Grafitgr\\u00e5 Norway\",\"potentialAction\":[{\"@type\":\"SearchAction\",\"target\":\"https:\/\/www.grafitgradev.se\/no\/?s={search_term_string}\",\"query-input\":\"required name=search_term_string\"}],\"inLanguage\":\"nb-NO\"},{\"@type\":\"ImageObject\",\"@id\":\"https:\/\/www.grafitgradev.se\/no\/produkt\/mattallrik-raw\/#primaryimage\",\"inLanguage\":\"nb-NO\",\"url\":\"https:\/\/www.grafitgradev.se\/no\/wp-content\/uploads\/sites\/5\/2020\/06\/IMG_9339-1.png\",\"width\":2000,\"height\":1333},{\"@type\":\"WebPage\",\"@id\":\"https:\/\/www.grafitgradev.se\/no\/produkt\/mattallrik-raw\/#webpage\",\"url\":\"https:\/\/www.grafitgradev.se\/no\/produkt\/mattallrik-raw\/\",\"name\":\"Middagstallerken RAW - Grafitgr\\u00e5 - Norge\",\"isPartOf\":{\"@id\":\"https:\/\/www.grafitgradev.se\/no\/#website\"},\"primaryImageOfPage\":{\"@id\":\"https:\/\/www.grafitgradev.se\/no\/produkt\/mattallrik-raw\/#primaryimage\"},\"datePublished\":\"2020-06-29T14:20:55+00:00\",\"dateModified\":\"2020-10-24T13:52:11+00:00\",\"inLanguage\":\"nb-NO\",\"potentialAction\":[{\"@type\":\"ReadAction\",\"target\":[\"https:\/\/www.grafitgradev.se\/no\/produkt\/mattallrik-raw\/\"]}]}]}<\/script>\n<!-- \/ Yoast SEO plugin. -->","_links":{"self":[{"href":"https:\/\/www.grafitgradev.se\/no\/wp-json\/wp\/v2\/product\/4633"}],"collection":[{"href":"https:\/\/www.grafitgradev.se\/no\/wp-json\/wp\/v2\/product"}],"about":[{"href":"https:\/\/www.grafitgradev.se\/no\/wp-json\/wp\/v2\/types\/product"}],"wp:featuredmedia":[{"embeddable":true,"href":"https:\/\/www.grafitgradev.se\/no\/wp-json\/wp\/v2\/media\/4712"}],"wp:attachment":[{"href":"https:\/\/www.grafitgradev.se\/no\/wp-json\/wp\/v2\/media?parent=4633"}],"curies":[{"name":"wp","href":"https:\/\/api.w.org\/{rel}","templated":true}]}}