{"id":5122,"date":"2020-09-30T08:40:19","date_gmt":"2020-09-30T06:40:19","guid":{"rendered":"https:\/\/www.grafitgradev.se\/no\/?post_type=product&#038;p=5122"},"modified":"2020-10-24T15:11:49","modified_gmt":"2020-10-24T13:11:49","slug":"tidningsstall","status":"publish","type":"product","link":"https:\/\/www.grafitgradev.se\/no\/produkt\/tidningsstall\/","title":{"rendered":"Avisholder"},"content":{"rendered":"<p>Avisholder i metall for blader og b\u00f8ker. Kan brukes som nattbord p\u00e5 soverommet eller som en fin detalj p\u00e5 kj\u00f8kkenet eller i stuen.\u00a032x23x10cm.<\/p>\n<p>&nbsp;<\/p>\n","protected":false},"excerpt":{"rendered":"<p>32x23x10 cm<\/p>\n","protected":false},"featured_media":5123,"template":"","meta":[],"yoast_head":"<!-- This site is optimized with the Yoast SEO plugin v15.2.1 - https:\/\/yoast.com\/wordpress\/plugins\/seo\/ -->\n<title>Avisholder - Grafitgr\u00e5 - Norge<\/title>\n<meta name=\"robots\" content=\"index, follow, max-snippet:-1, max-image-preview:large, max-video-preview:-1\" \/>\n<link rel=\"canonical\" href=\"https:\/\/www.grafitgradev.se\/no\/produkt\/tidningsstall\/\" \/>\n<meta property=\"og:locale\" content=\"nb_NO\" \/>\n<meta property=\"og:type\" content=\"article\" \/>\n<meta property=\"og:title\" content=\"Avisholder - Grafitgr\u00e5 - Norge\" \/>\n<meta property=\"og:description\" content=\"32x23x10 cm\" \/>\n<meta property=\"og:url\" content=\"https:\/\/www.grafitgradev.se\/no\/produkt\/tidningsstall\/\" \/>\n<meta property=\"og:site_name\" content=\"Grafitgr\u00e5 - Norge\" \/>\n<meta property=\"article:modified_time\" content=\"2020-10-24T13:11:49+00:00\" \/>\n<meta property=\"og:image\" content=\"https:\/\/www.grafitgradev.se\/no\/wp-content\/uploads\/sites\/5\/2020\/09\/produktbild_tidningstall.png\" \/>\n\t<meta property=\"og:image:width\" content=\"2000\" \/>\n\t<meta property=\"og:image:height\" content=\"1333\" \/>\n<meta name=\"twitter:card\" content=\"summary_large_image\" \/>\n<meta name=\"twitter:label1\" content=\"Skrevet av\">\n\t<meta name=\"twitter:data1\" content=\"grafitgra\">\n\t<meta name=\"twitter:label2\" content=\"Ansl. lesetid\">\n\t<meta name=\"twitter:data2\" content=\"0 minutter\">\n<script type=\"application\/ld+json\" class=\"yoast-schema-graph\">{\"@context\":\"https:\/\/schema.org\",\"@graph\":[{\"@type\":\"WebSite\",\"@id\":\"https:\/\/www.grafitgradev.se\/no\/#website\",\"url\":\"https:\/\/www.grafitgradev.se\/no\/\",\"name\":\"Grafitgr\\u00e5 - Norge\",\"description\":\"Grafitgr\\u00e5 Norway\",\"potentialAction\":[{\"@type\":\"SearchAction\",\"target\":\"https:\/\/www.grafitgradev.se\/no\/?s={search_term_string}\",\"query-input\":\"required name=search_term_string\"}],\"inLanguage\":\"nb-NO\"},{\"@type\":\"ImageObject\",\"@id\":\"https:\/\/www.grafitgradev.se\/no\/produkt\/tidningsstall\/#primaryimage\",\"inLanguage\":\"nb-NO\",\"url\":\"https:\/\/www.grafitgradev.se\/no\/wp-content\/uploads\/sites\/5\/2020\/09\/produktbild_tidningstall.png\",\"width\":2000,\"height\":1333},{\"@type\":\"WebPage\",\"@id\":\"https:\/\/www.grafitgradev.se\/no\/produkt\/tidningsstall\/#webpage\",\"url\":\"https:\/\/www.grafitgradev.se\/no\/produkt\/tidningsstall\/\",\"name\":\"Avisholder - Grafitgr\\u00e5 - Norge\",\"isPartOf\":{\"@id\":\"https:\/\/www.grafitgradev.se\/no\/#website\"},\"primaryImageOfPage\":{\"@id\":\"https:\/\/www.grafitgradev.se\/no\/produkt\/tidningsstall\/#primaryimage\"},\"datePublished\":\"2020-09-30T06:40:19+00:00\",\"dateModified\":\"2020-10-24T13:11:49+00:00\",\"inLanguage\":\"nb-NO\",\"potentialAction\":[{\"@type\":\"ReadAction\",\"target\":[\"https:\/\/www.grafitgradev.se\/no\/produkt\/tidningsstall\/\"]}]}]}<\/script>\n<!-- \/ Yoast SEO plugin. -->","_links":{"self":[{"href":"https:\/\/www.grafitgradev.se\/no\/wp-json\/wp\/v2\/product\/5122"}],"collection":[{"href":"https:\/\/www.grafitgradev.se\/no\/wp-json\/wp\/v2\/product"}],"about":[{"href":"https:\/\/www.grafitgradev.se\/no\/wp-json\/wp\/v2\/types\/product"}],"wp:featuredmedia":[{"embeddable":true,"href":"https:\/\/www.grafitgradev.se\/no\/wp-json\/wp\/v2\/media\/5123"}],"wp:attachment":[{"href":"https:\/\/www.grafitgradev.se\/no\/wp-json\/wp\/v2\/media?parent=5122"}],"curies":[{"name":"wp","href":"https:\/\/api.w.org\/{rel}","templated":true}]}}