{"id":5148,"date":"2020-09-30T09:31:38","date_gmt":"2020-09-30T07:31:38","guid":{"rendered":"https:\/\/www.grafitgradev.se\/no\/?post_type=product&#038;p=5148"},"modified":"2020-10-24T16:20:12","modified_gmt":"2020-10-24T14:20:12","slug":"betonglampa-rund","status":"publish","type":"product","link":"https:\/\/www.grafitgradev.se\/no\/produkt\/betonglampa-rund\/","title":{"rendered":"Betonglampe rund"},"content":{"rendered":"<p>Lampe i betong med gr\u00e5 stoffkabel. Kabellengde: 105 cm, takkontakt medf\u00f8lger ikke. Lampen er 14 cm bred og 16,5 cm h\u00f8y.<\/p>\n<p>&nbsp;<\/p>\n<p>Som en by p\u00e5 toppen av et fjell, med dens glitrende skinn som lyser opp omgivelsene, f\u00e5r du v\u00e6re et lys for dine omgivelser. Du kan f\u00e5 lyse opp veien for noen og hjelpe noen videre. Lyser f\u00f8rer alltid fremover, det f\u00f8rer til h\u00e5p og fred. Velg lysets vei og se hvordan h\u00e5pet stadig forvandler og fornyer. Du er verdens lys.<\/p>\n<p>&nbsp;<\/p>\n","protected":false},"excerpt":{"rendered":"<p>15\u00d716,5 cm<\/p>\n","protected":false},"featured_media":5150,"template":"","meta":[],"yoast_head":"<!-- This site is optimized with the Yoast SEO plugin v15.2.1 - https:\/\/yoast.com\/wordpress\/plugins\/seo\/ -->\n<title>Betonglampe rund - Grafitgr\u00e5 - Norge<\/title>\n<meta name=\"robots\" content=\"index, follow, max-snippet:-1, max-image-preview:large, max-video-preview:-1\" \/>\n<link rel=\"canonical\" href=\"https:\/\/www.grafitgradev.se\/no\/produkt\/betonglampa-rund\/\" \/>\n<meta property=\"og:locale\" content=\"nb_NO\" \/>\n<meta property=\"og:type\" content=\"article\" \/>\n<meta property=\"og:title\" content=\"Betonglampe rund - Grafitgr\u00e5 - Norge\" \/>\n<meta property=\"og:description\" content=\"15\u00d716,5 cm\" \/>\n<meta property=\"og:url\" content=\"https:\/\/www.grafitgradev.se\/no\/produkt\/betonglampa-rund\/\" \/>\n<meta property=\"og:site_name\" content=\"Grafitgr\u00e5 - Norge\" \/>\n<meta property=\"article:modified_time\" content=\"2020-10-24T14:20:12+00:00\" \/>\n<meta property=\"og:image\" content=\"https:\/\/www.grafitgradev.se\/no\/wp-content\/uploads\/sites\/5\/2020\/09\/produktbild_betonglampa_rund2-copy.png\" \/>\n\t<meta property=\"og:image:width\" content=\"1500\" \/>\n\t<meta property=\"og:image:height\" content=\"1000\" \/>\n<meta name=\"twitter:card\" content=\"summary_large_image\" \/>\n<meta name=\"twitter:label1\" content=\"Skrevet av\">\n\t<meta name=\"twitter:data1\" content=\"grafitgra\">\n\t<meta name=\"twitter:label2\" content=\"Ansl. lesetid\">\n\t<meta name=\"twitter:data2\" content=\"0 minutter\">\n<script type=\"application\/ld+json\" class=\"yoast-schema-graph\">{\"@context\":\"https:\/\/schema.org\",\"@graph\":[{\"@type\":\"WebSite\",\"@id\":\"https:\/\/www.grafitgradev.se\/no\/#website\",\"url\":\"https:\/\/www.grafitgradev.se\/no\/\",\"name\":\"Grafitgr\\u00e5 - Norge\",\"description\":\"Grafitgr\\u00e5 Norway\",\"potentialAction\":[{\"@type\":\"SearchAction\",\"target\":\"https:\/\/www.grafitgradev.se\/no\/?s={search_term_string}\",\"query-input\":\"required name=search_term_string\"}],\"inLanguage\":\"nb-NO\"},{\"@type\":\"ImageObject\",\"@id\":\"https:\/\/www.grafitgradev.se\/no\/produkt\/betonglampa-rund\/#primaryimage\",\"inLanguage\":\"nb-NO\",\"url\":\"https:\/\/www.grafitgradev.se\/no\/wp-content\/uploads\/sites\/5\/2020\/09\/produktbild_betonglampa_rund2-copy.png\",\"width\":1500,\"height\":1000},{\"@type\":\"WebPage\",\"@id\":\"https:\/\/www.grafitgradev.se\/no\/produkt\/betonglampa-rund\/#webpage\",\"url\":\"https:\/\/www.grafitgradev.se\/no\/produkt\/betonglampa-rund\/\",\"name\":\"Betonglampe rund - Grafitgr\\u00e5 - Norge\",\"isPartOf\":{\"@id\":\"https:\/\/www.grafitgradev.se\/no\/#website\"},\"primaryImageOfPage\":{\"@id\":\"https:\/\/www.grafitgradev.se\/no\/produkt\/betonglampa-rund\/#primaryimage\"},\"datePublished\":\"2020-09-30T07:31:38+00:00\",\"dateModified\":\"2020-10-24T14:20:12+00:00\",\"inLanguage\":\"nb-NO\",\"potentialAction\":[{\"@type\":\"ReadAction\",\"target\":[\"https:\/\/www.grafitgradev.se\/no\/produkt\/betonglampa-rund\/\"]}]}]}<\/script>\n<!-- \/ Yoast SEO plugin. -->","_links":{"self":[{"href":"https:\/\/www.grafitgradev.se\/no\/wp-json\/wp\/v2\/product\/5148"}],"collection":[{"href":"https:\/\/www.grafitgradev.se\/no\/wp-json\/wp\/v2\/product"}],"about":[{"href":"https:\/\/www.grafitgradev.se\/no\/wp-json\/wp\/v2\/types\/product"}],"wp:featuredmedia":[{"embeddable":true,"href":"https:\/\/www.grafitgradev.se\/no\/wp-json\/wp\/v2\/media\/5150"}],"wp:attachment":[{"href":"https:\/\/www.grafitgradev.se\/no\/wp-json\/wp\/v2\/media?parent=5148"}],"curies":[{"name":"wp","href":"https:\/\/api.w.org\/{rel}","templated":true}]}}