{"id":5180,"date":"2020-09-30T10:23:47","date_gmt":"2020-09-30T08:23:47","guid":{"rendered":"https:\/\/www.grafitgradev.se\/no\/?post_type=product&#038;p=5180"},"modified":"2020-10-27T08:56:02","modified_gmt":"2020-10-27T07:56:02","slug":"adventsljusstake","status":"publish","type":"product","link":"https:\/\/www.grafitgradev.se\/no\/produkt\/adventsljusstake\/","title":{"rendered":"Adventslysestake"},"content":{"rendered":"<p>Adventslysestake for syv lys. Den klassiske buen, som vi har sett i hjemmet i mange \u00e5r, har n\u00e5 f\u00e5tt nytt liv med de levende lysene. Lysestaken finnes i hvitt og klarlakkert gr\u00e5, for kronelys. Vakker i vinduet eller p\u00e5 en benk i rommet. En ny juleklassiker!<\/p>\n<p>&nbsp;<\/p>\n<p>Advent. En forventningenes tid. Glede over \u00e5 f\u00e5 feire lyset. En lengsel kaller oss til \u00e5 tenne adventsstaken med de levende lysene. Vi lytter til fortellingen fra fordums tider som gir ekko i v\u00e5r tid. Blant oss i dag. De kommer fra evighetens rom. Og de vitner om h\u00e5p. Ensomhet og uro m\u00e5 vike for n\u00e6rheten, n\u00e5r budskapet som n\u00e5r verden hvisker enkelt og tydelig: &#8211; Du er ikke alene lenger. Tro p\u00e5 Gud og tro p\u00e5 meg. Jeg er lyset som har kommet for \u00e5 for alltid overvinne m\u00f8rket, og mitt skimmer vil etterlate spor p\u00e5 jorden i hver ny dag som kommer.<\/p>\n<p>&nbsp;<\/p>\n","protected":false},"excerpt":{"rendered":"<div class=\"woocommerce-product-details__short-description\">\n<p>45\u00d750 cm<\/p>\n<\/div>\n","protected":false},"featured_media":5183,"template":"","meta":[],"yoast_head":"<!-- This site is optimized with the Yoast SEO plugin v15.2.1 - https:\/\/yoast.com\/wordpress\/plugins\/seo\/ -->\n<title>Adventslysestake - Grafitgr\u00e5 - Norge<\/title>\n<meta name=\"robots\" content=\"index, follow, max-snippet:-1, max-image-preview:large, max-video-preview:-1\" \/>\n<link rel=\"canonical\" href=\"https:\/\/www.grafitgradev.se\/no\/produkt\/adventsljusstake\/\" \/>\n<meta property=\"og:locale\" content=\"nb_NO\" \/>\n<meta property=\"og:type\" content=\"article\" \/>\n<meta property=\"og:title\" content=\"Adventslysestake - Grafitgr\u00e5 - Norge\" \/>\n<meta property=\"og:description\" content=\"45\u00d750 cm\" \/>\n<meta property=\"og:url\" content=\"https:\/\/www.grafitgradev.se\/no\/produkt\/adventsljusstake\/\" \/>\n<meta property=\"og:site_name\" content=\"Grafitgr\u00e5 - Norge\" \/>\n<meta property=\"article:modified_time\" content=\"2020-10-27T07:56:02+00:00\" \/>\n<meta property=\"og:image\" content=\"https:\/\/www.grafitgradev.se\/no\/wp-content\/uploads\/sites\/5\/2020\/09\/produktbild_adventsljusstake_vit_gra-copy.png\" \/>\n\t<meta property=\"og:image:width\" content=\"1500\" \/>\n\t<meta property=\"og:image:height\" content=\"1000\" \/>\n<meta name=\"twitter:card\" content=\"summary_large_image\" \/>\n<meta name=\"twitter:label1\" content=\"Skrevet av\">\n\t<meta name=\"twitter:data1\" content=\"grafitgra\">\n\t<meta name=\"twitter:label2\" content=\"Ansl. lesetid\">\n\t<meta name=\"twitter:data2\" content=\"1 minutt\">\n<script type=\"application\/ld+json\" class=\"yoast-schema-graph\">{\"@context\":\"https:\/\/schema.org\",\"@graph\":[{\"@type\":\"WebSite\",\"@id\":\"https:\/\/www.grafitgradev.se\/no\/#website\",\"url\":\"https:\/\/www.grafitgradev.se\/no\/\",\"name\":\"Grafitgr\\u00e5 - Norge\",\"description\":\"Grafitgr\\u00e5 Norway\",\"potentialAction\":[{\"@type\":\"SearchAction\",\"target\":\"https:\/\/www.grafitgradev.se\/no\/?s={search_term_string}\",\"query-input\":\"required name=search_term_string\"}],\"inLanguage\":\"nb-NO\"},{\"@type\":\"ImageObject\",\"@id\":\"https:\/\/www.grafitgradev.se\/no\/produkt\/adventsljusstake\/#primaryimage\",\"inLanguage\":\"nb-NO\",\"url\":\"https:\/\/www.grafitgradev.se\/no\/wp-content\/uploads\/sites\/5\/2020\/09\/produktbild_adventsljusstake_vit_gra-copy.png\",\"width\":1500,\"height\":1000},{\"@type\":\"WebPage\",\"@id\":\"https:\/\/www.grafitgradev.se\/no\/produkt\/adventsljusstake\/#webpage\",\"url\":\"https:\/\/www.grafitgradev.se\/no\/produkt\/adventsljusstake\/\",\"name\":\"Adventslysestake - Grafitgr\\u00e5 - Norge\",\"isPartOf\":{\"@id\":\"https:\/\/www.grafitgradev.se\/no\/#website\"},\"primaryImageOfPage\":{\"@id\":\"https:\/\/www.grafitgradev.se\/no\/produkt\/adventsljusstake\/#primaryimage\"},\"datePublished\":\"2020-09-30T08:23:47+00:00\",\"dateModified\":\"2020-10-27T07:56:02+00:00\",\"inLanguage\":\"nb-NO\",\"potentialAction\":[{\"@type\":\"ReadAction\",\"target\":[\"https:\/\/www.grafitgradev.se\/no\/produkt\/adventsljusstake\/\"]}]}]}<\/script>\n<!-- \/ Yoast SEO plugin. -->","_links":{"self":[{"href":"https:\/\/www.grafitgradev.se\/no\/wp-json\/wp\/v2\/product\/5180"}],"collection":[{"href":"https:\/\/www.grafitgradev.se\/no\/wp-json\/wp\/v2\/product"}],"about":[{"href":"https:\/\/www.grafitgradev.se\/no\/wp-json\/wp\/v2\/types\/product"}],"wp:featuredmedia":[{"embeddable":true,"href":"https:\/\/www.grafitgradev.se\/no\/wp-json\/wp\/v2\/media\/5183"}],"wp:attachment":[{"href":"https:\/\/www.grafitgradev.se\/no\/wp-json\/wp\/v2\/media?parent=5180"}],"curies":[{"name":"wp","href":"https:\/\/api.w.org\/{rel}","templated":true}]}}