{"id":5391,"date":"2020-10-29T13:17:57","date_gmt":"2020-10-29T12:17:57","guid":{"rendered":"https:\/\/www.grafitgradev.se\/no\/?post_type=product&#038;p=5391"},"modified":"2020-10-29T13:17:57","modified_gmt":"2020-10-29T12:17:57","slug":"tovet-ullkurv","status":"publish","type":"product","link":"https:\/\/www.grafitgradev.se\/no\/produkt\/tovet-ullkurv\/","title":{"rendered":"Tovet ullkurv"},"content":{"rendered":"<p>H\u00e5ndtovet glatt ullkurv, til diverse oppbevaring eller blomster. Vakker i sin enkle og uperfekte form. Ingen kurv er n\u00f8yaktig lik en annen. Fin \u00e5 kombinere med v\u00e5re andre ullkurver.<br \/>\nDenne ullkurven er laget av h\u00e5ndtover ull. Hver ullkule blir tovet for h\u00e5nd og sys deretter sammen til et helhetlig produkt. Et fantastisk h\u00e5ndverk. Det er 100% ull av h\u00f8yeste kvalitet.<\/p>\n<p>&nbsp;<\/p>\n<p>Disse utrolig fine produktene er laget for h\u00e5nd av kvinner i Nepal. De st\u00e5r bak et firma som jobber for kvinners rettigheter og verdi, og for dem er det viktig \u00e5 gi kvinner arbeid under rettferdige forhold. De har stor entusiasme og gl\u00f8r for arbeidet de gj\u00f8r, og kontakten vi har med dem er utrolig inspirerende. Produktene er laget under fair-trade. N\u00e5r du bestiller disse fine produktene, er du med og st\u00f8tter dette prosjektet, og gir arbeid til flere kvinner i Nepal.<\/p>\n<p>&nbsp;<\/p>\n","protected":false},"excerpt":{"rendered":"<p>ca 20&#215;15 cm\/ca 25&#215;25 cm\/ca 40cmx30 cm<\/p>\n","protected":false},"featured_media":5392,"template":"","meta":[],"yoast_head":"<!-- This site is optimized with the Yoast SEO plugin v15.2.1 - https:\/\/yoast.com\/wordpress\/plugins\/seo\/ -->\n<title>Tovet ullkurv - Grafitgr\u00e5 - Norge<\/title>\n<meta name=\"robots\" content=\"index, follow, max-snippet:-1, max-image-preview:large, max-video-preview:-1\" \/>\n<link rel=\"canonical\" href=\"https:\/\/www.grafitgradev.se\/no\/produkt\/tovet-ullkurv\/\" \/>\n<meta property=\"og:locale\" content=\"nb_NO\" \/>\n<meta property=\"og:type\" content=\"article\" \/>\n<meta property=\"og:title\" content=\"Tovet ullkurv - Grafitgr\u00e5 - Norge\" \/>\n<meta property=\"og:description\" content=\"ca 20x15 cm\/ca 25x25 cm\/ca 40cmx30 cm\" \/>\n<meta property=\"og:url\" content=\"https:\/\/www.grafitgradev.se\/no\/produkt\/tovet-ullkurv\/\" \/>\n<meta property=\"og:site_name\" content=\"Grafitgr\u00e5 - Norge\" \/>\n<meta property=\"og:image\" content=\"https:\/\/www.grafitgradev.se\/no\/wp-content\/uploads\/sites\/5\/2020\/10\/produktbild_tovad_ullkorg.png\" \/>\n\t<meta property=\"og:image:width\" content=\"1500\" \/>\n\t<meta property=\"og:image:height\" content=\"1000\" \/>\n<meta name=\"twitter:card\" content=\"summary_large_image\" \/>\n<meta name=\"twitter:label1\" content=\"Skrevet av\">\n\t<meta name=\"twitter:data1\" content=\"grafitgra\">\n\t<meta name=\"twitter:label2\" content=\"Ansl. lesetid\">\n\t<meta name=\"twitter:data2\" content=\"1 minutt\">\n<script type=\"application\/ld+json\" class=\"yoast-schema-graph\">{\"@context\":\"https:\/\/schema.org\",\"@graph\":[{\"@type\":\"WebSite\",\"@id\":\"https:\/\/www.grafitgradev.se\/no\/#website\",\"url\":\"https:\/\/www.grafitgradev.se\/no\/\",\"name\":\"Grafitgr\\u00e5 - Norge\",\"description\":\"Grafitgr\\u00e5 Norway\",\"potentialAction\":[{\"@type\":\"SearchAction\",\"target\":\"https:\/\/www.grafitgradev.se\/no\/?s={search_term_string}\",\"query-input\":\"required name=search_term_string\"}],\"inLanguage\":\"nb-NO\"},{\"@type\":\"ImageObject\",\"@id\":\"https:\/\/www.grafitgradev.se\/no\/produkt\/tovet-ullkurv\/#primaryimage\",\"inLanguage\":\"nb-NO\",\"url\":\"https:\/\/www.grafitgradev.se\/no\/wp-content\/uploads\/sites\/5\/2020\/10\/produktbild_tovad_ullkorg.png\",\"width\":1500,\"height\":1000},{\"@type\":\"WebPage\",\"@id\":\"https:\/\/www.grafitgradev.se\/no\/produkt\/tovet-ullkurv\/#webpage\",\"url\":\"https:\/\/www.grafitgradev.se\/no\/produkt\/tovet-ullkurv\/\",\"name\":\"Tovet ullkurv - Grafitgr\\u00e5 - Norge\",\"isPartOf\":{\"@id\":\"https:\/\/www.grafitgradev.se\/no\/#website\"},\"primaryImageOfPage\":{\"@id\":\"https:\/\/www.grafitgradev.se\/no\/produkt\/tovet-ullkurv\/#primaryimage\"},\"datePublished\":\"2020-10-29T12:17:57+00:00\",\"dateModified\":\"2020-10-29T12:17:57+00:00\",\"inLanguage\":\"nb-NO\",\"potentialAction\":[{\"@type\":\"ReadAction\",\"target\":[\"https:\/\/www.grafitgradev.se\/no\/produkt\/tovet-ullkurv\/\"]}]}]}<\/script>\n<!-- \/ Yoast SEO plugin. -->","_links":{"self":[{"href":"https:\/\/www.grafitgradev.se\/no\/wp-json\/wp\/v2\/product\/5391"}],"collection":[{"href":"https:\/\/www.grafitgradev.se\/no\/wp-json\/wp\/v2\/product"}],"about":[{"href":"https:\/\/www.grafitgradev.se\/no\/wp-json\/wp\/v2\/types\/product"}],"wp:featuredmedia":[{"embeddable":true,"href":"https:\/\/www.grafitgradev.se\/no\/wp-json\/wp\/v2\/media\/5392"}],"wp:attachment":[{"href":"https:\/\/www.grafitgradev.se\/no\/wp-json\/wp\/v2\/media?parent=5391"}],"curies":[{"name":"wp","href":"https:\/\/api.w.org\/{rel}","templated":true}]}}